{"id":7980,"date":"2021-09-21T12:58:01","date_gmt":"2021-09-21T10:58:01","guid":{"rendered":"https:\/\/fh-staging.vengo.cloud\/?product=gottlieber-schatzkistli-teatime"},"modified":"2025-12-02T11:31:08","modified_gmt":"2025-12-02T10:31:08","slug":"gottlieber-schatzkistli-teatime","status":"publish","type":"product","link":"https:\/\/fh-staging.vengo.cloud\/de-ch\/p\/gottlieber-schatzkistli-teatime","title":{"rendered":"Gottlieber Schatzkistli \u00abTeatime\u00bb"},"content":{"rendered":"<p>Aromatisierter Fr\u00fcchtetee aus Apfel, Hibiskus, Orange &amp; Pfirsich und Weisstee mit roten Pfefferperlen: Das Schatzkistli \u00abTeatime\u00bb vereint unsere zwei beliebten Gottlieber Tees \u00abFr\u00fcchterevolution\u00bb und \u00abWohlf\u00fchl-Wellness-Judihui\u00bb. F\u00fcr eine perfekte Zubereitung gibt es eine schwarze Gottlieber Tasse und ein Tee-Ei dazu. Alles sorgf\u00e4ltig angeordnet in unserem sch\u00f6nen Schatzkistli.<\/p>\n<p>Wohlf\u00fchl-Wellness-Judihui: Die Bl\u00e4tter und Knospen des edlen Weisstees werden frisch gepfl\u00fcckt zuerst der Sonne und anschliessend dem k\u00fchlen Schatten ausgesetzt. Die roten Beeren und Pfefferperlen lassen die langen, silberfarbenen Bl\u00e4tter dieser Sorte gleich doppelt gl\u00e4nzen. Delikat, zeitlos und leicht pikant.<\/p>\n<p>Fr\u00fcchterevolution: Die saftigen Pfirsichst\u00fccke und ein Hauch Vanille machen diese Mischung ausgezeichnet. Nat\u00fcrlich reich an Vitaminen, Mineralien und Antioxidans &#8211; ohne Tein und Koffein.<\/p>\n<p>Das Gottlieber Schatzkistli \u00abTeatime\u00bb ist in unserer eleganten, schwarz-weissen Klappbox aus festem Karton mit Magnetverschluss verpackt (wiederverwendbar).<\/p>\n<p><strong>Inhalt:<br \/>\n<\/strong>Fr\u00fcchtetee \u00abFr\u00fcchterevolution\u00bb, 100g<br \/>\nWeisstee \u00abWohlf\u00fchl-Wellness-Judihui\u00bb, 50g<br \/>\nGottlieber Tasse mit Tee-Ei<br \/>\nElegante Klappbox aus festem Karton im schwarz-weissen Streifendesign mit Magnetverschluss (wiederverwendbar)<\/p>\n<p><strong>Masse<\/strong><br \/>\n210 x 297 x 105mm<\/p>\n<p><a href=\"https:\/\/www.gottlieber.ch\/de\/online-shop\/naehrwertinformationen\" target=\"_blank\" rel=\"noopener\">N\u00e4hrwertinformationen und Allergikerhinweise<\/a><\/p>\n","protected":false},"excerpt":{"rendered":"<p>Gottlieber Schatzkistli \u00abTEATIME\u00bb in der eleganten Geschenkbox<\/p>\n","protected":false},"featured_media":7981,"template":"","meta":[],"product_brand":[],"product_cat":[956,1003,999,909,916,42,114,885,52,54],"product_tag":[286],"woo-feed-brand":[],"class_list":{"0":"post-7980","1":"product","2":"type-product","3":"status-publish","4":"has-post-thumbnail","6":"product_cat-tee","7":"product_cat-fuer-sie","8":"product_cat-valentinstag","9":"product_cat-weihnachten","10":"product_cat-praesente","11":"product_cat-kueche","12":"product_cat-schokolade-sweets","13":"product_cat-koestlichkeiten","14":"product_cat-geschenke","15":"product_cat-feinkost","16":"product_tag-gottlieber-spezialitaten-ag","18":"first","19":"instock","20":"taxable","21":"shipping-taxable","22":"purchasable","23":"product-type-simple"},"_links":{"self":[{"href":"https:\/\/fh-staging.vengo.cloud\/de-ch\/wp-json\/wp\/v2\/product\/7980","targetHints":{"allow":["GET"]}}],"collection":[{"href":"https:\/\/fh-staging.vengo.cloud\/de-ch\/wp-json\/wp\/v2\/product"}],"about":[{"href":"https:\/\/fh-staging.vengo.cloud\/de-ch\/wp-json\/wp\/v2\/types\/product"}],"wp:featuredmedia":[{"embeddable":true,"href":"https:\/\/fh-staging.vengo.cloud\/de-ch\/wp-json\/wp\/v2\/media\/7981"}],"wp:attachment":[{"href":"https:\/\/fh-staging.vengo.cloud\/de-ch\/wp-json\/wp\/v2\/media?parent=7980"}],"wp:term":[{"taxonomy":"product_brand","embeddable":true,"href":"https:\/\/fh-staging.vengo.cloud\/de-ch\/wp-json\/wp\/v2\/product_brand?post=7980"},{"taxonomy":"product_cat","embeddable":true,"href":"https:\/\/fh-staging.vengo.cloud\/de-ch\/wp-json\/wp\/v2\/product_cat?post=7980"},{"taxonomy":"product_tag","embeddable":true,"href":"https:\/\/fh-staging.vengo.cloud\/de-ch\/wp-json\/wp\/v2\/product_tag?post=7980"},{"taxonomy":"woo-feed-brand","embeddable":true,"href":"https:\/\/fh-staging.vengo.cloud\/de-ch\/wp-json\/wp\/v2\/woo-feed-brand?post=7980"}],"curies":[{"name":"wp","href":"https:\/\/api.w.org\/{rel}","templated":true}]}}