{"id":7536,"date":"2021-02-17T13:09:19","date_gmt":"2021-02-17T13:09:19","guid":{"rendered":"https:\/\/fh-staging.vengo.cloud\/?product=hochbeet-urban-garden-trolley-verzinkt"},"modified":"2025-05-12T14:32:05","modified_gmt":"2025-05-12T12:32:05","slug":"hochbeet-urban-garden-trolley-verzinkt","status":"publish","type":"product","link":"https:\/\/fh-staging.vengo.cloud\/de-ch\/p\/hochbeet-urban-garden-trolley-verzinkt","title":{"rendered":"Hochbeet Urban Garden Trolley verzinkt"},"content":{"rendered":"<p><span class=\"text-truncation__more\">Ideal f\u00fcr Ihren Urban Garden f\u00fcr draussen auf dem Balkon, Terrasse oder im Garten sind die Pflanztrolleys von Herstera mit einer grossen Auswahl an Farben. Diese Pflanztrolleys sind r\u00fcckenschonend wegen der ergonomischen Stehh\u00f6he. Das moderne Hochbeet aus Metall bietet gen\u00fcgend Bodentiefe um Gem\u00fcse, Kr\u00e4uter und Blumen anzup\ufb02anzen. Einfach in der Montage und P\ufb02ege, platzsparend sowie resistent gegen Rost und schwankende Temperaturen.<\/span><\/p>\n","protected":false},"excerpt":{"rendered":"<p>Hochbeet aus hochwertigem verzinktem Stahl,<br \/>\n75x35x80cm, silber<\/p>\n","protected":false},"featured_media":7537,"template":"","meta":[],"product_brand":[],"product_cat":[38,1089,1088,34],"product_tag":[287],"woo-feed-brand":[],"class_list":{"0":"post-7536","1":"product","2":"type-product","3":"status-publish","4":"has-post-thumbnail","6":"product_cat-hochbeete","7":"product_cat-hobbygaertner","8":"product_cat-vatertag","9":"product_cat-garten-balkon","10":"product_tag-urbangardeningshop-ch","12":"first","13":"instock","14":"featured","15":"taxable","16":"shipping-taxable","17":"purchasable","18":"product-type-simple"},"_links":{"self":[{"href":"https:\/\/fh-staging.vengo.cloud\/de-ch\/wp-json\/wp\/v2\/product\/7536","targetHints":{"allow":["GET"]}}],"collection":[{"href":"https:\/\/fh-staging.vengo.cloud\/de-ch\/wp-json\/wp\/v2\/product"}],"about":[{"href":"https:\/\/fh-staging.vengo.cloud\/de-ch\/wp-json\/wp\/v2\/types\/product"}],"wp:featuredmedia":[{"embeddable":true,"href":"https:\/\/fh-staging.vengo.cloud\/de-ch\/wp-json\/wp\/v2\/media\/7537"}],"wp:attachment":[{"href":"https:\/\/fh-staging.vengo.cloud\/de-ch\/wp-json\/wp\/v2\/media?parent=7536"}],"wp:term":[{"taxonomy":"product_brand","embeddable":true,"href":"https:\/\/fh-staging.vengo.cloud\/de-ch\/wp-json\/wp\/v2\/product_brand?post=7536"},{"taxonomy":"product_cat","embeddable":true,"href":"https:\/\/fh-staging.vengo.cloud\/de-ch\/wp-json\/wp\/v2\/product_cat?post=7536"},{"taxonomy":"product_tag","embeddable":true,"href":"https:\/\/fh-staging.vengo.cloud\/de-ch\/wp-json\/wp\/v2\/product_tag?post=7536"},{"taxonomy":"woo-feed-brand","embeddable":true,"href":"https:\/\/fh-staging.vengo.cloud\/de-ch\/wp-json\/wp\/v2\/woo-feed-brand?post=7536"}],"curies":[{"name":"wp","href":"https:\/\/api.w.org\/{rel}","templated":true}]}}