{"id":7505,"date":"2021-02-17T09:13:56","date_gmt":"2021-02-17T09:13:56","guid":{"rendered":"https:\/\/fh-staging.vengo.cloud\/?product=wurmkomposter-elfenbein"},"modified":"2025-05-12T14:32:14","modified_gmt":"2025-05-12T12:32:14","slug":"wurmkomposter-elfenbein","status":"publish","type":"product","link":"https:\/\/fh-staging.vengo.cloud\/de-ch\/p\/wurmkomposter-elfenbein","title":{"rendered":"Wurmkomposter Elfenbein"},"content":{"rendered":"<div class=\"product-description activetab\">\n<p>Der Wurmkomposter besteht aus dem Deckel, dem Bodenelment mit F\u00fcssen, zwei <a href=\"https:\/\/www.urbangardeningshop.ch\/shop\/urban-gardening-2\/wurmkomposter\/wurmbett-zu-wurmkomposter-gr\u00fcn-detail\" target=\"_blank\" rel=\"noopener\">Wurmschalen<\/a> (Wurmbett) und Zubeh\u00f6r. Zus\u00e4tzliche <a href=\"https:\/\/www.urbangardeningshop.ch\/shop\/urban-gardening-2\/wurmkomposter\/wurmbett-zu-wurmkomposter-gr\u00fcn-detail\" target=\"_blank\" rel=\"noopener\">Wurmschalen<\/a> k\u00f6nnen bestellt werden.<br \/>\nUnser Wurmkomposter ist aus : PP (Polypropylen) + Holz (Buche oder Esche)<\/p>\n<p>Geniessen Sie nicht nur gute gesunde Ern\u00e4hrung, sondern auch die Freude an eigenem Anbau. Alles beginnt und endet wieder auf dem Teller. Diesen Zyklus von Lebensmitteln nennt man Green Loop \u2013 gr\u00fcne Schlinge.<\/p>\n<p><strong>Entdecken Sie die Freude an der Verbindung mit der Natur<\/strong><\/p>\n<p>Die Grundlage der Philosophie Green Loop ist, mit Pflanzen und lebendem Material umzugehen, so dass der Teil, den wir sonst nicht anders verwenden k\u00f6nnen, in den nat\u00fcrlichen Kreislauf zur\u00fcckgehen kann. Das Design konzentriert sich auf die praktische Anwendbarkeit, einfache Reinigung und sorgt f\u00fcr die reibungslose Verarbeitung von Abf\u00e4llen ohne Geruch oder Schimmel. Befolgen Sie einfach ein paar einfache Regeln und Ihre neuen Helfer, Kompostw\u00fcrmer im Wurmkomposter Urbalive, wandeln Ihren organischen Abfall in Wurmkompost und Wurmtee um.<\/p>\n<p><strong>Wohin mit einem Wurmkomposter? In die Wohnung oder nach draussen? Welche Temperaturen schaffen die Kompostw\u00fcrmer?<\/strong><\/p>\n<p>Kompostierung mit Kompostw\u00fcrmern l\u00e4uft das ganze Jahr durch ab. Ein Wurmkomposter kann sowohl drinnen als auch draussen stehen. Es ist immer wichtig, den Kompostw\u00fcrmern eine optimale Temperatur von etwa 20 \u00b0 C und richtige Feuchtigkeit des Substrats zu gew\u00e4hrleisten. Im Winter soll der Wurmkomposter nicht ohne Isolierung draussen bleiben, er darf nicht durchfrieren. Im Sommer darf der Wurmkomposter nicht in der direkten Sonne stehen, sonst trocknet er aus. Die Temperatur im Wurmkomposter sollte nicht unter 5 \u00b0C fallen und nicht 25 \u00b0C \u00fcberschreiten.<\/p>\n<p><strong>Wie lange dauert es, die Reste in einem Wurmbett zu dem Kompost umzuwandeln?<\/strong><\/p>\n<p>Seien Sie geduldig, es dauert etwa 2-3 Monate. Die Tatsache, dass Sie bereits einen aktiven Wurmkomposter haben, erkennen Sie vor allem durch den Wurmtee.<\/p>\n<p><strong>Was soll ich mit dem Kompost oder Wurmtee machen, den ich nicht nutze?<\/strong><\/p>\n<p>Jeder, der Freude an Anbau hat, sch\u00e4tzt sowohl den Kompost, als auch den Wurmtee. Falls Sie keinen Menschen finden, der den Kompost f\u00fcr den Anbau nutzt, streuen Sie den Kompost an B\u00e4ume und Str\u00e4ucher. Sie k\u00f6nnen sogar auch Gef\u00e4sse mit \u00f6ffentlichen Gr\u00fcn d\u00fcngen. Genauso k\u00f6nnen Sie mit dem Wurmtee umgehen.<\/p>\n<p><strong>Wie ist der Wurmtee zu verwenden und wie zu verd\u00fcnnen?<\/strong><\/p>\n<p>Wurmtee ist ein ausgezeichneter Fl\u00fcssigd\u00fcnger f\u00fcr Kr\u00e4uter, Zimmerpflanzen aber auch f\u00fcr den Garten. Der Wurmtee ist reich an N\u00e4hrstoffen und Enzymen, hilft den Pflanzen beim Wachstum und sch\u00fctzt gegen Sch\u00e4dlinge. Der Wurmtee kann in eine Kunststoff- oder Glasflasche abgezogen werden. Idealerweise verd\u00fcnnt man den Tee mit Wasser im Verh\u00e4ltnis 1: 1. Mit diesem verd\u00fcnnten Wurmtee giessen Sie Ihre Pflanzen oder bespr\u00fchen Sie die Pflanzenbl\u00e4tter.<\/p>\n<p><strong>Wie oft sollen die Kompostw\u00fcrmer gef\u00fcttert werden? Kann ich einen l\u00e4ngeren Urlaub machen?<\/strong><\/p>\n<p>Urlaub ist kein Problem. Kompostw\u00fcrmer \u00fcberleben problemlos auch einen zweiw\u00f6chigen Hungerstreik. Ohne Nahrung halten die Kompostw\u00fcrmer h\u00f6chstens vier Wochen lang aus.<\/p>\n<\/div>\n<div class=\"product-description activetab\"><\/div>\n","protected":false},"excerpt":{"rendered":"<p>Dank des Wurmkomposter Urbalive werden die Speiseresten von zu Hause ein attraktives Futter f\u00fcr Ihre neuen Helfer \u2013 Kompostw\u00fcrmer. Diese Abf\u00e4lle werden einfach zum Naturd\u00fcnger verarbeitet, der optimale Ern\u00e4hrung und Schutz f\u00fcr Ihre Kr\u00e4uter, Obst und Gem\u00fcse bietet.<br \/>\nBreite: 50.5cm, H\u00f6he: 60.5cm, Tiefe: 38cm<\/p>\n","protected":false},"featured_media":7506,"template":"","meta":[],"product_brand":[],"product_cat":[39,1089,1088,34],"product_tag":[287],"woo-feed-brand":[],"class_list":{"0":"post-7505","1":"product","2":"type-product","3":"status-publish","4":"has-post-thumbnail","6":"product_cat-gartenzubehoer","7":"product_cat-hobbygaertner","8":"product_cat-vatertag","9":"product_cat-garten-balkon","10":"product_tag-urbangardeningshop-ch","12":"first","13":"instock","14":"taxable","15":"shipping-taxable","16":"purchasable","17":"product-type-simple"},"_links":{"self":[{"href":"https:\/\/fh-staging.vengo.cloud\/de-ch\/wp-json\/wp\/v2\/product\/7505","targetHints":{"allow":["GET"]}}],"collection":[{"href":"https:\/\/fh-staging.vengo.cloud\/de-ch\/wp-json\/wp\/v2\/product"}],"about":[{"href":"https:\/\/fh-staging.vengo.cloud\/de-ch\/wp-json\/wp\/v2\/types\/product"}],"wp:featuredmedia":[{"embeddable":true,"href":"https:\/\/fh-staging.vengo.cloud\/de-ch\/wp-json\/wp\/v2\/media\/7506"}],"wp:attachment":[{"href":"https:\/\/fh-staging.vengo.cloud\/de-ch\/wp-json\/wp\/v2\/media?parent=7505"}],"wp:term":[{"taxonomy":"product_brand","embeddable":true,"href":"https:\/\/fh-staging.vengo.cloud\/de-ch\/wp-json\/wp\/v2\/product_brand?post=7505"},{"taxonomy":"product_cat","embeddable":true,"href":"https:\/\/fh-staging.vengo.cloud\/de-ch\/wp-json\/wp\/v2\/product_cat?post=7505"},{"taxonomy":"product_tag","embeddable":true,"href":"https:\/\/fh-staging.vengo.cloud\/de-ch\/wp-json\/wp\/v2\/product_tag?post=7505"},{"taxonomy":"woo-feed-brand","embeddable":true,"href":"https:\/\/fh-staging.vengo.cloud\/de-ch\/wp-json\/wp\/v2\/woo-feed-brand?post=7505"}],"curies":[{"name":"wp","href":"https:\/\/api.w.org\/{rel}","templated":true}]}}