{"id":71705,"date":"2026-01-08T14:30:36","date_gmt":"2026-01-08T13:30:36","guid":{"rendered":"https:\/\/fh-staging.vengo.cloud\/de-ch\/?post_type=product&#038;p=71705"},"modified":"2026-01-09T10:07:47","modified_gmt":"2026-01-09T09:07:47","slug":"solarlicht-bug-light-ladybird","status":"publish","type":"product","link":"https:\/\/fh-staging.vengo.cloud\/de-ch\/p\/solarlicht-bug-light-ladybird","title":{"rendered":"Solarlicht Bug Light Ladybird"},"content":{"rendered":"<p>Verleihe deinem Garten oder Balkon mit unserem Leuchth\u00e4nger in Form eines Marienk\u00e4fers eine bezaubernde Dekoration. Dieser charmante Leuchth\u00e4nger f\u00fcgt sich perfekt in die Natur ein und schafft eine spielerische Atmosph\u00e4re.<\/p>\n<p>Gr\u00f6sse: 11.5 x 12.5 x 12 cm<\/p>\n","protected":false},"excerpt":{"rendered":"<p>Gr\u00f6sse: 11.5 x 12.5 x 12 cm<\/p>\n","protected":false},"featured_media":71706,"template":"","meta":[],"product_brand":[],"product_cat":[35,34,132],"product_tag":[973],"woo-feed-brand":[],"class_list":{"0":"post-71705","1":"product","2":"type-product","3":"status-publish","4":"has-post-thumbnail","6":"product_cat-gartendeko","7":"product_cat-garten-balkon","8":"product_cat-neu","9":"product_tag-samen-mauser","11":"first","12":"instock","13":"taxable","14":"shipping-taxable","15":"purchasable","16":"product-type-simple"},"_links":{"self":[{"href":"https:\/\/fh-staging.vengo.cloud\/de-ch\/wp-json\/wp\/v2\/product\/71705","targetHints":{"allow":["GET"]}}],"collection":[{"href":"https:\/\/fh-staging.vengo.cloud\/de-ch\/wp-json\/wp\/v2\/product"}],"about":[{"href":"https:\/\/fh-staging.vengo.cloud\/de-ch\/wp-json\/wp\/v2\/types\/product"}],"wp:featuredmedia":[{"embeddable":true,"href":"https:\/\/fh-staging.vengo.cloud\/de-ch\/wp-json\/wp\/v2\/media\/71706"}],"wp:attachment":[{"href":"https:\/\/fh-staging.vengo.cloud\/de-ch\/wp-json\/wp\/v2\/media?parent=71705"}],"wp:term":[{"taxonomy":"product_brand","embeddable":true,"href":"https:\/\/fh-staging.vengo.cloud\/de-ch\/wp-json\/wp\/v2\/product_brand?post=71705"},{"taxonomy":"product_cat","embeddable":true,"href":"https:\/\/fh-staging.vengo.cloud\/de-ch\/wp-json\/wp\/v2\/product_cat?post=71705"},{"taxonomy":"product_tag","embeddable":true,"href":"https:\/\/fh-staging.vengo.cloud\/de-ch\/wp-json\/wp\/v2\/product_tag?post=71705"},{"taxonomy":"woo-feed-brand","embeddable":true,"href":"https:\/\/fh-staging.vengo.cloud\/de-ch\/wp-json\/wp\/v2\/woo-feed-brand?post=71705"}],"curies":[{"name":"wp","href":"https:\/\/api.w.org\/{rel}","templated":true}]}}