{"id":71636,"date":"2026-01-08T11:14:02","date_gmt":"2026-01-08T10:14:02","guid":{"rendered":"https:\/\/fh-staging.vengo.cloud\/de-ch\/?post_type=product&#038;p=71636"},"modified":"2026-01-09T09:05:03","modified_gmt":"2026-01-09T08:05:03","slug":"sprossenglass","status":"publish","type":"product","link":"https:\/\/fh-staging.vengo.cloud\/de-ch\/p\/sprossenglass","title":{"rendered":"Sprossenglass"},"content":{"rendered":"<p>Das formsch\u00f6ne Sprossenglas bietet eine unkomplizierte M\u00f6glichkeit, eigene Keimsprossen und Keimlinge wie Radieschen, Rettich, Mungbohnen oder Alfalfa anzuziehen. Dieses Glas kann einfach im Geschirrsp\u00fcler gereinigt werden.<br \/>\nKeimsprossen sind reich an Vitaminen, Mineralstoffen und sekund\u00e4ren Pflanzenstoffen &#8211; in deutlich h\u00f6herer Konzentration als in ausgewachsenen Pflanzen. Sie unterst\u00fctzen das Immunsystem, f\u00f6rdern zahlreiche K\u00f6rperfunktion und tragen zur allgemeinen Gesundheit bei.<\/p>\n<table class=\"tblAttribute\">\n<tbody>\n<tr>\n<td class=\"tdAttributeLabel\">Aussaat\u00a0:<\/td>\n<td class=\"tdAttributeContent\">Samen 8-12 Stunden in Wasser einweichen, gr\u00fcndlich absp\u00fclen und ins Sprossenglas geben<\/td>\n<\/tr>\n<tr>\n<td class=\"tdAttributeLabel\">Pflege\u00a0:<\/td>\n<td class=\"tdAttributeContent\">Hygiene beachten. Samen t\u00e4glich mindestens zweimal mit lauwarmen Wasser absp\u00fclen (H\u00fclsenfr\u00fcchte mit kaltem Wasser).<\/td>\n<\/tr>\n<tr>\n<td class=\"tdAttributeLabel\">Tipp\u00a0:<\/td>\n<td class=\"tdAttributeContent\">Glas kopf\u00fcber an einen hellen, aber sonnengesch\u00fctzten Platz stellen.<\/td>\n<\/tr>\n<tr>\n<td class=\"tdAttributeLabel\">Ernte\u00a0:<\/td>\n<td class=\"tdAttributeContent\">Die Keimdauer variiert je nach Saat, Licht und Jahreszeiten zwischen 1-14 Tagen.<\/td>\n<\/tr>\n<\/tbody>\n<\/table>\n","protected":false},"excerpt":{"rendered":"<p>Das formsch\u00f6ne Sprossenglas bietet eine unkomplizierte M\u00f6glichkeit, eigene Keimsprossen und Keimlinge wie Radieschen, Rettich, Mungbohnen oder Alfalfa anzuziehen.<\/p>\n","protected":false},"featured_media":71637,"template":"","meta":[],"product_brand":[],"product_cat":[44,42,132],"product_tag":[973],"woo-feed-brand":[],"class_list":{"0":"post-71636","1":"product","2":"type-product","3":"status-publish","4":"has-post-thumbnail","6":"product_cat-kuechenhelfer","7":"product_cat-kueche","8":"product_cat-neu","9":"product_tag-samen-mauser","11":"first","12":"instock","13":"taxable","14":"shipping-taxable","15":"purchasable","16":"product-type-simple"},"_links":{"self":[{"href":"https:\/\/fh-staging.vengo.cloud\/de-ch\/wp-json\/wp\/v2\/product\/71636","targetHints":{"allow":["GET"]}}],"collection":[{"href":"https:\/\/fh-staging.vengo.cloud\/de-ch\/wp-json\/wp\/v2\/product"}],"about":[{"href":"https:\/\/fh-staging.vengo.cloud\/de-ch\/wp-json\/wp\/v2\/types\/product"}],"wp:featuredmedia":[{"embeddable":true,"href":"https:\/\/fh-staging.vengo.cloud\/de-ch\/wp-json\/wp\/v2\/media\/71637"}],"wp:attachment":[{"href":"https:\/\/fh-staging.vengo.cloud\/de-ch\/wp-json\/wp\/v2\/media?parent=71636"}],"wp:term":[{"taxonomy":"product_brand","embeddable":true,"href":"https:\/\/fh-staging.vengo.cloud\/de-ch\/wp-json\/wp\/v2\/product_brand?post=71636"},{"taxonomy":"product_cat","embeddable":true,"href":"https:\/\/fh-staging.vengo.cloud\/de-ch\/wp-json\/wp\/v2\/product_cat?post=71636"},{"taxonomy":"product_tag","embeddable":true,"href":"https:\/\/fh-staging.vengo.cloud\/de-ch\/wp-json\/wp\/v2\/product_tag?post=71636"},{"taxonomy":"woo-feed-brand","embeddable":true,"href":"https:\/\/fh-staging.vengo.cloud\/de-ch\/wp-json\/wp\/v2\/woo-feed-brand?post=71636"}],"curies":[{"name":"wp","href":"https:\/\/api.w.org\/{rel}","templated":true}]}}