{"id":71459,"date":"2025-12-28T16:46:08","date_gmt":"2025-12-28T15:46:08","guid":{"rendered":"https:\/\/fh-staging.vengo.cloud\/de-ch\/?post_type=product&#038;p=71459"},"modified":"2025-12-30T14:07:45","modified_gmt":"2025-12-30T13:07:45","slug":"reed-diffuser-bliss-sakura-flowers-500ml","status":"publish","type":"product","link":"https:\/\/fh-staging.vengo.cloud\/de-ch\/p\/reed-diffuser-bliss-sakura-flowers-500ml","title":{"rendered":"Reed diffuser Bliss Sakura Flowers 500ml"},"content":{"rendered":"<p data-pm-slice=\"1 1 []\">Der <strong>Reed Diffuser Bliss<\/strong> in der exklusiven 500ml-Ausf\u00fchrung ist die perfekte Wahl f\u00fcr alle, die keine Kompromisse bei Duftintensit\u00e4t und Design eingehen m\u00f6chten. \u201eBliss\u201c steht f\u00fcr vollkommenes Gl\u00fcck und genau dieses Gef\u00fchl transportiert dieser Raumduft in deine vier W\u00e4nde. Dank des grossen Volumens sorgt er \u00fcber viele Monate hinweg f\u00fcr eine konstante, luxuri\u00f6se Wohlf\u00fchlatmosph\u00e4re.<\/p>\n<h4 data-pm-slice=\"1 3 []\">Produktdetails auf einen Blick<\/h4>\n<ul>\n<li><strong>Inhalt:<\/strong> 500 ml hochwertiges Duft\u00f6l<\/li>\n<li><strong>Duftrichtung:<\/strong> Bliss (Frisch &amp; Harmonisch)<\/li>\n<li><strong>Beduftungsdauer:<\/strong> Bis zu 6\u20139 Monate (je nach Raumklima und Anzahl der verwendeten St\u00e4bchen)<\/li>\n<li><strong>Lieferumfang:<\/strong> Design-Glasflasche inklusive eines Sets extralanger Duftst\u00e4bchen f\u00fcr optimale Verteilung.<\/li>\n<li><strong>Anwendungstipp:<\/strong> F\u00fcr ein intensiveres Dufterlebnis wende die St\u00e4bchen alle ein bis zwei Wochen.<\/li>\n<\/ul>\n","protected":false},"excerpt":{"rendered":"<p>Sakura Flower ist ein absoluter Klassiker, der f\u00fcr Zartheit, Fr\u00fchling und feminine Eleganz steht. Ich habe die Beschreibung so verfasst, dass sie die poetische und frische Natur dieses Duftes unterstreicht.<\/p>\n","protected":false},"featured_media":71453,"template":"","meta":[],"product_brand":[],"product_cat":[51,48,132],"product_tag":[1094],"woo-feed-brand":[],"class_list":{"0":"post-71459","1":"product","2":"type-product","3":"status-publish","4":"has-post-thumbnail","6":"product_cat-raumduefte","7":"product_cat-bad-wellness","8":"product_cat-neu","9":"product_tag-corinas","11":"first","12":"instock","13":"taxable","14":"shipping-taxable","15":"purchasable","16":"product-type-simple"},"_links":{"self":[{"href":"https:\/\/fh-staging.vengo.cloud\/de-ch\/wp-json\/wp\/v2\/product\/71459","targetHints":{"allow":["GET"]}}],"collection":[{"href":"https:\/\/fh-staging.vengo.cloud\/de-ch\/wp-json\/wp\/v2\/product"}],"about":[{"href":"https:\/\/fh-staging.vengo.cloud\/de-ch\/wp-json\/wp\/v2\/types\/product"}],"wp:featuredmedia":[{"embeddable":true,"href":"https:\/\/fh-staging.vengo.cloud\/de-ch\/wp-json\/wp\/v2\/media\/71453"}],"wp:attachment":[{"href":"https:\/\/fh-staging.vengo.cloud\/de-ch\/wp-json\/wp\/v2\/media?parent=71459"}],"wp:term":[{"taxonomy":"product_brand","embeddable":true,"href":"https:\/\/fh-staging.vengo.cloud\/de-ch\/wp-json\/wp\/v2\/product_brand?post=71459"},{"taxonomy":"product_cat","embeddable":true,"href":"https:\/\/fh-staging.vengo.cloud\/de-ch\/wp-json\/wp\/v2\/product_cat?post=71459"},{"taxonomy":"product_tag","embeddable":true,"href":"https:\/\/fh-staging.vengo.cloud\/de-ch\/wp-json\/wp\/v2\/product_tag?post=71459"},{"taxonomy":"woo-feed-brand","embeddable":true,"href":"https:\/\/fh-staging.vengo.cloud\/de-ch\/wp-json\/wp\/v2\/woo-feed-brand?post=71459"}],"curies":[{"name":"wp","href":"https:\/\/api.w.org\/{rel}","templated":true}]}}