{"id":71415,"date":"2025-12-27T14:04:55","date_gmt":"2025-12-27T13:04:55","guid":{"rendered":"https:\/\/fh-staging.vengo.cloud\/fr-ch\/?post_type=product&#038;p=71415"},"modified":"2025-12-29T09:56:21","modified_gmt":"2025-12-29T08:56:21","slug":"blumige-suppenschuessel","status":"publish","type":"product","link":"https:\/\/fh-staging.vengo.cloud\/de-ch\/p\/blumige-suppenschuessel","title":{"rendered":"Blumige Suppensch\u00fcssel"},"content":{"rendered":"<p>Wundersch\u00f6ne Suppensch\u00fcssel, garniert mit getrockneten und stabilisierten Pflanzen, originelles Geschenk, ein Unikat.<br \/>\nKeine Bew\u00e4sserung erforderlich\u00a0 und mehrere Jahre haltbar.<\/p>\n<p>Durchmesser ca. 24 cm<\/p>\n","protected":false},"excerpt":{"rendered":"<p>Suppensch\u00fcssel mit Blumen verziert<\/p>\n","protected":false},"featured_media":71417,"template":"","meta":[],"product_brand":[],"product_cat":[107,23,26,132],"product_tag":[1135],"woo-feed-brand":[],"class_list":{"0":"post-71415","1":"product","2":"type-product","3":"status-publish","4":"has-post-thumbnail","6":"product_cat-kunstblumen","7":"product_cat-home-living","8":"product_cat-blumen-pflanzen","9":"product_cat-neu","10":"product_tag-mon-reve-fleuri","12":"first","13":"instock","14":"taxable","15":"shipping-taxable","16":"purchasable","17":"product-type-simple"},"_links":{"self":[{"href":"https:\/\/fh-staging.vengo.cloud\/de-ch\/wp-json\/wp\/v2\/product\/71415","targetHints":{"allow":["GET"]}}],"collection":[{"href":"https:\/\/fh-staging.vengo.cloud\/de-ch\/wp-json\/wp\/v2\/product"}],"about":[{"href":"https:\/\/fh-staging.vengo.cloud\/de-ch\/wp-json\/wp\/v2\/types\/product"}],"wp:featuredmedia":[{"embeddable":true,"href":"https:\/\/fh-staging.vengo.cloud\/de-ch\/wp-json\/wp\/v2\/media\/71417"}],"wp:attachment":[{"href":"https:\/\/fh-staging.vengo.cloud\/de-ch\/wp-json\/wp\/v2\/media?parent=71415"}],"wp:term":[{"taxonomy":"product_brand","embeddable":true,"href":"https:\/\/fh-staging.vengo.cloud\/de-ch\/wp-json\/wp\/v2\/product_brand?post=71415"},{"taxonomy":"product_cat","embeddable":true,"href":"https:\/\/fh-staging.vengo.cloud\/de-ch\/wp-json\/wp\/v2\/product_cat?post=71415"},{"taxonomy":"product_tag","embeddable":true,"href":"https:\/\/fh-staging.vengo.cloud\/de-ch\/wp-json\/wp\/v2\/product_tag?post=71415"},{"taxonomy":"woo-feed-brand","embeddable":true,"href":"https:\/\/fh-staging.vengo.cloud\/de-ch\/wp-json\/wp\/v2\/woo-feed-brand?post=71415"}],"curies":[{"name":"wp","href":"https:\/\/api.w.org\/{rel}","templated":true}]}}