{"id":7106,"date":"2020-10-24T15:12:02","date_gmt":"2020-10-24T15:12:02","guid":{"rendered":"https:\/\/fh-staging.vengo.cloud\/?product=stabilisierte-rose-in-rosa"},"modified":"2025-06-20T11:11:49","modified_gmt":"2025-06-20T09:11:49","slug":"stabilisierte-rose-in-rosa","status":"publish","type":"product","link":"https:\/\/fh-staging.vengo.cloud\/de-ch\/p\/stabilisierte-rose-in-rosa","title":{"rendered":"Stabilisierte Rose in Rosa"},"content":{"rendered":"<p style=\"text-align: left\">Diese \u00abewige\u00bb Rose wird Ihr Zuhause f\u00fcr lange Zeit versch\u00f6nern, so dass Sie jeden Tag das Vergn\u00fcgen haben, sie neu zu entdecken.<\/p>\n<p style=\"text-align: left\">Tats\u00e4chlich h\u00e4lt diese Rose dank eines speziellen Verfahrens sehr lange.<\/p>\n<p style=\"text-align: left\">Stiell\u00e4nge ca.50 cm<\/p>\n<p style=\"text-align: left\">Bitte beachten Sie unsere Pflegetipps:<\/p>\n<p style=\"text-align: left\">Vermeiden Sie den Kontakt mit Wasser und setzen Sie sie nicht der Sonne aus.<\/p>\n","protected":false},"excerpt":{"rendered":"<p>Stabilisierte Rose in Rosa, Stiell\u00e4nge ca. 50cm<\/p>\n","protected":false},"featured_media":7107,"template":"","meta":[],"product_brand":[],"product_cat":[102,23,26],"product_tag":[905],"woo-feed-brand":[],"class_list":{"0":"post-7106","1":"product","2":"type-product","3":"status-publish","4":"has-post-thumbnail","6":"product_cat-infinity-rosen","7":"product_cat-home-living","8":"product_cat-blumen-pflanzen","9":"product_tag-la-rose-dor","11":"first","12":"instock","13":"featured","14":"taxable","15":"shipping-taxable","16":"purchasable","17":"product-type-simple"},"_links":{"self":[{"href":"https:\/\/fh-staging.vengo.cloud\/de-ch\/wp-json\/wp\/v2\/product\/7106","targetHints":{"allow":["GET"]}}],"collection":[{"href":"https:\/\/fh-staging.vengo.cloud\/de-ch\/wp-json\/wp\/v2\/product"}],"about":[{"href":"https:\/\/fh-staging.vengo.cloud\/de-ch\/wp-json\/wp\/v2\/types\/product"}],"wp:featuredmedia":[{"embeddable":true,"href":"https:\/\/fh-staging.vengo.cloud\/de-ch\/wp-json\/wp\/v2\/media\/7107"}],"wp:attachment":[{"href":"https:\/\/fh-staging.vengo.cloud\/de-ch\/wp-json\/wp\/v2\/media?parent=7106"}],"wp:term":[{"taxonomy":"product_brand","embeddable":true,"href":"https:\/\/fh-staging.vengo.cloud\/de-ch\/wp-json\/wp\/v2\/product_brand?post=7106"},{"taxonomy":"product_cat","embeddable":true,"href":"https:\/\/fh-staging.vengo.cloud\/de-ch\/wp-json\/wp\/v2\/product_cat?post=7106"},{"taxonomy":"product_tag","embeddable":true,"href":"https:\/\/fh-staging.vengo.cloud\/de-ch\/wp-json\/wp\/v2\/product_tag?post=7106"},{"taxonomy":"woo-feed-brand","embeddable":true,"href":"https:\/\/fh-staging.vengo.cloud\/de-ch\/wp-json\/wp\/v2\/woo-feed-brand?post=7106"}],"curies":[{"name":"wp","href":"https:\/\/api.w.org\/{rel}","templated":true}]}}