{"id":70833,"date":"2025-12-13T12:35:09","date_gmt":"2025-12-13T11:35:09","guid":{"rendered":"https:\/\/fh-staging.vengo.cloud\/de-ch\/?post_type=product&#038;p=70833"},"modified":"2026-01-09T11:11:39","modified_gmt":"2026-01-09T10:11:39","slug":"renntier-oelbrenner-wachsschmelzer","status":"publish","type":"product","link":"https:\/\/fh-staging.vengo.cloud\/de-ch\/p\/renntier-oelbrenner-wachsschmelzer","title":{"rendered":"Renntier \u00d6lbrenner\/Wachsschmelzer"},"content":{"rendered":"<p>Rentier-\u00d6lbrenner, die perfekte Erg\u00e4nzung zu deiner Inneneinrichtung in dieser festlichen Jahreszeit. Kombiniere es mit deinem Lieblingsduft, um ein Ambiente voller magischer Weihnachtsnostalgie zu schaffen. Dieses St\u00fcck wird mit Sicherheit zu einem beliebten festlichen Dekorationsst\u00fcck, das Jahr f\u00fcr Jahr verwendet werden kann.<\/p>\n","protected":false},"excerpt":{"rendered":"<p>Perfekt f\u00fcr die Weihnachtsdeko oder als Geschenk!<\/p>\n","protected":false},"featured_media":70825,"template":"","meta":[],"product_brand":[],"product_cat":[108,23,1207,909,1179,911,28,915],"product_tag":[1168],"woo-feed-brand":[],"class_list":{"0":"post-70833","1":"product","2":"type-product","3":"status-publish","4":"has-post-thumbnail","6":"product_cat-lichterketten-laternen","7":"product_cat-home-living","8":"product_cat-unter-25-chf","9":"product_cat-weihnachten","10":"product_cat-weihnachtsdeko","11":"product_cat-accessoires","12":"product_cat-kerzen-lichter","13":"product_cat-wichteln","14":"product_tag-melia-atelier","16":"first","17":"instock","18":"taxable","19":"shipping-taxable","20":"purchasable","21":"product-type-simple"},"_links":{"self":[{"href":"https:\/\/fh-staging.vengo.cloud\/de-ch\/wp-json\/wp\/v2\/product\/70833","targetHints":{"allow":["GET"]}}],"collection":[{"href":"https:\/\/fh-staging.vengo.cloud\/de-ch\/wp-json\/wp\/v2\/product"}],"about":[{"href":"https:\/\/fh-staging.vengo.cloud\/de-ch\/wp-json\/wp\/v2\/types\/product"}],"wp:featuredmedia":[{"embeddable":true,"href":"https:\/\/fh-staging.vengo.cloud\/de-ch\/wp-json\/wp\/v2\/media\/70825"}],"wp:attachment":[{"href":"https:\/\/fh-staging.vengo.cloud\/de-ch\/wp-json\/wp\/v2\/media?parent=70833"}],"wp:term":[{"taxonomy":"product_brand","embeddable":true,"href":"https:\/\/fh-staging.vengo.cloud\/de-ch\/wp-json\/wp\/v2\/product_brand?post=70833"},{"taxonomy":"product_cat","embeddable":true,"href":"https:\/\/fh-staging.vengo.cloud\/de-ch\/wp-json\/wp\/v2\/product_cat?post=70833"},{"taxonomy":"product_tag","embeddable":true,"href":"https:\/\/fh-staging.vengo.cloud\/de-ch\/wp-json\/wp\/v2\/product_tag?post=70833"},{"taxonomy":"woo-feed-brand","embeddable":true,"href":"https:\/\/fh-staging.vengo.cloud\/de-ch\/wp-json\/wp\/v2\/woo-feed-brand?post=70833"}],"curies":[{"name":"wp","href":"https:\/\/api.w.org\/{rel}","templated":true}]}}