{"id":7079,"date":"2020-10-20T15:17:46","date_gmt":"2020-10-20T15:17:46","guid":{"rendered":"https:\/\/fh-staging.vengo.cloud\/?product=veilchenseife"},"modified":"2025-04-01T06:54:17","modified_gmt":"2025-04-01T04:54:17","slug":"veilchenseife","status":"publish","type":"product","link":"https:\/\/fh-staging.vengo.cloud\/de-ch\/p\/veilchenseife","title":{"rendered":"Veilchenseife"},"content":{"rendered":"<p>Die rechteckige Veilchen-Seife (100g) ist mit geschmeidig machender und pflegender Bio-Karit\u00e9butter sowie Oliven\u00f6l aus Nyons angereichert, um die Haut zu sch\u00fctzen und zu n\u00e4hren. Diese Seife ist f\u00fcr alle Hauttypen geeignet (normale, trockene bis sehr trockene).<\/p>\n<p style=\"text-align: left\">Entdecken Sie den zarten und blumigen Duft von Veilchen und sp\u00fcren Sie das Wohlbefinden eines Augenblicks nur f\u00fcr Sie. Eine echte, nat\u00fcrliche Pause f\u00fcr Ihre Haut, die auch empfindlicher Haut Wohlbefinden bringt.<\/p>\n<p>Sie k\u00f6nnen diese handgemachte Seife zur Reinigung Ihres K\u00f6rpers, Ihres Gesichts oder Ihrer H\u00e4nde verwenden.<\/p>\n<p style=\"text-align: left\"><strong>Gebrauchsanweisung<\/strong><\/p>\n<p>T\u00e4gliche Anwendung (H\u00e4nde, Gesicht &amp; K\u00f6rper). Die Seife durch Reiben auf der feuchten Haut aufsch\u00e4umen. Mit klarem Wasser absp\u00fclen.<\/p>\n","protected":false},"excerpt":{"rendered":"<p>100 g Seife, rechteckig, zart nach Veilchen duftend, mit Bio-Karit\u00e9butter und Oliven\u00f6l aus Nyons angereichert.<\/p>\n","protected":false},"featured_media":7080,"template":"","meta":[],"product_brand":[],"product_cat":[49,48],"product_tag":[905],"woo-feed-brand":[],"class_list":{"0":"post-7079","1":"product","2":"type-product","3":"status-publish","4":"has-post-thumbnail","6":"product_cat-seifen","7":"product_cat-bad-wellness","8":"product_tag-la-rose-dor","10":"first","11":"instock","12":"taxable","13":"shipping-taxable","14":"purchasable","15":"product-type-simple"},"_links":{"self":[{"href":"https:\/\/fh-staging.vengo.cloud\/de-ch\/wp-json\/wp\/v2\/product\/7079","targetHints":{"allow":["GET"]}}],"collection":[{"href":"https:\/\/fh-staging.vengo.cloud\/de-ch\/wp-json\/wp\/v2\/product"}],"about":[{"href":"https:\/\/fh-staging.vengo.cloud\/de-ch\/wp-json\/wp\/v2\/types\/product"}],"wp:featuredmedia":[{"embeddable":true,"href":"https:\/\/fh-staging.vengo.cloud\/de-ch\/wp-json\/wp\/v2\/media\/7080"}],"wp:attachment":[{"href":"https:\/\/fh-staging.vengo.cloud\/de-ch\/wp-json\/wp\/v2\/media?parent=7079"}],"wp:term":[{"taxonomy":"product_brand","embeddable":true,"href":"https:\/\/fh-staging.vengo.cloud\/de-ch\/wp-json\/wp\/v2\/product_brand?post=7079"},{"taxonomy":"product_cat","embeddable":true,"href":"https:\/\/fh-staging.vengo.cloud\/de-ch\/wp-json\/wp\/v2\/product_cat?post=7079"},{"taxonomy":"product_tag","embeddable":true,"href":"https:\/\/fh-staging.vengo.cloud\/de-ch\/wp-json\/wp\/v2\/product_tag?post=7079"},{"taxonomy":"woo-feed-brand","embeddable":true,"href":"https:\/\/fh-staging.vengo.cloud\/de-ch\/wp-json\/wp\/v2\/woo-feed-brand?post=7079"}],"curies":[{"name":"wp","href":"https:\/\/api.w.org\/{rel}","templated":true}]}}