{"id":7069,"date":"2020-10-20T14:48:39","date_gmt":"2020-10-20T14:48:39","guid":{"rendered":"https:\/\/fh-staging.vengo.cloud\/?product=gallseife-zur-behandlung-von-flecken"},"modified":"2025-04-01T06:54:24","modified_gmt":"2025-04-01T04:54:24","slug":"gallseife-zur-behandlung-von-flecken","status":"publish","type":"product","link":"https:\/\/fh-staging.vengo.cloud\/de-ch\/p\/gallseife-zur-behandlung-von-flecken","title":{"rendered":"Gallseife zur Behandlung von Flecken"},"content":{"rendered":"<p style=\"text-align: left\">Eine Gallseife (100g) ist das, was Sie f\u00fcr makellose Kleidung brauchen! Reinigt m\u00fchelos selbst hartn\u00e4ckigste Flecken, wie z.B. Tinte, Obst, Fett, Wein, Gras, Schokolade und vieles mehr. Nat\u00fcrlich, sparsam und einfach in der Anwendung, wird diese Seife aus Rindergalle ihren Platz neben Ihrer Waschmaschine finden.<\/p>\n<p style=\"text-align: left\">Die aus Rindergalle gewonnene Gallseife hat die Eigenschaft, Fette zu zersetzen, was sie zu einem wirksamen Fleckenentferner macht. Diese Seife wird in einer Vintage-Metallbox geliefert, die von Luc Mazan, einem Maler aus Nyons dekoriert wurde.<\/p>\n<p style=\"text-align: left\"><strong>Gebrauchsanweisung<\/strong><br \/>\nBefeuchten Sie die Seife leicht und reiben Sie den zu entfernenden Fleck kr\u00e4ftig ein. Lassen Sie die Seife 15 Minuten einwirken, bevor Sie die verschmutzte W\u00e4sche in die Maschine geben. Vorab an empfindlichen Stoffen testen.<\/p>\n<p style=\"text-align: left\">\n","protected":false},"excerpt":{"rendered":"<p>100g Gallseife in einer Vintage-Dose aus Metall, die selbst hartn\u00e4ckigste Flecken entfernt.<\/p>\n","protected":false},"featured_media":7070,"template":"","meta":[],"product_brand":[],"product_cat":[49,48],"product_tag":[905],"woo-feed-brand":[],"class_list":{"0":"post-7069","1":"product","2":"type-product","3":"status-publish","4":"has-post-thumbnail","6":"product_cat-seifen","7":"product_cat-bad-wellness","8":"product_tag-la-rose-dor","10":"first","11":"instock","12":"taxable","13":"shipping-taxable","14":"purchasable","15":"product-type-simple"},"_links":{"self":[{"href":"https:\/\/fh-staging.vengo.cloud\/de-ch\/wp-json\/wp\/v2\/product\/7069","targetHints":{"allow":["GET"]}}],"collection":[{"href":"https:\/\/fh-staging.vengo.cloud\/de-ch\/wp-json\/wp\/v2\/product"}],"about":[{"href":"https:\/\/fh-staging.vengo.cloud\/de-ch\/wp-json\/wp\/v2\/types\/product"}],"wp:featuredmedia":[{"embeddable":true,"href":"https:\/\/fh-staging.vengo.cloud\/de-ch\/wp-json\/wp\/v2\/media\/7070"}],"wp:attachment":[{"href":"https:\/\/fh-staging.vengo.cloud\/de-ch\/wp-json\/wp\/v2\/media?parent=7069"}],"wp:term":[{"taxonomy":"product_brand","embeddable":true,"href":"https:\/\/fh-staging.vengo.cloud\/de-ch\/wp-json\/wp\/v2\/product_brand?post=7069"},{"taxonomy":"product_cat","embeddable":true,"href":"https:\/\/fh-staging.vengo.cloud\/de-ch\/wp-json\/wp\/v2\/product_cat?post=7069"},{"taxonomy":"product_tag","embeddable":true,"href":"https:\/\/fh-staging.vengo.cloud\/de-ch\/wp-json\/wp\/v2\/product_tag?post=7069"},{"taxonomy":"woo-feed-brand","embeddable":true,"href":"https:\/\/fh-staging.vengo.cloud\/de-ch\/wp-json\/wp\/v2\/woo-feed-brand?post=7069"}],"curies":[{"name":"wp","href":"https:\/\/api.w.org\/{rel}","templated":true}]}}