{"id":7049,"date":"2020-10-20T12:03:25","date_gmt":"2020-10-20T12:03:25","guid":{"rendered":"https:\/\/fh-staging.vengo.cloud\/?product=vase-diva-tall-farbe-schwarz-grosse-m"},"modified":"2025-10-22T13:30:26","modified_gmt":"2025-10-22T11:30:26","slug":"vase-diva-tall-farbe-schwarz-grosse-m","status":"publish","type":"product","link":"https:\/\/fh-staging.vengo.cloud\/de-ch\/p\/vase-diva-tall-farbe-schwarz-grosse-m","title":{"rendered":"Vase Diva Tall Farbe Schwarz Gr\u00f6sse (M)"},"content":{"rendered":"<p>Diese sch\u00f6ne Vase aus Keramik ist sehr \u00e4sthetisch und wird Ihre Wohnung schm\u00fccken. Mit ihren klaren Linien und schlichten Farben verleiht sie jedem Ambiente einen Hauch von Modernit\u00e4t.<\/p>\n<p>Ob f\u00fcr Ihr Zuhause oder als Geschenk f\u00fcr einen lieben Menschen, sie wird jedermann begeistern.<\/p>\n","protected":false},"excerpt":{"rendered":"<p>Moderne Keramikvase in Schwarz \u00d8 12&#215;8.50&#215;20<\/p>\n","protected":false},"featured_media":7050,"template":"","meta":[],"product_brand":[],"product_cat":[27,23,1197],"product_tag":[905],"woo-feed-brand":[],"class_list":{"0":"post-7049","1":"product","2":"type-product","3":"status-publish","4":"has-post-thumbnail","6":"product_cat-vasen-gefaesse","7":"product_cat-home-living","8":"product_cat-vasen","9":"product_tag-la-rose-dor","11":"first","12":"instock","13":"taxable","14":"shipping-taxable","15":"purchasable","16":"product-type-simple"},"_links":{"self":[{"href":"https:\/\/fh-staging.vengo.cloud\/de-ch\/wp-json\/wp\/v2\/product\/7049","targetHints":{"allow":["GET"]}}],"collection":[{"href":"https:\/\/fh-staging.vengo.cloud\/de-ch\/wp-json\/wp\/v2\/product"}],"about":[{"href":"https:\/\/fh-staging.vengo.cloud\/de-ch\/wp-json\/wp\/v2\/types\/product"}],"wp:featuredmedia":[{"embeddable":true,"href":"https:\/\/fh-staging.vengo.cloud\/de-ch\/wp-json\/wp\/v2\/media\/7050"}],"wp:attachment":[{"href":"https:\/\/fh-staging.vengo.cloud\/de-ch\/wp-json\/wp\/v2\/media?parent=7049"}],"wp:term":[{"taxonomy":"product_brand","embeddable":true,"href":"https:\/\/fh-staging.vengo.cloud\/de-ch\/wp-json\/wp\/v2\/product_brand?post=7049"},{"taxonomy":"product_cat","embeddable":true,"href":"https:\/\/fh-staging.vengo.cloud\/de-ch\/wp-json\/wp\/v2\/product_cat?post=7049"},{"taxonomy":"product_tag","embeddable":true,"href":"https:\/\/fh-staging.vengo.cloud\/de-ch\/wp-json\/wp\/v2\/product_tag?post=7049"},{"taxonomy":"woo-feed-brand","embeddable":true,"href":"https:\/\/fh-staging.vengo.cloud\/de-ch\/wp-json\/wp\/v2\/woo-feed-brand?post=7049"}],"curies":[{"name":"wp","href":"https:\/\/api.w.org\/{rel}","templated":true}]}}