{"id":69116,"date":"2025-11-24T13:50:06","date_gmt":"2025-11-24T12:50:06","guid":{"rendered":"https:\/\/fh-staging.vengo.cloud\/de-ch\/?post_type=product&#038;p=69116"},"modified":"2025-12-23T13:47:43","modified_gmt":"2025-12-23T12:47:43","slug":"haven-ovaler-ablage-tray","status":"publish","type":"product","link":"https:\/\/fh-staging.vengo.cloud\/de-ch\/p\/haven-ovaler-ablage-tray","title":{"rendered":"Haven \u2013 Ovaler Ablage-Tray"},"content":{"rendered":"<p data-start=\"742\" data-end=\"1062\"><strong>Der Haven Tray ist eine schlichte, moderne Ablage f\u00fcr Schmuck, Schl\u00fcssel oder kleine Essentials.<\/strong> Handgegossen in der Schweiz aus einem mineralischen Eco-Komposit, wird jedes St\u00fcck sorgf\u00e4ltig geschliffen und versiegelt. Die glatte, matte Oberfl\u00e4che in einem warmen Cr\u00e8me-Ton f\u00fcgt sich harmonisch in jedes Interieur ein.<\/p>\n<p data-start=\"1064\" data-end=\"1306\">Ob auf dem Nachttisch, im Bad, auf dem Schreibtisch oder im Eingangsbereich \u2013 Haven bringt Ordnung, Ruhe und einen dezenten Designakzent in den Alltag. Ein vielseitiges St\u00fcck f\u00fcr alle, die minimalistisches, nachhaltiges Wohndesign sch\u00e4tzen.<\/p>\n<p data-start=\"1313\" data-end=\"1339\"><strong data-start=\"1316\" data-end=\"1337\">Material &amp; Pflege<\/strong><\/p>\n<ul data-start=\"1340\" data-end=\"1541\">\n<li data-start=\"1340\" data-end=\"1375\">\n<p data-start=\"1342\" data-end=\"1375\">Mineralisches Eco-Komposit<\/p>\n<\/li>\n<li data-start=\"1376\" data-end=\"1407\">\n<p data-start=\"1378\" data-end=\"1407\">Handgegossen und versiegelt<\/p>\n<\/li>\n<li data-start=\"1408\" data-end=\"1475\">\n<p data-start=\"1410\" data-end=\"1475\">Mit einem weichen, trockenen oder leicht feuchten Tuch reinigen<\/p>\n<\/li>\n<li data-start=\"1476\" data-end=\"1507\">\n<p data-start=\"1478\" data-end=\"1507\">Nicht sp\u00fclmaschinengeeignet<\/p>\n<\/li>\n<li data-start=\"1508\" data-end=\"1541\">\n<p data-start=\"1510\" data-end=\"1541\">Nicht f\u00fcr Lebensmittel geeignet<\/p>\n<\/li>\n<\/ul>\n","protected":false},"excerpt":{"rendered":"<p>Ein handgefertigter, minimalistischer Tray aus mineralischem Eco-Komposit. Mit seiner sanft <span class=\"Y2IQFc\" lang=\"de\">ovalen <\/span>Form und glatten, matten Oberfl\u00e4che in Cr\u00e8me eignet er sich ideal f\u00fcr kleine Alltagsgegenst\u00e4nde.<\/p>\n","protected":false},"featured_media":71284,"template":"","meta":[],"product_brand":[],"product_cat":[1190,23,32,30,132],"product_tag":[1218],"woo-feed-brand":[],"class_list":{"0":"post-69116","1":"product","2":"type-product","3":"status-publish","4":"has-post-thumbnail","6":"product_cat-dekoobjekte","7":"product_cat-home-living","8":"product_cat-aufbewahrung","9":"product_cat-deko-accessoires","10":"product_cat-neu","11":"product_tag-hw-designs","13":"first","14":"instock","15":"taxable","16":"shipping-taxable","17":"purchasable","18":"product-type-simple"},"_links":{"self":[{"href":"https:\/\/fh-staging.vengo.cloud\/de-ch\/wp-json\/wp\/v2\/product\/69116","targetHints":{"allow":["GET"]}}],"collection":[{"href":"https:\/\/fh-staging.vengo.cloud\/de-ch\/wp-json\/wp\/v2\/product"}],"about":[{"href":"https:\/\/fh-staging.vengo.cloud\/de-ch\/wp-json\/wp\/v2\/types\/product"}],"wp:featuredmedia":[{"embeddable":true,"href":"https:\/\/fh-staging.vengo.cloud\/de-ch\/wp-json\/wp\/v2\/media\/71284"}],"wp:attachment":[{"href":"https:\/\/fh-staging.vengo.cloud\/de-ch\/wp-json\/wp\/v2\/media?parent=69116"}],"wp:term":[{"taxonomy":"product_brand","embeddable":true,"href":"https:\/\/fh-staging.vengo.cloud\/de-ch\/wp-json\/wp\/v2\/product_brand?post=69116"},{"taxonomy":"product_cat","embeddable":true,"href":"https:\/\/fh-staging.vengo.cloud\/de-ch\/wp-json\/wp\/v2\/product_cat?post=69116"},{"taxonomy":"product_tag","embeddable":true,"href":"https:\/\/fh-staging.vengo.cloud\/de-ch\/wp-json\/wp\/v2\/product_tag?post=69116"},{"taxonomy":"woo-feed-brand","embeddable":true,"href":"https:\/\/fh-staging.vengo.cloud\/de-ch\/wp-json\/wp\/v2\/woo-feed-brand?post=69116"}],"curies":[{"name":"wp","href":"https:\/\/api.w.org\/{rel}","templated":true}]}}