{"id":6900,"date":"2020-09-17T15:38:44","date_gmt":"2020-09-17T15:38:44","guid":{"rendered":"https:\/\/fh-staging.vengo.cloud\/?product=trockenblumen-rittersporn-dunkelblau-15-stiel"},"modified":"2025-04-01T06:55:36","modified_gmt":"2025-04-01T04:55:36","slug":"trockenblumen-rittersporn-dunkelblau-15-stiel","status":"publish","type":"product","link":"https:\/\/fh-staging.vengo.cloud\/de-ch\/p\/trockenblumen-rittersporn-dunkelblau-15-stiel","title":{"rendered":"Trockenblumen Rittersporn Dunkelblau 15 Stiel"},"content":{"rendered":"<p><strong>Trockenblumenstrauss<\/strong><\/p>\n<p>Die angestaubte Trockenblume ist wieder zur\u00fcck und hat Ihren grossen Auftritt.<\/p>\n<p>Einfach so verwelken, das war einmal, zeitgem\u00e4ss und neu interpretiert erleben die Trockenblumen in diesem Jahr einen grossen Aufschwung.<\/p>\n<p>Trockenblumen sind aktuell der Inbegriff neuer Nachhaltigkeit.<\/p>\n<p>Ob als Tischdekoration oder verspielt in eine Vase gestellt, ein Trend den man kaum umgehen kann. Sie bringen Farbe nach Hause und lassen sich toll zuhause integrieren.<\/p>\n<p>Angaben zu den Trockenblumen 15 Stiele H ca.65 cm.<\/p>\n<p>Die Str\u00e4usse werden auf Bestellung gebunden und k\u00f6nnen in der Ausf\u00fchrung leicht variieren.<\/p>\n","protected":false},"excerpt":{"rendered":"<p>Trockenblumen Rittersporn Dunkelblau 15 Stiel<\/p>\n","protected":false},"featured_media":6901,"template":"","meta":[],"product_brand":[],"product_cat":[117,23,26],"product_tag":[294],"woo-feed-brand":[],"class_list":{"0":"post-6900","1":"product","2":"type-product","3":"status-publish","4":"has-post-thumbnail","6":"product_cat-trockenblumen","7":"product_cat-home-living","8":"product_cat-blumen-pflanzen","9":"product_tag-the-bloomery","11":"first","12":"instock","13":"taxable","14":"shipping-taxable","15":"purchasable","16":"product-type-simple"},"_links":{"self":[{"href":"https:\/\/fh-staging.vengo.cloud\/de-ch\/wp-json\/wp\/v2\/product\/6900","targetHints":{"allow":["GET"]}}],"collection":[{"href":"https:\/\/fh-staging.vengo.cloud\/de-ch\/wp-json\/wp\/v2\/product"}],"about":[{"href":"https:\/\/fh-staging.vengo.cloud\/de-ch\/wp-json\/wp\/v2\/types\/product"}],"wp:featuredmedia":[{"embeddable":true,"href":"https:\/\/fh-staging.vengo.cloud\/de-ch\/wp-json\/wp\/v2\/media\/6901"}],"wp:attachment":[{"href":"https:\/\/fh-staging.vengo.cloud\/de-ch\/wp-json\/wp\/v2\/media?parent=6900"}],"wp:term":[{"taxonomy":"product_brand","embeddable":true,"href":"https:\/\/fh-staging.vengo.cloud\/de-ch\/wp-json\/wp\/v2\/product_brand?post=6900"},{"taxonomy":"product_cat","embeddable":true,"href":"https:\/\/fh-staging.vengo.cloud\/de-ch\/wp-json\/wp\/v2\/product_cat?post=6900"},{"taxonomy":"product_tag","embeddable":true,"href":"https:\/\/fh-staging.vengo.cloud\/de-ch\/wp-json\/wp\/v2\/product_tag?post=6900"},{"taxonomy":"woo-feed-brand","embeddable":true,"href":"https:\/\/fh-staging.vengo.cloud\/de-ch\/wp-json\/wp\/v2\/woo-feed-brand?post=6900"}],"curies":[{"name":"wp","href":"https:\/\/api.w.org\/{rel}","templated":true}]}}