{"id":6896,"date":"2020-09-17T15:31:07","date_gmt":"2020-09-17T15:31:07","guid":{"rendered":"https:\/\/fh-staging.vengo.cloud\/?product=trockenblumen-strauss-weiss-creme-o-ca-22-cm-h-ca-45-cm"},"modified":"2025-04-01T06:55:40","modified_gmt":"2025-04-01T04:55:40","slug":"trockenblumen-strauss-weiss-creme-o-ca-22-cm-h-ca-45-cm","status":"publish","type":"product","link":"https:\/\/fh-staging.vengo.cloud\/de-ch\/p\/trockenblumen-strauss-weiss-creme-o-ca-22-cm-h-ca-45-cm","title":{"rendered":"Trockenblumen Strauss Weiss &amp; Creme \u00d8 ca.22 cm H ca.45 cm."},"content":{"rendered":"<p><strong>Trockenblumen Trockenblumenstrauss<\/strong><\/p>\n<p>Die angestaubte Trockenblume ist wieder zur\u00fcck und hat Ihren grossen Auftritt.<\/p>\n<p>Einfach so verwelken, das war einmal, zeitgem\u00e4ss und neu interpretiert erleben die Trockenblumen in diesem Jahr einen grossen Aufschwung.<\/p>\n<p>Trockenblumen sind aktuell der Inbegriff neuer Nachhaltigkeit.<\/p>\n<p>Ob als Tischdekoration oder verspielt in eine Vase gestellt, ein Trend den man kaum umgehen kann. Sie bringen Farbe nach Hause und lassen sich toll zuhause integrieren.<\/p>\n<p>Angaben zu den Trockenblumen: \u00d8 ca.22 cm H ca.45 cm.<\/p>\n<p>Die Str\u00e4usse werden auf Bestellung gebunden und k\u00f6nnen in der Ausf\u00fchrung leicht variieren.<\/p>\n","protected":false},"excerpt":{"rendered":"<p>Trockenblumen Strauss Weiss &amp; Creme \u00d8 ca.22 cm H ca.45 cm.<\/p>\n","protected":false},"featured_media":6897,"template":"","meta":[],"product_brand":[],"product_cat":[117,23,910,909,26,916,52,55],"product_tag":[294],"woo-feed-brand":[],"class_list":{"0":"post-6896","1":"product","2":"type-product","3":"status-publish","4":"has-post-thumbnail","6":"product_cat-trockenblumen","7":"product_cat-home-living","8":"product_cat-geschenkideen","9":"product_cat-weihnachten","10":"product_cat-blumen-pflanzen","11":"product_cat-praesente","12":"product_cat-geschenke","13":"product_cat-blumige-geschenke","14":"product_tag-the-bloomery","16":"first","17":"instock","18":"taxable","19":"shipping-taxable","20":"purchasable","21":"product-type-simple"},"_links":{"self":[{"href":"https:\/\/fh-staging.vengo.cloud\/de-ch\/wp-json\/wp\/v2\/product\/6896","targetHints":{"allow":["GET"]}}],"collection":[{"href":"https:\/\/fh-staging.vengo.cloud\/de-ch\/wp-json\/wp\/v2\/product"}],"about":[{"href":"https:\/\/fh-staging.vengo.cloud\/de-ch\/wp-json\/wp\/v2\/types\/product"}],"wp:featuredmedia":[{"embeddable":true,"href":"https:\/\/fh-staging.vengo.cloud\/de-ch\/wp-json\/wp\/v2\/media\/6897"}],"wp:attachment":[{"href":"https:\/\/fh-staging.vengo.cloud\/de-ch\/wp-json\/wp\/v2\/media?parent=6896"}],"wp:term":[{"taxonomy":"product_brand","embeddable":true,"href":"https:\/\/fh-staging.vengo.cloud\/de-ch\/wp-json\/wp\/v2\/product_brand?post=6896"},{"taxonomy":"product_cat","embeddable":true,"href":"https:\/\/fh-staging.vengo.cloud\/de-ch\/wp-json\/wp\/v2\/product_cat?post=6896"},{"taxonomy":"product_tag","embeddable":true,"href":"https:\/\/fh-staging.vengo.cloud\/de-ch\/wp-json\/wp\/v2\/product_tag?post=6896"},{"taxonomy":"woo-feed-brand","embeddable":true,"href":"https:\/\/fh-staging.vengo.cloud\/de-ch\/wp-json\/wp\/v2\/woo-feed-brand?post=6896"}],"curies":[{"name":"wp","href":"https:\/\/api.w.org\/{rel}","templated":true}]}}