{"id":68254,"date":"2025-11-15T18:08:38","date_gmt":"2025-11-15T17:08:38","guid":{"rendered":"https:\/\/fh-staging.vengo.cloud\/fr-ch\/?post_type=product&#038;p=68254"},"modified":"2025-12-19T09:29:57","modified_gmt":"2025-12-19T08:29:57","slug":"stabilisierte-rose-eternelle-sous-cloche-rose-petite","status":"publish","type":"product","link":"https:\/\/fh-staging.vengo.cloud\/de-ch\/p\/stabilisierte-rose-eternelle-sous-cloche-rose-petite","title":{"rendered":"Stabilisierte Rose &#171;Eternelle sous cloche rose petite&#187;"},"content":{"rendered":"<p>Diese sch\u00f6ne Glasglocke enth\u00e4lt eine wundersch\u00f6ne stabilisierte rosa Rose, getrocknete Pflanzen und stabilisiertes Moos, ist handgefertigt, pflegefrei und h\u00e4lt mehrere Jahre.<\/p>\n","protected":false},"excerpt":{"rendered":"<p>Glocke mit einer stabilisierten Rose<\/p>\n","protected":false},"featured_media":68233,"template":"","meta":[],"product_brand":[],"product_cat":[102,23,26],"product_tag":[1135],"woo-feed-brand":[],"class_list":{"0":"post-68254","1":"product","2":"type-product","3":"status-publish","4":"has-post-thumbnail","6":"product_cat-infinity-rosen","7":"product_cat-home-living","8":"product_cat-blumen-pflanzen","9":"product_tag-mon-reve-fleuri","11":"first","12":"instock","13":"taxable","14":"shipping-taxable","15":"purchasable","16":"product-type-simple"},"_links":{"self":[{"href":"https:\/\/fh-staging.vengo.cloud\/de-ch\/wp-json\/wp\/v2\/product\/68254","targetHints":{"allow":["GET"]}}],"collection":[{"href":"https:\/\/fh-staging.vengo.cloud\/de-ch\/wp-json\/wp\/v2\/product"}],"about":[{"href":"https:\/\/fh-staging.vengo.cloud\/de-ch\/wp-json\/wp\/v2\/types\/product"}],"wp:featuredmedia":[{"embeddable":true,"href":"https:\/\/fh-staging.vengo.cloud\/de-ch\/wp-json\/wp\/v2\/media\/68233"}],"wp:attachment":[{"href":"https:\/\/fh-staging.vengo.cloud\/de-ch\/wp-json\/wp\/v2\/media?parent=68254"}],"wp:term":[{"taxonomy":"product_brand","embeddable":true,"href":"https:\/\/fh-staging.vengo.cloud\/de-ch\/wp-json\/wp\/v2\/product_brand?post=68254"},{"taxonomy":"product_cat","embeddable":true,"href":"https:\/\/fh-staging.vengo.cloud\/de-ch\/wp-json\/wp\/v2\/product_cat?post=68254"},{"taxonomy":"product_tag","embeddable":true,"href":"https:\/\/fh-staging.vengo.cloud\/de-ch\/wp-json\/wp\/v2\/product_tag?post=68254"},{"taxonomy":"woo-feed-brand","embeddable":true,"href":"https:\/\/fh-staging.vengo.cloud\/de-ch\/wp-json\/wp\/v2\/woo-feed-brand?post=68254"}],"curies":[{"name":"wp","href":"https:\/\/api.w.org\/{rel}","templated":true}]}}