{"id":67975,"date":"2025-11-11T13:46:30","date_gmt":"2025-11-11T12:46:30","guid":{"rendered":"https:\/\/fh-staging.vengo.cloud\/de-ch\/p\/grablicht-kompo-nr-7-weiss-85h-140x67mm"},"modified":"2025-12-19T09:51:29","modified_gmt":"2025-12-19T08:51:29","slug":"grablicht-kompo-nr-7-weiss-85h-140x67mm","status":"publish","type":"product","link":"https:\/\/fh-staging.vengo.cloud\/de-ch\/p\/grablicht-kompo-nr-7-weiss-85h-140x67mm","title":{"rendered":"Grablicht &#8218;Kompo Nr.7&#8216; weiss &#8211; 85h &#8211; 140x67mm"},"content":{"rendered":"<p>Bolsius Grablicht Kompositions\u2011Licht Nr.\u202f7<br \/>\nBolsius Grablicht Kompositions\u2011Licht Nr.\u202f7<br \/>\n\u00d8 67 mm \u00d7 H 140 mm<\/p>\n<p>Langbrennend. Vertrauensw\u00fcrdig. Stilvoll.<\/p>\n<p>Dieses Grablicht der Marke Bolsius (Modell \u201eKompositions-Licht Nr. 7\u201c) \u00fcberzeugt mit einer Brenndauer von ca. 85 Stunden bei typischer Verwendung im Aussenbereich.<br \/>\nMit seinem klaren Design, wettertauglicher Konstruktion und dem ruhigen Flammenbild eignet es sich besonders f\u00fcr Grabst\u00e4tten und Gedenkorte.<\/p>\n<p>Produktvorteile:<br \/>\nBrenndauer: ca. 85 Stunden<br \/>\nGr\u00f6sse: \u00d8 ca. 67 mm, H\u00f6he ca. 141 mm (Format 141\/67 mm)<br \/>\nAllwetter-Formel sorgt f\u00fcr stabil brennende Flamme im Aussenbereich<br \/>\nSauberer Abbrand mit klarer Flamme und ohne \u00fcberm\u00e4ssige Russbildung<br \/>\nKlassisches Design in Rot (oder Weiss) \u2013 passend f\u00fcr zahlreiche Anwendungen<\/p>\n<p>Technische Daten<br \/>\nFormat: ca. 140 mm H\u00f6he \u00d7 ca. 67 mm \u00d8<br \/>\nFarben: z. B. Rot oder Weiss<br \/>\nEinsatzbereich: Aussen, Grabst\u00e4tten, Gedenkorte<\/p>\n<p>Hinweis: Brenndauer kann witterungs- und zugluftabh\u00e4ngig variieren<\/p>\n","protected":false},"excerpt":{"rendered":"<p>Langanhaltend. Wetterfest. W\u00fcrdevoll.<\/p>\n","protected":false},"featured_media":67974,"template":"","meta":[],"product_brand":[],"product_cat":[103,23,1217,28],"product_tag":[289],"woo-feed-brand":[],"class_list":{"0":"post-67975","1":"product","2":"type-product","3":"status-publish","4":"has-post-thumbnail","6":"product_cat-kerzen","7":"product_cat-home-living","8":"product_cat-kerzen-2","9":"product_cat-kerzen-lichter","10":"product_tag-blumengarten-kung-ag","12":"first","13":"instock","14":"taxable","15":"shipping-taxable","16":"purchasable","17":"product-type-simple"},"_links":{"self":[{"href":"https:\/\/fh-staging.vengo.cloud\/de-ch\/wp-json\/wp\/v2\/product\/67975","targetHints":{"allow":["GET"]}}],"collection":[{"href":"https:\/\/fh-staging.vengo.cloud\/de-ch\/wp-json\/wp\/v2\/product"}],"about":[{"href":"https:\/\/fh-staging.vengo.cloud\/de-ch\/wp-json\/wp\/v2\/types\/product"}],"wp:featuredmedia":[{"embeddable":true,"href":"https:\/\/fh-staging.vengo.cloud\/de-ch\/wp-json\/wp\/v2\/media\/67974"}],"wp:attachment":[{"href":"https:\/\/fh-staging.vengo.cloud\/de-ch\/wp-json\/wp\/v2\/media?parent=67975"}],"wp:term":[{"taxonomy":"product_brand","embeddable":true,"href":"https:\/\/fh-staging.vengo.cloud\/de-ch\/wp-json\/wp\/v2\/product_brand?post=67975"},{"taxonomy":"product_cat","embeddable":true,"href":"https:\/\/fh-staging.vengo.cloud\/de-ch\/wp-json\/wp\/v2\/product_cat?post=67975"},{"taxonomy":"product_tag","embeddable":true,"href":"https:\/\/fh-staging.vengo.cloud\/de-ch\/wp-json\/wp\/v2\/product_tag?post=67975"},{"taxonomy":"woo-feed-brand","embeddable":true,"href":"https:\/\/fh-staging.vengo.cloud\/de-ch\/wp-json\/wp\/v2\/woo-feed-brand?post=67975"}],"curies":[{"name":"wp","href":"https:\/\/api.w.org\/{rel}","templated":true}]}}