{"id":67899,"date":"2025-11-11T13:44:27","date_gmt":"2025-11-11T12:44:27","guid":{"rendered":"https:\/\/fh-staging.vengo.cloud\/de-ch\/p\/teelicht-nature-light-10h-a-8-stueck"},"modified":"2025-12-19T09:47:54","modified_gmt":"2025-12-19T08:47:54","slug":"teelicht-nature-light-10h-a-8-stueck","status":"publish","type":"product","link":"https:\/\/fh-staging.vengo.cloud\/de-ch\/p\/teelicht-nature-light-10h-a-8-stueck","title":{"rendered":"Teelicht &#8218;Nature Light&#8216; 10h \u00e0 8 St\u00fcck"},"content":{"rendered":"<p>Pure Natural Lights \u2013 Nachhaltige Teelichter<br \/>\nNat\u00fcrliche Lichtmomente mit reinem Rapswachs<\/p>\n<p>Durchmesser \u00d856mm<\/p>\n<p>Die Pure Natural Lights von Wenzel bestehen aus nachhaltigem Rapswachs und sind die umweltfreundliche Alternative zu herk\u00f6mmlichen Teelichtern. Das verwendete Wachs ist CO\u2082-neutral im Abbrand und sorgt f\u00fcr ein sauberes, russfreies Brennverhalten. Die H\u00fclle besteht vollst\u00e4ndig aus recyceltem Kunststoff, wodurch Ressourcen geschont und Abf\u00e4lle reduziert werden.<\/p>\n<p>Die Teelichter eignen sich perfekt f\u00fcr den t\u00e4glichen Gebrauch, zum Dekorieren oder f\u00fcr gem\u00fctliche Stunden mit nat\u00fcrlichem Licht.<\/p>\n<p>Produktvorteile:<br \/>\n&#8211; 100 % nachhaltiges Rapswachs<br \/>\n&#8211; H\u00fclle aus Recyclingkunststoff<br \/>\n&#8211; CO\u2082-neutraler Abbrand<br \/>\n&#8211; Saubere, gleichm\u00e4ssige Flamme<br \/>\n&#8211; Verpackung recyclebar<\/p>\n<p>Material: Rapswachs, recycelter Kunststoff<br \/>\nFarbe: Weiss<br \/>\nBrenndauer: ca. 10 h (je nach Umgebung)<br \/>\nZertifizierung: RAL-G\u00fctezeichen f\u00fcr Kerzen<\/p>\n","protected":false},"excerpt":{"rendered":"<p>Nat\u00fcrliche Lichtmomente mit reinem Rapswachs<\/p>\n","protected":false},"featured_media":67898,"template":"","meta":[],"product_brand":[],"product_cat":[103,23,1217,909,1179,911,28],"product_tag":[289],"woo-feed-brand":[],"class_list":{"0":"post-67899","1":"product","2":"type-product","3":"status-publish","4":"has-post-thumbnail","6":"product_cat-kerzen","7":"product_cat-home-living","8":"product_cat-kerzen-2","9":"product_cat-weihnachten","10":"product_cat-weihnachtsdeko","11":"product_cat-accessoires","12":"product_cat-kerzen-lichter","13":"product_tag-blumengarten-kung-ag","15":"first","16":"instock","17":"taxable","18":"shipping-taxable","19":"purchasable","20":"product-type-simple"},"_links":{"self":[{"href":"https:\/\/fh-staging.vengo.cloud\/de-ch\/wp-json\/wp\/v2\/product\/67899","targetHints":{"allow":["GET"]}}],"collection":[{"href":"https:\/\/fh-staging.vengo.cloud\/de-ch\/wp-json\/wp\/v2\/product"}],"about":[{"href":"https:\/\/fh-staging.vengo.cloud\/de-ch\/wp-json\/wp\/v2\/types\/product"}],"wp:featuredmedia":[{"embeddable":true,"href":"https:\/\/fh-staging.vengo.cloud\/de-ch\/wp-json\/wp\/v2\/media\/67898"}],"wp:attachment":[{"href":"https:\/\/fh-staging.vengo.cloud\/de-ch\/wp-json\/wp\/v2\/media?parent=67899"}],"wp:term":[{"taxonomy":"product_brand","embeddable":true,"href":"https:\/\/fh-staging.vengo.cloud\/de-ch\/wp-json\/wp\/v2\/product_brand?post=67899"},{"taxonomy":"product_cat","embeddable":true,"href":"https:\/\/fh-staging.vengo.cloud\/de-ch\/wp-json\/wp\/v2\/product_cat?post=67899"},{"taxonomy":"product_tag","embeddable":true,"href":"https:\/\/fh-staging.vengo.cloud\/de-ch\/wp-json\/wp\/v2\/product_tag?post=67899"},{"taxonomy":"woo-feed-brand","embeddable":true,"href":"https:\/\/fh-staging.vengo.cloud\/de-ch\/wp-json\/wp\/v2\/woo-feed-brand?post=67899"}],"curies":[{"name":"wp","href":"https:\/\/api.w.org\/{rel}","templated":true}]}}