{"id":67851,"date":"2025-11-11T13:43:08","date_gmt":"2025-11-11T12:43:08","guid":{"rendered":"https:\/\/fh-staging.vengo.cloud\/de-ch\/p\/spitzkerzen-245-24mm-samtrot-a-4-stueck"},"modified":"2025-12-19T09:45:59","modified_gmt":"2025-12-19T08:45:59","slug":"spitzkerzen-245-24mm-samtrot-a-4-stueck","status":"publish","type":"product","link":"https:\/\/fh-staging.vengo.cloud\/de-ch\/p\/spitzkerzen-245-24mm-samtrot-a-4-stueck","title":{"rendered":"Spitzkerzen 245\/24mm &#8218;Samtrot&#8216; \u00e0 4 St\u00fcck"},"content":{"rendered":"<p>Spitzkerzen 245 \u00d7 24 mm<br \/>\nLanganhaltend. Tropffrei. Nachhaltig.<\/p>\n<p>Die Spitzkerzen \u00fcberzeugen durch ihre elegante Form, eine sch\u00f6ne, ruhige Flamme und eine Brenndauer von bis zu 7 Stunden. Dank der Max Ambiance\u00ae Technology brennen sie tropffrei und russfrei \u2013 ideal f\u00fcr festliche Tafeln, gem\u00fctliche Abende oder stilvolle Dekorationen.<\/p>\n<p>Hergestellt aus 40 % pflanzlichem Wachs und ohne Palm\u00f6l, vereinen sie h\u00f6chste Qualit\u00e4t mit einem verantwortungsvollen Nachhaltigkeitsanspruch.<\/p>\n<p>Produktvorteile:<br \/>\n&#8211; Brenndauer: ca. 7 Stunden<br \/>\n&#8211; Tropffrei und russfrei<br \/>\n&#8211; Ohne Palm\u00f6l<br \/>\n&#8211; 40 % pflanzenbasiertes Wachs<br \/>\n&#8211; Sch\u00f6ner, gleichm\u00e4ssiger Abbrand<br \/>\n&#8211; Passformfuss f\u00fcr sicheren Halt in g\u00e4ngigen Kerzenhaltern<\/p>\n<p>Technische Daten:<br \/>\nMasse: \u00d8 24 mm \u00d7 H\u00f6he 245 mm<br \/>\nMaterial: 40 % pflanzliches Wachs<br \/>\nBrenndauer: ca. 7 h<\/p>\n","protected":false},"excerpt":{"rendered":"<p>Langanhaltend. Tropffrei. Nachhaltig.<\/p>\n","protected":false},"featured_media":67850,"template":"","meta":[],"product_brand":[],"product_cat":[103,23,1178,909,1179,911,28],"product_tag":[289],"woo-feed-brand":[],"class_list":{"0":"post-67851","1":"product","2":"type-product","3":"status-publish","4":"has-post-thumbnail","6":"product_cat-kerzen","7":"product_cat-home-living","8":"product_cat-diy","9":"product_cat-weihnachten","10":"product_cat-weihnachtsdeko","11":"product_cat-accessoires","12":"product_cat-kerzen-lichter","13":"product_tag-blumengarten-kung-ag","15":"first","16":"instock","17":"taxable","18":"shipping-taxable","19":"purchasable","20":"product-type-simple"},"_links":{"self":[{"href":"https:\/\/fh-staging.vengo.cloud\/de-ch\/wp-json\/wp\/v2\/product\/67851","targetHints":{"allow":["GET"]}}],"collection":[{"href":"https:\/\/fh-staging.vengo.cloud\/de-ch\/wp-json\/wp\/v2\/product"}],"about":[{"href":"https:\/\/fh-staging.vengo.cloud\/de-ch\/wp-json\/wp\/v2\/types\/product"}],"wp:featuredmedia":[{"embeddable":true,"href":"https:\/\/fh-staging.vengo.cloud\/de-ch\/wp-json\/wp\/v2\/media\/67850"}],"wp:attachment":[{"href":"https:\/\/fh-staging.vengo.cloud\/de-ch\/wp-json\/wp\/v2\/media?parent=67851"}],"wp:term":[{"taxonomy":"product_brand","embeddable":true,"href":"https:\/\/fh-staging.vengo.cloud\/de-ch\/wp-json\/wp\/v2\/product_brand?post=67851"},{"taxonomy":"product_cat","embeddable":true,"href":"https:\/\/fh-staging.vengo.cloud\/de-ch\/wp-json\/wp\/v2\/product_cat?post=67851"},{"taxonomy":"product_tag","embeddable":true,"href":"https:\/\/fh-staging.vengo.cloud\/de-ch\/wp-json\/wp\/v2\/product_tag?post=67851"},{"taxonomy":"woo-feed-brand","embeddable":true,"href":"https:\/\/fh-staging.vengo.cloud\/de-ch\/wp-json\/wp\/v2\/woo-feed-brand?post=67851"}],"curies":[{"name":"wp","href":"https:\/\/api.w.org\/{rel}","templated":true}]}}