{"id":67680,"date":"2025-11-11T13:38:29","date_gmt":"2025-11-11T12:38:29","guid":{"rendered":"https:\/\/fh-staging.vengo.cloud\/de-ch\/p\/kerzen-granulat-ohne-duft-400gr"},"modified":"2025-12-19T08:59:13","modified_gmt":"2025-12-19T07:59:13","slug":"kerzen-granulat-ohne-duft-400gr","status":"publish","type":"product","link":"https:\/\/fh-staging.vengo.cloud\/de-ch\/p\/kerzen-granulat-ohne-duft-400gr","title":{"rendered":"Kerzen-Granulat &#8218;ohne Duft&#8216; 400gr"},"content":{"rendered":"<p>Candle Granulate \u2013 Create Your Own Light<br \/>\nGestalte dein eigenes Kerzenlicht<\/p>\n<p>Mit dem Candle Granulate von Wenzel verwandeln Sie jedes hitzebest\u00e4ndige Gef\u00e4ss, wie z. B. ein Glas, im Handumdrehen in eine einzigartige Kerze. Das feine Wachsgranulat l\u00e4sst sich einfach einf\u00fcllen, individuell dosieren und wiederverwenden \u2013 ideal f\u00fcr kreative DIY-Ideen oder als stilvolles Geschenk.<\/p>\n<p>Jede Packung enth\u00e4lt 400 g weisses Wachsgranulat sowie vier passende Dochte, die sich leicht auf die gew\u00fcnschte L\u00e4nge zuschneiden lassen.<\/p>\n<p>Anwendung:<br \/>\n&#8211; Docht mittig in ein hitzebest\u00e4ndiges Gef\u00e4ss stellen.<br \/>\n&#8211; Wachsgranulat in das Gef\u00e4ss f\u00fcllen.<br \/>\n&#8211; Docht ggf. auf passende L\u00e4nge k\u00fcrzen.<br \/>\n&#8211; Fertig ist Ihre DIY-Kerze!<\/p>\n<p>Erh\u00e4ltliche Duftrichtungen:<br \/>\n&#8211; Neutral (ohne Duft) \u2013 olivfarbene Verpackung<br \/>\n&#8211; Bourbon Vanilla \u2013 sandfarbene Verpackung<br \/>\n&#8211; Lavender Fields \u2013 violette Verpackung<br \/>\n&#8211; Lemongrass \u2013 gr\u00fcne Verpackung<\/p>\n<p>Inhalt:<br \/>\n&#8211; 400 g Wachsgranulat (weiss)<br \/>\n&#8211; 4 Dochte (je ca. 8 cm lang, geeignet f\u00fcr Gef\u00e4sse mit \u00d8 5\u20137 cm)<\/p>\n<p>Hinweis:<br \/>\nNur in hitzebest\u00e4ndigen Gef\u00e4ssen verwenden.<\/p>\n<p>Nachhaltigkeit:<br \/>\nVerpackung FSC\u00ae-zertifiziert, recycelbar (Beutel + Folie getrennt entsorgen).<\/p>\n","protected":false},"excerpt":{"rendered":"<p>Gestalte dein eigenes Kerzenlicht<\/p>\n","protected":false},"featured_media":67679,"template":"","meta":[],"product_brand":[],"product_cat":[1195,23,1217,103,29,28],"product_tag":[289],"woo-feed-brand":[],"class_list":{"0":"post-67680","1":"product","2":"type-product","3":"status-publish","4":"has-post-thumbnail","6":"product_cat-dekogrundlagen","7":"product_cat-home-living","8":"product_cat-kerzen-2","9":"product_cat-kerzen","10":"product_cat-do-it-yourself","11":"product_cat-kerzen-lichter","12":"product_tag-blumengarten-kung-ag","14":"first","15":"instock","16":"taxable","17":"shipping-taxable","18":"purchasable","19":"product-type-simple"},"_links":{"self":[{"href":"https:\/\/fh-staging.vengo.cloud\/de-ch\/wp-json\/wp\/v2\/product\/67680","targetHints":{"allow":["GET"]}}],"collection":[{"href":"https:\/\/fh-staging.vengo.cloud\/de-ch\/wp-json\/wp\/v2\/product"}],"about":[{"href":"https:\/\/fh-staging.vengo.cloud\/de-ch\/wp-json\/wp\/v2\/types\/product"}],"wp:featuredmedia":[{"embeddable":true,"href":"https:\/\/fh-staging.vengo.cloud\/de-ch\/wp-json\/wp\/v2\/media\/67679"}],"wp:attachment":[{"href":"https:\/\/fh-staging.vengo.cloud\/de-ch\/wp-json\/wp\/v2\/media?parent=67680"}],"wp:term":[{"taxonomy":"product_brand","embeddable":true,"href":"https:\/\/fh-staging.vengo.cloud\/de-ch\/wp-json\/wp\/v2\/product_brand?post=67680"},{"taxonomy":"product_cat","embeddable":true,"href":"https:\/\/fh-staging.vengo.cloud\/de-ch\/wp-json\/wp\/v2\/product_cat?post=67680"},{"taxonomy":"product_tag","embeddable":true,"href":"https:\/\/fh-staging.vengo.cloud\/de-ch\/wp-json\/wp\/v2\/product_tag?post=67680"},{"taxonomy":"woo-feed-brand","embeddable":true,"href":"https:\/\/fh-staging.vengo.cloud\/de-ch\/wp-json\/wp\/v2\/woo-feed-brand?post=67680"}],"curies":[{"name":"wp","href":"https:\/\/api.w.org\/{rel}","templated":true}]}}