{"id":67668,"date":"2025-11-11T13:38:08","date_gmt":"2025-11-11T12:38:08","guid":{"rendered":"https:\/\/fh-staging.vengo.cloud\/de-ch\/p\/teelicht-papier-6h-a-12-stueck"},"modified":"2025-12-19T09:00:04","modified_gmt":"2025-12-19T08:00:04","slug":"teelicht-papier-6h-a-12-stueck","status":"publish","type":"product","link":"https:\/\/fh-staging.vengo.cloud\/de-ch\/p\/teelicht-papier-6h-a-12-stueck","title":{"rendered":"Teelicht &#8218;Papier&#8216; 6h \u00e0 12 St\u00fcck"},"content":{"rendered":"<p>LIGHT.ONE \u2013 Paper Tealight<br \/>\nNachhaltig. Nat\u00fcrlich. Innovativ.<\/p>\n<p>Die LIGHT.ONE Paper Tealights vereinen Nachhaltigkeit und modernes Design in einem einzigartigen Teelicht. Die feuerfeste Papierh\u00fclle ersetzt herk\u00f6mmliche Aluminium- oder Kunststoffschalen und ist vollst\u00e4ndig biologisch abbaubar. Das Teelicht besteht aus 100 % Naturwachs und verbrennt CO\u2082-neutral, ohne Russ oder R\u00fcckst\u00e4nde.<\/p>\n<p>Die umweltfreundlichen LIGHT.ONE Teelichter sind ideal f\u00fcr bewusste Konsumenten, die auf Qualit\u00e4t, \u00c4sthetik und Nachhaltigkeit Wert legen \u2013 perfekt f\u00fcr Zuhause, Gastronomie oder besondere Anl\u00e4sse.<\/p>\n<p>Produktvorteile:<br \/>\n&#8211; Feuerfeste Papierh\u00fclle \u2013 keine Aluminium- oder Kunststoffreste<br \/>\n&#8211; 100 % Naturwachs<br \/>\n&#8211; CO\u2082-neutraler Abbrand<br \/>\n&#8211; Saubere und ruhige Flamme<br \/>\n&#8211; Verpackung aus Recyclingkarton<\/p>\n<p>Technische Daten:<br \/>\nInhalt: 12 Teelichter<br \/>\nMasse: ca. \u00d8 42 \u00d7 25 mm<br \/>\nBrenndauer: ca. 6 Stunden<br \/>\nMaterial: Naturwachs, Papierh\u00fclle<\/p>\n","protected":false},"excerpt":{"rendered":"<p>Nachhaltig. Nat\u00fcrlich. Innovativ.<\/p>\n","protected":false},"featured_media":67667,"template":"","meta":[],"product_brand":[],"product_cat":[103,23,1217,909,1179,911,28],"product_tag":[289],"woo-feed-brand":[],"class_list":{"0":"post-67668","1":"product","2":"type-product","3":"status-publish","4":"has-post-thumbnail","6":"product_cat-kerzen","7":"product_cat-home-living","8":"product_cat-kerzen-2","9":"product_cat-weihnachten","10":"product_cat-weihnachtsdeko","11":"product_cat-accessoires","12":"product_cat-kerzen-lichter","13":"product_tag-blumengarten-kung-ag","15":"first","16":"instock","17":"taxable","18":"shipping-taxable","19":"purchasable","20":"product-type-simple"},"_links":{"self":[{"href":"https:\/\/fh-staging.vengo.cloud\/de-ch\/wp-json\/wp\/v2\/product\/67668","targetHints":{"allow":["GET"]}}],"collection":[{"href":"https:\/\/fh-staging.vengo.cloud\/de-ch\/wp-json\/wp\/v2\/product"}],"about":[{"href":"https:\/\/fh-staging.vengo.cloud\/de-ch\/wp-json\/wp\/v2\/types\/product"}],"wp:featuredmedia":[{"embeddable":true,"href":"https:\/\/fh-staging.vengo.cloud\/de-ch\/wp-json\/wp\/v2\/media\/67667"}],"wp:attachment":[{"href":"https:\/\/fh-staging.vengo.cloud\/de-ch\/wp-json\/wp\/v2\/media?parent=67668"}],"wp:term":[{"taxonomy":"product_brand","embeddable":true,"href":"https:\/\/fh-staging.vengo.cloud\/de-ch\/wp-json\/wp\/v2\/product_brand?post=67668"},{"taxonomy":"product_cat","embeddable":true,"href":"https:\/\/fh-staging.vengo.cloud\/de-ch\/wp-json\/wp\/v2\/product_cat?post=67668"},{"taxonomy":"product_tag","embeddable":true,"href":"https:\/\/fh-staging.vengo.cloud\/de-ch\/wp-json\/wp\/v2\/product_tag?post=67668"},{"taxonomy":"woo-feed-brand","embeddable":true,"href":"https:\/\/fh-staging.vengo.cloud\/de-ch\/wp-json\/wp\/v2\/woo-feed-brand?post=67668"}],"curies":[{"name":"wp","href":"https:\/\/api.w.org\/{rel}","templated":true}]}}