{"id":67347,"date":"2025-11-06T18:23:01","date_gmt":"2025-11-06T17:23:01","guid":{"rendered":"https:\/\/fh-staging.vengo.cloud\/de-ch\/?post_type=product&#038;p=67347"},"modified":"2025-12-19T09:01:57","modified_gmt":"2025-12-19T08:01:57","slug":"marktbouquet-x-mas","status":"publish","type":"product","link":"https:\/\/fh-staging.vengo.cloud\/de-ch\/p\/marktbouquet-x-mas","title":{"rendered":"Marktbouquet X-Mas"},"content":{"rendered":"<p>Mit nat\u00fcrlichen Hafer, rotem Phalaris, hellgr\u00fcnem Lagurus, hellgr\u00fcnem Linum, kupferfarbenem Lupidium und rotem Besenblumen &#8211; perfekt f\u00fcr einen fr\u00f6hlichen und saisonalen Touch mit lebendigen Feiertagst\u00f6nen. Jeder Strauss wird sorgf\u00e4ltig von Hand gebunden, um ein nat\u00fcrliches und authentisches Aussehen zu gew\u00e4hrleisten.<\/p>\n<p><strong>Hinweis<br \/>\n<\/strong>Bitte beachte, dass Trockenblumen nat\u00fcrlich und saisonal sind und es daher zu Abweichungen in der Art und Farbe der Blumen im Vergleich zum Foto kommen kann.<\/p>\n","protected":false},"excerpt":{"rendered":"<p>Ein festlicher und fr\u00f6hlicher Marktstrauss.<\/p>\n","protected":false},"featured_media":66714,"template":"","meta":[],"product_brand":[],"product_cat":[23,909,1179,911,117,52,55],"product_tag":[1168],"woo-feed-brand":[],"class_list":{"0":"post-67347","1":"product","2":"type-product","3":"status-publish","4":"has-post-thumbnail","6":"product_cat-home-living","7":"product_cat-weihnachten","8":"product_cat-weihnachtsdeko","9":"product_cat-accessoires","10":"product_cat-trockenblumen","11":"product_cat-geschenke","12":"product_cat-blumige-geschenke","13":"product_tag-melia-atelier","15":"first","16":"instock","17":"taxable","18":"shipping-taxable","19":"purchasable","20":"product-type-simple"},"_links":{"self":[{"href":"https:\/\/fh-staging.vengo.cloud\/de-ch\/wp-json\/wp\/v2\/product\/67347","targetHints":{"allow":["GET"]}}],"collection":[{"href":"https:\/\/fh-staging.vengo.cloud\/de-ch\/wp-json\/wp\/v2\/product"}],"about":[{"href":"https:\/\/fh-staging.vengo.cloud\/de-ch\/wp-json\/wp\/v2\/types\/product"}],"wp:featuredmedia":[{"embeddable":true,"href":"https:\/\/fh-staging.vengo.cloud\/de-ch\/wp-json\/wp\/v2\/media\/66714"}],"wp:attachment":[{"href":"https:\/\/fh-staging.vengo.cloud\/de-ch\/wp-json\/wp\/v2\/media?parent=67347"}],"wp:term":[{"taxonomy":"product_brand","embeddable":true,"href":"https:\/\/fh-staging.vengo.cloud\/de-ch\/wp-json\/wp\/v2\/product_brand?post=67347"},{"taxonomy":"product_cat","embeddable":true,"href":"https:\/\/fh-staging.vengo.cloud\/de-ch\/wp-json\/wp\/v2\/product_cat?post=67347"},{"taxonomy":"product_tag","embeddable":true,"href":"https:\/\/fh-staging.vengo.cloud\/de-ch\/wp-json\/wp\/v2\/product_tag?post=67347"},{"taxonomy":"woo-feed-brand","embeddable":true,"href":"https:\/\/fh-staging.vengo.cloud\/de-ch\/wp-json\/wp\/v2\/woo-feed-brand?post=67347"}],"curies":[{"name":"wp","href":"https:\/\/api.w.org\/{rel}","templated":true}]}}