{"id":67047,"date":"2025-11-02T20:19:40","date_gmt":"2025-11-02T19:19:40","guid":{"rendered":"https:\/\/fh-staging.vengo.cloud\/fr-ch\/?post_type=product&#038;p=67047"},"modified":"2025-12-19T09:03:46","modified_gmt":"2025-12-19T08:03:46","slug":"strauss-surprise","status":"publish","type":"product","link":"https:\/\/fh-staging.vengo.cloud\/de-ch\/p\/strauss-surprise","title":{"rendered":"Strauss &#171;Surprise&#187;"},"content":{"rendered":"<p>Dieser Strauss in herbstlichen Farben mit hellrosa Rosen ist einfach zauberhaft und sorgt f\u00fcr eine sch\u00f6ne \u00dcberraschung.<br \/>\nDie Pflanzen sind zu 100 % nat\u00fcrlich und halten mehrere Jahre, ohne dass sie gepflegt werden m\u00fcssen.<br \/>\nNur die kleinen roten Beeren sind k\u00fcnstlich.<\/p>\n","protected":false},"excerpt":{"rendered":"<p>Wundersch\u00f6ner Strauss aus getrockneten und stabilisierten Blumen<\/p>\n","protected":false},"featured_media":67049,"template":"","meta":[],"product_brand":[],"product_cat":[117,23,102,26,52,55],"product_tag":[1135],"woo-feed-brand":[],"class_list":{"0":"post-67047","1":"product","2":"type-product","3":"status-publish","4":"has-post-thumbnail","6":"product_cat-trockenblumen","7":"product_cat-home-living","8":"product_cat-infinity-rosen","9":"product_cat-blumen-pflanzen","10":"product_cat-geschenke","11":"product_cat-blumige-geschenke","12":"product_tag-mon-reve-fleuri","14":"first","15":"instock","16":"taxable","17":"shipping-taxable","18":"purchasable","19":"product-type-simple"},"_links":{"self":[{"href":"https:\/\/fh-staging.vengo.cloud\/de-ch\/wp-json\/wp\/v2\/product\/67047","targetHints":{"allow":["GET"]}}],"collection":[{"href":"https:\/\/fh-staging.vengo.cloud\/de-ch\/wp-json\/wp\/v2\/product"}],"about":[{"href":"https:\/\/fh-staging.vengo.cloud\/de-ch\/wp-json\/wp\/v2\/types\/product"}],"wp:featuredmedia":[{"embeddable":true,"href":"https:\/\/fh-staging.vengo.cloud\/de-ch\/wp-json\/wp\/v2\/media\/67049"}],"wp:attachment":[{"href":"https:\/\/fh-staging.vengo.cloud\/de-ch\/wp-json\/wp\/v2\/media?parent=67047"}],"wp:term":[{"taxonomy":"product_brand","embeddable":true,"href":"https:\/\/fh-staging.vengo.cloud\/de-ch\/wp-json\/wp\/v2\/product_brand?post=67047"},{"taxonomy":"product_cat","embeddable":true,"href":"https:\/\/fh-staging.vengo.cloud\/de-ch\/wp-json\/wp\/v2\/product_cat?post=67047"},{"taxonomy":"product_tag","embeddable":true,"href":"https:\/\/fh-staging.vengo.cloud\/de-ch\/wp-json\/wp\/v2\/product_tag?post=67047"},{"taxonomy":"woo-feed-brand","embeddable":true,"href":"https:\/\/fh-staging.vengo.cloud\/de-ch\/wp-json\/wp\/v2\/woo-feed-brand?post=67047"}],"curies":[{"name":"wp","href":"https:\/\/api.w.org\/{rel}","templated":true}]}}