{"id":65624,"date":"2025-10-13T22:06:50","date_gmt":"2025-10-13T20:06:50","guid":{"rendered":"https:\/\/fh-staging.vengo.cloud\/de-ch\/p\/anstecknadel-reverse-transparent-1-stueck"},"modified":"2025-12-19T09:24:36","modified_gmt":"2025-12-19T08:24:36","slug":"anstecknadel-reverse-transparent-1-stueck","status":"publish","type":"product","link":"https:\/\/fh-staging.vengo.cloud\/de-ch\/p\/anstecknadel-reverse-transparent-1-stueck","title":{"rendered":"Anstecknadel Reverse &#8218;transparent&#8216; 1 St\u00fcck"},"content":{"rendered":"<p>Revers Anstecknadeln<br \/>\nRevers Anstecknadeln (Gala Clip) 5 cm<\/p>\n<p>Verwendungszweck:<br \/>\nPraktische Steckhalter zur Befestigung von Ansteckblumen, Boutonni\u00e8ren oder kleinen floralen Arrangements an der Kleidung. Ideal f\u00fcr Hochzeiten, festliche Anl\u00e4sse oder Events.<\/p>\n<p>Produkteigenschaften + Vorteile:<br \/>\n&#8211; erh\u00e4ltlich in Transparent oder Gr\u00fcn<br \/>\n&#8211; L\u00e4nge: 5 cm<br \/>\n&#8211; mit Sicherheitsnadel f\u00fcr sicheren Halt an der Kleidung<br \/>\n&#8211; geriffelter Schaft f\u00fcr besseren Halt in der Steckmasse<br \/>\n&#8211; leicht, stabil und wiederverwendbar<br \/>\n&#8211; in Klarsichtbox mit 50 St\u00fcck oder einzeln erh\u00e4ltlich<\/p>\n<p>Auch bekannt als Gala Clip.<\/p>\n","protected":false},"excerpt":{"rendered":"<p>Praktische Steckhalter zur Befestigung von Ansteckblumen, Boutonni\u00e8ren oder kleinen floralen Arrangements an der Kleidung.<\/p>\n","protected":false},"featured_media":65695,"template":"","meta":[],"product_brand":[],"product_cat":[29,23,1178,1194,909,911],"product_tag":[289],"woo-feed-brand":[],"class_list":{"0":"post-65624","1":"product","2":"type-product","3":"status-publish","4":"has-post-thumbnail","6":"product_cat-do-it-yourself","7":"product_cat-home-living","8":"product_cat-diy","9":"product_cat-diy-helfer","10":"product_cat-weihnachten","11":"product_cat-accessoires","12":"product_tag-blumengarten-kung-ag","14":"first","15":"instock","16":"taxable","17":"shipping-taxable","18":"purchasable","19":"product-type-simple"},"_links":{"self":[{"href":"https:\/\/fh-staging.vengo.cloud\/de-ch\/wp-json\/wp\/v2\/product\/65624","targetHints":{"allow":["GET"]}}],"collection":[{"href":"https:\/\/fh-staging.vengo.cloud\/de-ch\/wp-json\/wp\/v2\/product"}],"about":[{"href":"https:\/\/fh-staging.vengo.cloud\/de-ch\/wp-json\/wp\/v2\/types\/product"}],"wp:featuredmedia":[{"embeddable":true,"href":"https:\/\/fh-staging.vengo.cloud\/de-ch\/wp-json\/wp\/v2\/media\/65695"}],"wp:attachment":[{"href":"https:\/\/fh-staging.vengo.cloud\/de-ch\/wp-json\/wp\/v2\/media?parent=65624"}],"wp:term":[{"taxonomy":"product_brand","embeddable":true,"href":"https:\/\/fh-staging.vengo.cloud\/de-ch\/wp-json\/wp\/v2\/product_brand?post=65624"},{"taxonomy":"product_cat","embeddable":true,"href":"https:\/\/fh-staging.vengo.cloud\/de-ch\/wp-json\/wp\/v2\/product_cat?post=65624"},{"taxonomy":"product_tag","embeddable":true,"href":"https:\/\/fh-staging.vengo.cloud\/de-ch\/wp-json\/wp\/v2\/product_tag?post=65624"},{"taxonomy":"woo-feed-brand","embeddable":true,"href":"https:\/\/fh-staging.vengo.cloud\/de-ch\/wp-json\/wp\/v2\/woo-feed-brand?post=65624"}],"curies":[{"name":"wp","href":"https:\/\/api.w.org\/{rel}","templated":true}]}}