{"id":65617,"date":"2025-10-13T22:06:47","date_gmt":"2025-10-13T20:06:47","guid":{"rendered":"https:\/\/fh-staging.vengo.cloud\/de-ch\/p\/myrtendraht-gold-0-3mm-1x-rolle"},"modified":"2025-12-19T09:23:19","modified_gmt":"2025-12-19T08:23:19","slug":"myrtendraht-gold-0-3mm-1x-rolle","status":"publish","type":"product","link":"https:\/\/fh-staging.vengo.cloud\/de-ch\/p\/myrtendraht-gold-0-3mm-1x-rolle","title":{"rendered":"Myrtendraht &#8218;Gold&#8216; 0.3mm 1x Rolle"},"content":{"rendered":"<p>Verwendungszweck:<br \/>\nDekorativer Bindedraht zum Gestalten, Fixieren und Binden von Kr\u00e4nzen, Gestecken und floristischen Werkst\u00fccken. Besonders geeignet f\u00fcr festliche Anl\u00e4sse wie Weihnachten, Hochzeiten oder elegante Arrangements.<\/p>\n<p>Produkteigenschaften + Vorteile:<br \/>\nSt\u00e4rke: 0,3 mm<br \/>\nFarbe: gold<br \/>\nauf Rolle, ca. 100 g<br \/>\nflexibel und stabil<br \/>\nverleiht Werkst\u00fccken einen edlen Glanz<br \/>\nideal zum Binden, Verzieren und kreativen Gestalten<\/p>\n","protected":false},"excerpt":{"rendered":"<p>Dekorativer Bindedraht zum Gestalten, Fixieren und Binden von Kr\u00e4nzen, Gestecken und floristischen Werkst\u00fccken.<\/p>\n","protected":false},"featured_media":65686,"template":"","meta":[],"product_brand":[],"product_cat":[29,23,1178,1194,909,911],"product_tag":[289],"woo-feed-brand":[],"class_list":{"0":"post-65617","1":"product","2":"type-product","3":"status-publish","4":"has-post-thumbnail","6":"product_cat-do-it-yourself","7":"product_cat-home-living","8":"product_cat-diy","9":"product_cat-diy-helfer","10":"product_cat-weihnachten","11":"product_cat-accessoires","12":"product_tag-blumengarten-kung-ag","14":"first","15":"instock","16":"taxable","17":"shipping-taxable","18":"purchasable","19":"product-type-simple"},"_links":{"self":[{"href":"https:\/\/fh-staging.vengo.cloud\/de-ch\/wp-json\/wp\/v2\/product\/65617","targetHints":{"allow":["GET"]}}],"collection":[{"href":"https:\/\/fh-staging.vengo.cloud\/de-ch\/wp-json\/wp\/v2\/product"}],"about":[{"href":"https:\/\/fh-staging.vengo.cloud\/de-ch\/wp-json\/wp\/v2\/types\/product"}],"wp:featuredmedia":[{"embeddable":true,"href":"https:\/\/fh-staging.vengo.cloud\/de-ch\/wp-json\/wp\/v2\/media\/65686"}],"wp:attachment":[{"href":"https:\/\/fh-staging.vengo.cloud\/de-ch\/wp-json\/wp\/v2\/media?parent=65617"}],"wp:term":[{"taxonomy":"product_brand","embeddable":true,"href":"https:\/\/fh-staging.vengo.cloud\/de-ch\/wp-json\/wp\/v2\/product_brand?post=65617"},{"taxonomy":"product_cat","embeddable":true,"href":"https:\/\/fh-staging.vengo.cloud\/de-ch\/wp-json\/wp\/v2\/product_cat?post=65617"},{"taxonomy":"product_tag","embeddable":true,"href":"https:\/\/fh-staging.vengo.cloud\/de-ch\/wp-json\/wp\/v2\/product_tag?post=65617"},{"taxonomy":"woo-feed-brand","embeddable":true,"href":"https:\/\/fh-staging.vengo.cloud\/de-ch\/wp-json\/wp\/v2\/woo-feed-brand?post=65617"}],"curies":[{"name":"wp","href":"https:\/\/api.w.org\/{rel}","templated":true}]}}