{"id":65607,"date":"2025-10-13T22:06:42","date_gmt":"2025-10-13T20:06:42","guid":{"rendered":"https:\/\/fh-staging.vengo.cloud\/de-ch\/p\/wickeldraht-blaugeglueht-0-65-mm-1x-pack-a-25-rollen"},"modified":"2025-12-19T09:20:45","modified_gmt":"2025-12-19T08:20:45","slug":"wickeldraht-blaugeglueht-0-65-mm-1x-pack-a-25-rollen","status":"publish","type":"product","link":"https:\/\/fh-staging.vengo.cloud\/de-ch\/p\/wickeldraht-blaugeglueht-0-65-mm-1x-pack-a-25-rollen","title":{"rendered":"Wickeldraht &#8218;blaugegl\u00fcht&#8216; 0.65 mm 1x Pack \u00e0 25 Rollen"},"content":{"rendered":"<p>Wickeldraht auf Holzstab \u2013 gr\u00fcnlackiert oder blaugegl\u00fcht<\/p>\n<p>Der klassische Bindedraht auf Holzstab ist ideal zum Selberbinden von Kr\u00e4nzen, Adventskr\u00e4nzen und Gestecken. Durch seine flexible, aber stabile Beschaffenheit l\u00e4sst sich der Draht leicht verarbeiten und fest um Zweige, Tannengr\u00fcn oder Dekoelemente wickeln.<\/p>\n<p>Erh\u00e4ltlich in zwei Varianten:<br \/>\n&#8211; Gr\u00fcnlackiert: Rostgesch\u00fctzt \u2013 ideal f\u00fcr langlebige Dekorationen im Innen- und Aussenbereich.<br \/>\n&#8211; Blaugegl\u00fcht: Unbehandelt \u2013 eignet sich besonders f\u00fcr nat\u00fcrliche, kompostierbare Kr\u00e4nze, da sich der Draht mit der Zeit zersetzt.<\/p>\n<p>Hinweis:<br \/>\nDer blaugegl\u00fchte Draht kann Rost ansetzen und Rostflecken verursachen, ist jedoch umweltfreundlich und ideal f\u00fcr nachhaltige Floristik.<\/p>\n<p>Eigenschaften:<br \/>\n&#8211; L\u00e4nge: ca. 50 m<br \/>\n&#8211; Durchmesser: 0,50 mm<br \/>\n&#8211; Gewicht: ca. 100 g<br \/>\n&#8211; Auf Holzstab gewickelt<br \/>\n&#8211; In gr\u00fcnlackiert oder blaugegl\u00fcht erh\u00e4ltlich<\/p>\n<p>Anwendung:<br \/>\nPerfekt zum Binden von Adventskr\u00e4nzen, Gestecken, Trauerfloristik, Blumenarrangements und Naturdekorationen.<\/p>\n","protected":false},"excerpt":{"rendered":"<p>Perfekt zum Binden von Adventskr\u00e4nzen, Gestecken, Trauerfloristik, Blumenarrangements und Naturdekorationen.<\/p>\n","protected":false},"featured_media":65676,"template":"","meta":[],"product_brand":[],"product_cat":[29,23,1178,1194,909,911],"product_tag":[289],"woo-feed-brand":[],"class_list":{"0":"post-65607","1":"product","2":"type-product","3":"status-publish","4":"has-post-thumbnail","6":"product_cat-do-it-yourself","7":"product_cat-home-living","8":"product_cat-diy","9":"product_cat-diy-helfer","10":"product_cat-weihnachten","11":"product_cat-accessoires","12":"product_tag-blumengarten-kung-ag","14":"first","15":"instock","16":"taxable","17":"shipping-taxable","18":"purchasable","19":"product-type-simple"},"_links":{"self":[{"href":"https:\/\/fh-staging.vengo.cloud\/de-ch\/wp-json\/wp\/v2\/product\/65607","targetHints":{"allow":["GET"]}}],"collection":[{"href":"https:\/\/fh-staging.vengo.cloud\/de-ch\/wp-json\/wp\/v2\/product"}],"about":[{"href":"https:\/\/fh-staging.vengo.cloud\/de-ch\/wp-json\/wp\/v2\/types\/product"}],"wp:featuredmedia":[{"embeddable":true,"href":"https:\/\/fh-staging.vengo.cloud\/de-ch\/wp-json\/wp\/v2\/media\/65676"}],"wp:attachment":[{"href":"https:\/\/fh-staging.vengo.cloud\/de-ch\/wp-json\/wp\/v2\/media?parent=65607"}],"wp:term":[{"taxonomy":"product_brand","embeddable":true,"href":"https:\/\/fh-staging.vengo.cloud\/de-ch\/wp-json\/wp\/v2\/product_brand?post=65607"},{"taxonomy":"product_cat","embeddable":true,"href":"https:\/\/fh-staging.vengo.cloud\/de-ch\/wp-json\/wp\/v2\/product_cat?post=65607"},{"taxonomy":"product_tag","embeddable":true,"href":"https:\/\/fh-staging.vengo.cloud\/de-ch\/wp-json\/wp\/v2\/product_tag?post=65607"},{"taxonomy":"woo-feed-brand","embeddable":true,"href":"https:\/\/fh-staging.vengo.cloud\/de-ch\/wp-json\/wp\/v2\/woo-feed-brand?post=65607"}],"curies":[{"name":"wp","href":"https:\/\/api.w.org\/{rel}","templated":true}]}}