{"id":65604,"date":"2025-10-13T22:06:41","date_gmt":"2025-10-13T20:06:41","guid":{"rendered":"https:\/\/fh-staging.vengo.cloud\/de-ch\/p\/steckdraht-blaugeglueht-2kg-1-6-x-400-mm"},"modified":"2025-12-19T09:20:38","modified_gmt":"2025-12-19T08:20:38","slug":"steckdraht-blaugeglueht-2kg-1-6-x-400-mm","status":"publish","type":"product","link":"https:\/\/fh-staging.vengo.cloud\/de-ch\/p\/steckdraht-blaugeglueht-2kg-1-6-x-400-mm","title":{"rendered":"Steckdraht &#8218;blaugegl\u00fcht&#8216; 2kg 1.6 x 400 mm"},"content":{"rendered":"<p>Steckdraht blaugegl\u00fcht, 2-spitz<\/p>\n<p>Verwendungszweck:<br \/>\nRobuster Draht zum Fixieren, Stabilisieren und Verbinden in der Floristik, besonders bei Gestecken, Kr\u00e4nzen und Arrangements mit schweren Materialien.<\/p>\n<p>Produkteigenschaften + Vorteile:<br \/>\n&#8211; blaugegl\u00fcht f\u00fcr erh\u00f6hte Festigkeit und Elastizit\u00e4t<br \/>\n&#8211; beidseitig angespitzt (2-spitz) f\u00fcr einfaches Einstecken<br \/>\n&#8211; schwarz-bl\u00e4uliche Oberfl\u00e4che, unauff\u00e4llig im Werkst\u00fcck<br \/>\n&#8211; vielseitig einsetzbar f\u00fcr Floristik, Dekoration und Handwerk<br \/>\n&#8211; hohe Stabilit\u00e4t und wiederverwendbar<\/p>\n","protected":false},"excerpt":{"rendered":"<p>Robuster Draht zum Fixieren, Stabilisieren und Verbinden in der Floristik, besonders bei Gestecken, Kr\u00e4nzen und Arrangements mit schweren Materialien.<\/p>\n","protected":false},"featured_media":65672,"template":"","meta":[],"product_brand":[],"product_cat":[29,23,1178,1194,909,911],"product_tag":[289],"woo-feed-brand":[],"class_list":{"0":"post-65604","1":"product","2":"type-product","3":"status-publish","4":"has-post-thumbnail","6":"product_cat-do-it-yourself","7":"product_cat-home-living","8":"product_cat-diy","9":"product_cat-diy-helfer","10":"product_cat-weihnachten","11":"product_cat-accessoires","12":"product_tag-blumengarten-kung-ag","14":"first","15":"instock","16":"taxable","17":"shipping-taxable","18":"purchasable","19":"product-type-simple"},"_links":{"self":[{"href":"https:\/\/fh-staging.vengo.cloud\/de-ch\/wp-json\/wp\/v2\/product\/65604","targetHints":{"allow":["GET"]}}],"collection":[{"href":"https:\/\/fh-staging.vengo.cloud\/de-ch\/wp-json\/wp\/v2\/product"}],"about":[{"href":"https:\/\/fh-staging.vengo.cloud\/de-ch\/wp-json\/wp\/v2\/types\/product"}],"wp:featuredmedia":[{"embeddable":true,"href":"https:\/\/fh-staging.vengo.cloud\/de-ch\/wp-json\/wp\/v2\/media\/65672"}],"wp:attachment":[{"href":"https:\/\/fh-staging.vengo.cloud\/de-ch\/wp-json\/wp\/v2\/media?parent=65604"}],"wp:term":[{"taxonomy":"product_brand","embeddable":true,"href":"https:\/\/fh-staging.vengo.cloud\/de-ch\/wp-json\/wp\/v2\/product_brand?post=65604"},{"taxonomy":"product_cat","embeddable":true,"href":"https:\/\/fh-staging.vengo.cloud\/de-ch\/wp-json\/wp\/v2\/product_cat?post=65604"},{"taxonomy":"product_tag","embeddable":true,"href":"https:\/\/fh-staging.vengo.cloud\/de-ch\/wp-json\/wp\/v2\/product_tag?post=65604"},{"taxonomy":"woo-feed-brand","embeddable":true,"href":"https:\/\/fh-staging.vengo.cloud\/de-ch\/wp-json\/wp\/v2\/woo-feed-brand?post=65604"}],"curies":[{"name":"wp","href":"https:\/\/api.w.org\/{rel}","templated":true}]}}