{"id":65596,"date":"2025-10-13T22:06:38","date_gmt":"2025-10-13T20:06:38","guid":{"rendered":"https:\/\/fh-staging.vengo.cloud\/de-ch\/p\/pinholder-gruen-d3cm-mit-klebeband-5-stueck"},"modified":"2025-12-19T08:54:46","modified_gmt":"2025-12-19T07:54:46","slug":"pinholder-gruen-d3cm-mit-klebeband-5-stueck","status":"publish","type":"product","link":"https:\/\/fh-staging.vengo.cloud\/de-ch\/p\/pinholder-gruen-d3cm-mit-klebeband-5-stueck","title":{"rendered":"Pinholder &#8218;gr\u00fcn&#8216; d3cm mit Klebeband 5 St\u00fcck"},"content":{"rendered":"<p>Pinholder-Halter gr\u00fcn \u00d8 3 cm<\/p>\n<p>Verwendungszweck:<br \/>\nZur sicheren Fixierung von Steckmasse-Ziegeln auf flachen Unterlagen. Der Halter sorgt f\u00fcr stabilen Halt und verhindert das Verrutschen w\u00e4hrend der floristischen Gestaltung.<\/p>\n<p>Produkteigenschaften + Vorteile:<br \/>\n&#8211; passend f\u00fcr Pinholder mit \u00d8 3 cm<br \/>\n&#8211; stabile Kunststoffkonstruktion in Gr\u00fcn<br \/>\n&#8211; mit Klebeband zur direkten Befestigung auf der Unterlage<br \/>\n&#8211; h\u00e4lt Steckmasse fest an Ort und Stelle<br \/>\n&#8211; mehrfach verwendbar<br \/>\n&#8211; ideal f\u00fcr floristische Arbeiten und Gestecke<\/p>\n","protected":false},"excerpt":{"rendered":"<p>Zur sicheren Fixierung von Steckmasse-Ziegeln auf flachen Unterlagen.<\/p>\n","protected":false},"featured_media":65664,"template":"","meta":[],"product_brand":[],"product_cat":[29,23,1178,1194,909,911],"product_tag":[289],"woo-feed-brand":[],"class_list":{"0":"post-65596","1":"product","2":"type-product","3":"status-publish","4":"has-post-thumbnail","6":"product_cat-do-it-yourself","7":"product_cat-home-living","8":"product_cat-diy","9":"product_cat-diy-helfer","10":"product_cat-weihnachten","11":"product_cat-accessoires","12":"product_tag-blumengarten-kung-ag","14":"first","15":"instock","16":"taxable","17":"shipping-taxable","18":"purchasable","19":"product-type-simple"},"_links":{"self":[{"href":"https:\/\/fh-staging.vengo.cloud\/de-ch\/wp-json\/wp\/v2\/product\/65596","targetHints":{"allow":["GET"]}}],"collection":[{"href":"https:\/\/fh-staging.vengo.cloud\/de-ch\/wp-json\/wp\/v2\/product"}],"about":[{"href":"https:\/\/fh-staging.vengo.cloud\/de-ch\/wp-json\/wp\/v2\/types\/product"}],"wp:featuredmedia":[{"embeddable":true,"href":"https:\/\/fh-staging.vengo.cloud\/de-ch\/wp-json\/wp\/v2\/media\/65664"}],"wp:attachment":[{"href":"https:\/\/fh-staging.vengo.cloud\/de-ch\/wp-json\/wp\/v2\/media?parent=65596"}],"wp:term":[{"taxonomy":"product_brand","embeddable":true,"href":"https:\/\/fh-staging.vengo.cloud\/de-ch\/wp-json\/wp\/v2\/product_brand?post=65596"},{"taxonomy":"product_cat","embeddable":true,"href":"https:\/\/fh-staging.vengo.cloud\/de-ch\/wp-json\/wp\/v2\/product_cat?post=65596"},{"taxonomy":"product_tag","embeddable":true,"href":"https:\/\/fh-staging.vengo.cloud\/de-ch\/wp-json\/wp\/v2\/product_tag?post=65596"},{"taxonomy":"woo-feed-brand","embeddable":true,"href":"https:\/\/fh-staging.vengo.cloud\/de-ch\/wp-json\/wp\/v2\/woo-feed-brand?post=65596"}],"curies":[{"name":"wp","href":"https:\/\/api.w.org\/{rel}","templated":true}]}}