{"id":65591,"date":"2025-10-13T22:06:36","date_gmt":"2025-10-13T20:06:36","guid":{"rendered":"https:\/\/fh-staging.vengo.cloud\/de-ch\/p\/magnet-corsagen-mit-metalldisc-12-mm-3-mm-rolle-a-10-stueck"},"modified":"2025-12-19T08:54:09","modified_gmt":"2025-12-19T07:54:09","slug":"magnet-corsagen-mit-metalldisc-12-mm-3-mm-rolle-a-10-stueck","status":"publish","type":"product","link":"https:\/\/fh-staging.vengo.cloud\/de-ch\/p\/magnet-corsagen-mit-metalldisc-12-mm-3-mm-rolle-a-10-stueck","title":{"rendered":"Magnet &#8218;Corsagen&#8216; mit Metalldisc 12 mm 3 mm \/ Rolle \u00e0 10 St\u00fcck"},"content":{"rendered":"<p>Verwendungszweck:<br \/>\nSuper starker Magnet zur Befestigung von floralem Schmuck an Kleidungsst\u00fccken, ohne dass die Kleidung durchstochen werden muss. Ideal f\u00fcr alle festlichen Gelegenheiten. Der Schmuck l\u00e4sst sich einfach mit Floral Glue auf dem Corsage-Magnet fixieren. Aufgrund der kleinen Gr\u00f6sse ist der Magnet leicht abzudecken und auch zum Anbringen von Haarschmuck geeignet.<\/p>\n<p>Produkteigenschaften + Vorteile:<br \/>\n&#8211; starke Haftkraft bei kompakter Gr\u00f6sse<br \/>\n&#8211; \u00d8 1.2 cm<br \/>\n&#8211; einfache und saubere Befestigung von floralen Designs<br \/>\n&#8211; keine Besch\u00e4digung der Kleidung<br \/>\n&#8211; mehrfach verwendbar<\/p>\n<p>Hinweis:<br \/>\nNicht in der N\u00e4he von medizinischen Ger\u00e4ten tragen oder aufbewahren! Herzschrittmacher, Insulinpumpen, H\u00f6rger\u00e4te usw. k\u00f6nnen in ihrer Funktion beeintr\u00e4chtigt oder ausser Kraft gesetzt werden.<br \/>\nAuch nicht in der N\u00e4he von Kredit-, EC- oder Telefonkarten verwenden, da deren Funktion gest\u00f6rt oder gel\u00f6scht werden kann.<\/p>\n","protected":false},"excerpt":{"rendered":"<p>Super starker Magnet zur Befestigung von floralem Schmuck an Kleidungsst\u00fccken, ohne dass die Kleidung durchstochen werden muss.<\/p>\n","protected":false},"featured_media":65656,"template":"","meta":[],"product_brand":[],"product_cat":[29,23],"product_tag":[289],"woo-feed-brand":[],"class_list":{"0":"post-65591","1":"product","2":"type-product","3":"status-publish","4":"has-post-thumbnail","6":"product_cat-do-it-yourself","7":"product_cat-home-living","8":"product_tag-blumengarten-kung-ag","10":"first","11":"instock","12":"taxable","13":"shipping-taxable","14":"purchasable","15":"product-type-simple"},"_links":{"self":[{"href":"https:\/\/fh-staging.vengo.cloud\/de-ch\/wp-json\/wp\/v2\/product\/65591","targetHints":{"allow":["GET"]}}],"collection":[{"href":"https:\/\/fh-staging.vengo.cloud\/de-ch\/wp-json\/wp\/v2\/product"}],"about":[{"href":"https:\/\/fh-staging.vengo.cloud\/de-ch\/wp-json\/wp\/v2\/types\/product"}],"wp:featuredmedia":[{"embeddable":true,"href":"https:\/\/fh-staging.vengo.cloud\/de-ch\/wp-json\/wp\/v2\/media\/65656"}],"wp:attachment":[{"href":"https:\/\/fh-staging.vengo.cloud\/de-ch\/wp-json\/wp\/v2\/media?parent=65591"}],"wp:term":[{"taxonomy":"product_brand","embeddable":true,"href":"https:\/\/fh-staging.vengo.cloud\/de-ch\/wp-json\/wp\/v2\/product_brand?post=65591"},{"taxonomy":"product_cat","embeddable":true,"href":"https:\/\/fh-staging.vengo.cloud\/de-ch\/wp-json\/wp\/v2\/product_cat?post=65591"},{"taxonomy":"product_tag","embeddable":true,"href":"https:\/\/fh-staging.vengo.cloud\/de-ch\/wp-json\/wp\/v2\/product_tag?post=65591"},{"taxonomy":"woo-feed-brand","embeddable":true,"href":"https:\/\/fh-staging.vengo.cloud\/de-ch\/wp-json\/wp\/v2\/woo-feed-brand?post=65591"}],"curies":[{"name":"wp","href":"https:\/\/api.w.org\/{rel}","templated":true}]}}