{"id":65588,"date":"2025-10-13T22:06:34","date_gmt":"2025-10-13T20:06:34","guid":{"rendered":"https:\/\/fh-staging.vengo.cloud\/de-ch\/p\/myrtendraht-gruenlackiert-0-3mm-10x-rolle"},"modified":"2025-12-19T08:53:24","modified_gmt":"2025-12-19T07:53:24","slug":"myrtendraht-gruenlackiert-0-3mm-10x-rolle","status":"publish","type":"product","link":"https:\/\/fh-staging.vengo.cloud\/de-ch\/p\/myrtendraht-gruenlackiert-0-3mm-10x-rolle","title":{"rendered":"Myrtendraht &#8218;Gr\u00fcnlackiert&#8216; 0.3mm 10x Rolle"},"content":{"rendered":"<p>Verwendungszweck:<br \/>\nFeiner, lackierter Draht zum Binden und Fixieren von Kr\u00e4nzen, Gestecken und floralen Werkst\u00fccken. Ideal f\u00fcr feine Arbeiten in der Floristik, bei denen Stabilit\u00e4t und eine unauff\u00e4llige Optik gefragt sind.<\/p>\n<p>Produkteigenschaften + Vorteile:<br \/>\n&#8211; St\u00e4rke: 0,3 mm<br \/>\n&#8211; Farbe: gr\u00fcn lackiert<br \/>\n&#8211; auf Rolle, ca. 100 g<br \/>\n&#8211; flexibel, aber zugfest<br \/>\n&#8211; unauff\u00e4llig im Werkst\u00fcck<br \/>\n&#8211; ideal zum Kr\u00e4nze binden, Fixieren und Gestalten<\/p>\n","protected":false},"excerpt":{"rendered":"<p>Feiner, lackierter Draht zum Binden und Fixieren von Kr\u00e4nzen, Gestecken und floralen Werkst\u00fccken.<\/p>\n","protected":false},"featured_media":65653,"template":"","meta":[],"product_brand":[],"product_cat":[29,23,1178,1194,909,911],"product_tag":[289],"woo-feed-brand":[],"class_list":{"0":"post-65588","1":"product","2":"type-product","3":"status-publish","4":"has-post-thumbnail","6":"product_cat-do-it-yourself","7":"product_cat-home-living","8":"product_cat-diy","9":"product_cat-diy-helfer","10":"product_cat-weihnachten","11":"product_cat-accessoires","12":"product_tag-blumengarten-kung-ag","14":"first","15":"instock","16":"taxable","17":"shipping-taxable","18":"purchasable","19":"product-type-simple"},"_links":{"self":[{"href":"https:\/\/fh-staging.vengo.cloud\/de-ch\/wp-json\/wp\/v2\/product\/65588","targetHints":{"allow":["GET"]}}],"collection":[{"href":"https:\/\/fh-staging.vengo.cloud\/de-ch\/wp-json\/wp\/v2\/product"}],"about":[{"href":"https:\/\/fh-staging.vengo.cloud\/de-ch\/wp-json\/wp\/v2\/types\/product"}],"wp:featuredmedia":[{"embeddable":true,"href":"https:\/\/fh-staging.vengo.cloud\/de-ch\/wp-json\/wp\/v2\/media\/65653"}],"wp:attachment":[{"href":"https:\/\/fh-staging.vengo.cloud\/de-ch\/wp-json\/wp\/v2\/media?parent=65588"}],"wp:term":[{"taxonomy":"product_brand","embeddable":true,"href":"https:\/\/fh-staging.vengo.cloud\/de-ch\/wp-json\/wp\/v2\/product_brand?post=65588"},{"taxonomy":"product_cat","embeddable":true,"href":"https:\/\/fh-staging.vengo.cloud\/de-ch\/wp-json\/wp\/v2\/product_cat?post=65588"},{"taxonomy":"product_tag","embeddable":true,"href":"https:\/\/fh-staging.vengo.cloud\/de-ch\/wp-json\/wp\/v2\/product_tag?post=65588"},{"taxonomy":"woo-feed-brand","embeddable":true,"href":"https:\/\/fh-staging.vengo.cloud\/de-ch\/wp-json\/wp\/v2\/woo-feed-brand?post=65588"}],"curies":[{"name":"wp","href":"https:\/\/api.w.org\/{rel}","templated":true}]}}