{"id":65432,"date":"2026-01-15T10:54:35","date_gmt":"2026-01-15T09:54:35","guid":{"rendered":"https:\/\/fh-staging.vengo.cloud\/de-ch\/p\/gestrickter-baer"},"modified":"2026-01-15T10:54:35","modified_gmt":"2026-01-15T09:54:35","slug":"gestrickter-baer","status":"publish","type":"product","link":"https:\/\/fh-staging.vengo.cloud\/de-ch\/p\/gestrickter-baer","title":{"rendered":"Gestrickter B\u00e4r"},"content":{"rendered":"<p>Dieser s\u00fcsse B\u00e4r aus Jersey Stoff l\u00e4sst Kinderherzen h\u00f6her schlagen und macht sich in jedem Kinderzimmer tierisch gut.<\/p>\n<p>\u2022 Gestricktes Kissen mit B\u00e4r Motiv aufgestickt<br \/>\n\u2022 Stofftier aus 100% Baumwolle<br \/>\n\u2022 F\u00fcllung aus 100% Polyester<\/p>\n","protected":false},"excerpt":{"rendered":"<p>B\u00e4r Stofftier \/ Kissen aus Jersey Baumwolle, H 30 cm x L 25 cm<\/p>\n","protected":false},"featured_media":65431,"template":"","meta":[],"product_brand":[],"product_cat":[60,23,31,59,64],"product_tag":[324],"woo-feed-brand":[],"class_list":{"0":"post-65432","1":"product","2":"type-product","3":"status-publish","4":"has-post-thumbnail","6":"product_cat-kindertextilien","7":"product_cat-home-living","8":"product_cat-heimtextilien","9":"product_cat-kids","10":"product_cat-kinderzimmer-deko","11":"product_tag-marein-ag","13":"first","14":"instock","15":"taxable","16":"shipping-taxable","17":"purchasable","18":"product-type-simple"},"_links":{"self":[{"href":"https:\/\/fh-staging.vengo.cloud\/de-ch\/wp-json\/wp\/v2\/product\/65432","targetHints":{"allow":["GET"]}}],"collection":[{"href":"https:\/\/fh-staging.vengo.cloud\/de-ch\/wp-json\/wp\/v2\/product"}],"about":[{"href":"https:\/\/fh-staging.vengo.cloud\/de-ch\/wp-json\/wp\/v2\/types\/product"}],"wp:featuredmedia":[{"embeddable":true,"href":"https:\/\/fh-staging.vengo.cloud\/de-ch\/wp-json\/wp\/v2\/media\/65431"}],"wp:attachment":[{"href":"https:\/\/fh-staging.vengo.cloud\/de-ch\/wp-json\/wp\/v2\/media?parent=65432"}],"wp:term":[{"taxonomy":"product_brand","embeddable":true,"href":"https:\/\/fh-staging.vengo.cloud\/de-ch\/wp-json\/wp\/v2\/product_brand?post=65432"},{"taxonomy":"product_cat","embeddable":true,"href":"https:\/\/fh-staging.vengo.cloud\/de-ch\/wp-json\/wp\/v2\/product_cat?post=65432"},{"taxonomy":"product_tag","embeddable":true,"href":"https:\/\/fh-staging.vengo.cloud\/de-ch\/wp-json\/wp\/v2\/product_tag?post=65432"},{"taxonomy":"woo-feed-brand","embeddable":true,"href":"https:\/\/fh-staging.vengo.cloud\/de-ch\/wp-json\/wp\/v2\/woo-feed-brand?post=65432"}],"curies":[{"name":"wp","href":"https:\/\/api.w.org\/{rel}","templated":true}]}}