{"id":65374,"date":"2025-10-13T16:01:08","date_gmt":"2025-10-13T14:01:08","guid":{"rendered":"https:\/\/fh-staging.vengo.cloud\/de-ch\/p\/baby-beissring-monster-grau"},"modified":"2026-01-05T14:03:11","modified_gmt":"2026-01-05T13:03:11","slug":"baby-beissring-monster-grau","status":"publish","type":"product","link":"https:\/\/fh-staging.vengo.cloud\/de-ch\/p\/baby-beissring-monster-grau","title":{"rendered":"Baby Beissring, Monster, grau"},"content":{"rendered":"<p>Dieser Beissring in s\u00fcsser Monsterform ist der perfekte Begleiter in der Zahnwachstumsphase von Babys und Kleinkindern. Die angenehm harte und glatte Buchenholz Oberfl\u00e4che sorgt f\u00fcr einen festen Griff und Biss, w\u00e4hrend der Silikonball eine weichere Alternative f\u00fcr wundes Zahnfleisch beim Zahnen bietet.<br \/>\nBehutsam hergestellt aus FSC zertifiziertem Holz und BPA freiem und lebensmittelechte Silikon. SGS und FDA zugelassen, sodass Kinder und Babys gefahrenloses Spielen garantiert ist.<\/p>\n<p>\u2022 Beissspielzeug aus Buchenholz und Silikon<br \/>\n\u2022 Ideale Gr\u00f6sse f\u00fcr den Griff kleiner Kinderh\u00e4nde<br \/>\n\u2022 Aus FSC zertifiziertem und glatt verarbeitetem Buchen Holz, welches wundem und zahnendem Zahnfleisch eine angenehm harte Oberfl\u00e4che bietet<br \/>\n\u2022 Der weiche Ball aus BPA freiem- und lebensmittelechtem Silikon l\u00e4sst sich einfach drehen und bietet eine sanftere Alternative<br \/>\n\u2022 L 7.5 cm x B 1.3 cm x H 8 cm<\/p>\n","protected":false},"excerpt":{"rendered":"<p>Monster \/ Walross Beissring aus Buchenholz und Silikon, ab 3 Monaten<\/p>\n","protected":false},"featured_media":65373,"template":"","meta":[],"product_brand":[],"product_cat":[62,59],"product_tag":[324],"woo-feed-brand":[],"class_list":{"0":"post-65374","1":"product","2":"type-product","3":"status-publish","4":"has-post-thumbnail","6":"product_cat-spielzeug","7":"product_cat-kids","8":"product_tag-marein-ag","10":"first","11":"instock","12":"taxable","13":"shipping-taxable","14":"purchasable","15":"product-type-simple"},"_links":{"self":[{"href":"https:\/\/fh-staging.vengo.cloud\/de-ch\/wp-json\/wp\/v2\/product\/65374","targetHints":{"allow":["GET"]}}],"collection":[{"href":"https:\/\/fh-staging.vengo.cloud\/de-ch\/wp-json\/wp\/v2\/product"}],"about":[{"href":"https:\/\/fh-staging.vengo.cloud\/de-ch\/wp-json\/wp\/v2\/types\/product"}],"wp:featuredmedia":[{"embeddable":true,"href":"https:\/\/fh-staging.vengo.cloud\/de-ch\/wp-json\/wp\/v2\/media\/65373"}],"wp:attachment":[{"href":"https:\/\/fh-staging.vengo.cloud\/de-ch\/wp-json\/wp\/v2\/media?parent=65374"}],"wp:term":[{"taxonomy":"product_brand","embeddable":true,"href":"https:\/\/fh-staging.vengo.cloud\/de-ch\/wp-json\/wp\/v2\/product_brand?post=65374"},{"taxonomy":"product_cat","embeddable":true,"href":"https:\/\/fh-staging.vengo.cloud\/de-ch\/wp-json\/wp\/v2\/product_cat?post=65374"},{"taxonomy":"product_tag","embeddable":true,"href":"https:\/\/fh-staging.vengo.cloud\/de-ch\/wp-json\/wp\/v2\/product_tag?post=65374"},{"taxonomy":"woo-feed-brand","embeddable":true,"href":"https:\/\/fh-staging.vengo.cloud\/de-ch\/wp-json\/wp\/v2\/woo-feed-brand?post=65374"}],"curies":[{"name":"wp","href":"https:\/\/api.w.org\/{rel}","templated":true}]}}