{"id":65307,"date":"2025-10-13T15:57:49","date_gmt":"2025-10-13T13:57:49","guid":{"rendered":"https:\/\/fh-staging.vengo.cloud\/de-ch\/p\/sandspielzeugset-aus-silikon"},"modified":"2026-01-05T14:03:14","modified_gmt":"2026-01-05T13:03:14","slug":"sandspielzeugset-aus-silikon","status":"publish","type":"product","link":"https:\/\/fh-staging.vengo.cloud\/de-ch\/p\/sandspielzeugset-aus-silikon","title":{"rendered":"Sandspielzeugset aus Silikon"},"content":{"rendered":"<p>Unser Sandspielzeug Set in den frischen Farben Blau, Beige und Rosa ist perfekt f\u00fcr sonnige Tage am Strand oder im Sandkasten. Es enth\u00e4lt einen Kessel, eine Schaufel und 5 lustige Formen. Das Silikonmaterial ist nicht nur sp\u00fclmaschinenfest, sondern auch sicher f\u00fcr Kinder. Dieses Set regt die Fantasie und Kreativit\u00e4t der Kleinen an und f\u00f6rdert stundenlangen Spielspass. In der sch\u00f6nen Verpackung ist es auch ein tolles Geschenk.<\/p>\n<p>\u2022 Sandspielzeugset mit 1 x Kessel, 1 x Schaufel und 5 x Formen<br \/>\n\u2022 Sp\u00fclmaschinenfest<br \/>\n\u2022 F\u00f6rdert die Kreativt\u00e4t der Kinder<br \/>\n\u2022 Ideales Geschenk dank sch\u00f6ner Verpackung<br \/>\n\u2022 Zertifiziertes, BPA Freies- und Lebensmittelechtes Silikon, SGS &amp; FDA zugelassen<\/p>\n","protected":false},"excerpt":{"rendered":"<p>Sandspielzeug Set f\u00fcr Kinder, aus Silikon in Blau\/Beige\/Rosa, mit Kessel, Schaufel und Formen<\/p>\n","protected":false},"featured_media":65306,"template":"","meta":[],"product_brand":[],"product_cat":[62,59],"product_tag":[324],"woo-feed-brand":[],"class_list":{"0":"post-65307","1":"product","2":"type-product","3":"status-publish","4":"has-post-thumbnail","6":"product_cat-spielzeug","7":"product_cat-kids","8":"product_tag-marein-ag","10":"first","11":"instock","12":"taxable","13":"shipping-taxable","14":"purchasable","15":"product-type-simple"},"_links":{"self":[{"href":"https:\/\/fh-staging.vengo.cloud\/de-ch\/wp-json\/wp\/v2\/product\/65307","targetHints":{"allow":["GET"]}}],"collection":[{"href":"https:\/\/fh-staging.vengo.cloud\/de-ch\/wp-json\/wp\/v2\/product"}],"about":[{"href":"https:\/\/fh-staging.vengo.cloud\/de-ch\/wp-json\/wp\/v2\/types\/product"}],"wp:featuredmedia":[{"embeddable":true,"href":"https:\/\/fh-staging.vengo.cloud\/de-ch\/wp-json\/wp\/v2\/media\/65306"}],"wp:attachment":[{"href":"https:\/\/fh-staging.vengo.cloud\/de-ch\/wp-json\/wp\/v2\/media?parent=65307"}],"wp:term":[{"taxonomy":"product_brand","embeddable":true,"href":"https:\/\/fh-staging.vengo.cloud\/de-ch\/wp-json\/wp\/v2\/product_brand?post=65307"},{"taxonomy":"product_cat","embeddable":true,"href":"https:\/\/fh-staging.vengo.cloud\/de-ch\/wp-json\/wp\/v2\/product_cat?post=65307"},{"taxonomy":"product_tag","embeddable":true,"href":"https:\/\/fh-staging.vengo.cloud\/de-ch\/wp-json\/wp\/v2\/product_tag?post=65307"},{"taxonomy":"woo-feed-brand","embeddable":true,"href":"https:\/\/fh-staging.vengo.cloud\/de-ch\/wp-json\/wp\/v2\/woo-feed-brand?post=65307"}],"curies":[{"name":"wp","href":"https:\/\/api.w.org\/{rel}","templated":true}]}}