{"id":65266,"date":"2025-10-13T15:56:34","date_gmt":"2025-10-13T13:56:34","guid":{"rendered":"https:\/\/fh-staging.vengo.cloud\/de-ch\/p\/156-tlg-set-bastel-ostereier-do-it-yourself-deko-fuer-ostern-mit-auf"},"modified":"2026-01-05T14:03:16","modified_gmt":"2026-01-05T13:03:16","slug":"bastel-ostereier-do-it-yourself-deko","status":"publish","type":"product","link":"https:\/\/fh-staging.vengo.cloud\/de-ch\/p\/bastel-ostereier-do-it-yourself-deko","title":{"rendered":"Bastel Ostereier do it yourself Deko"},"content":{"rendered":"<p>Du m\u00f6chtest deine Oster Dekoration f\u00fcr Zuhause gerne selber basteln?<\/p>\n<p>Dann ist dieses 50er Set mit Ostereiern genau das richtige. Denn da kannst du dich beim Dekorieren sowie Basteln austoben. Hinter diesem s\u00fcssen Accessoire steckt n\u00e4mlich ein do it yourself Projekt und bietet dir die M\u00f6glichkeit selbst zu entscheiden, wie es schlussendlich aussehen soll. Im Lieferumfang befindet sich neben den Ostereiern bunte Geschenkb\u00e4nder, um die Eier danach aufh\u00e4ngen zu k\u00f6nnen, sowie Stifte f\u00fcr das Bemalen der rauen Oberfl\u00e4che.<\/p>\n<p>Oster Dekoration zum Basteln:<\/p>\n<ul>\n<li>Deko Ostereier mit Aufh\u00e4ngeb\u00e4nder<\/li>\n<li>Ideal um dein Zuhause zu schm\u00fccken<\/li>\n<li>Inklusive Stifte zum Bemalen<\/li>\n<li>Ideale Geschenkidee f\u00fcr Osternester<\/li>\n<\/ul>\n<p>Das Set beinhaltet:<\/p>\n<ul>\n<li>50 x Bastel Ostereier<\/li>\n<li>50 x Aufh\u00e4ngeb\u00e4nder<\/li>\n<li>50 x Aufh\u00e4ngehaken<\/li>\n<li>6 x Stifte<\/li>\n<\/ul>\n","protected":false},"excerpt":{"rendered":"<p>DIY Bastel Ostereier Set mit Stiften &amp; Band (156-tlg. Set)<\/p>\n","protected":false},"featured_media":65965,"template":"","meta":[],"product_brand":[],"product_cat":[939,23,1196,1021,1018,1026,29,59],"product_tag":[324],"woo-feed-brand":[],"class_list":{"0":"post-65266","1":"product","2":"type-product","3":"status-publish","4":"has-post-thumbnail","6":"product_cat-kindergeschenke","7":"product_cat-home-living","8":"product_cat-natur-deko","9":"product_cat-osterdeko","10":"product_cat-ostern","11":"product_cat-osternest","12":"product_cat-do-it-yourself","13":"product_cat-kids","14":"product_tag-marein-ag","16":"first","17":"instock","18":"taxable","19":"shipping-taxable","20":"purchasable","21":"product-type-simple"},"_links":{"self":[{"href":"https:\/\/fh-staging.vengo.cloud\/de-ch\/wp-json\/wp\/v2\/product\/65266","targetHints":{"allow":["GET"]}}],"collection":[{"href":"https:\/\/fh-staging.vengo.cloud\/de-ch\/wp-json\/wp\/v2\/product"}],"about":[{"href":"https:\/\/fh-staging.vengo.cloud\/de-ch\/wp-json\/wp\/v2\/types\/product"}],"wp:featuredmedia":[{"embeddable":true,"href":"https:\/\/fh-staging.vengo.cloud\/de-ch\/wp-json\/wp\/v2\/media\/65965"}],"wp:attachment":[{"href":"https:\/\/fh-staging.vengo.cloud\/de-ch\/wp-json\/wp\/v2\/media?parent=65266"}],"wp:term":[{"taxonomy":"product_brand","embeddable":true,"href":"https:\/\/fh-staging.vengo.cloud\/de-ch\/wp-json\/wp\/v2\/product_brand?post=65266"},{"taxonomy":"product_cat","embeddable":true,"href":"https:\/\/fh-staging.vengo.cloud\/de-ch\/wp-json\/wp\/v2\/product_cat?post=65266"},{"taxonomy":"product_tag","embeddable":true,"href":"https:\/\/fh-staging.vengo.cloud\/de-ch\/wp-json\/wp\/v2\/product_tag?post=65266"},{"taxonomy":"woo-feed-brand","embeddable":true,"href":"https:\/\/fh-staging.vengo.cloud\/de-ch\/wp-json\/wp\/v2\/woo-feed-brand?post=65266"}],"curies":[{"name":"wp","href":"https:\/\/api.w.org\/{rel}","templated":true}]}}