{"id":65136,"date":"2025-10-13T15:50:43","date_gmt":"2025-10-13T13:50:43","guid":{"rendered":"https:\/\/fh-staging.vengo.cloud\/de-ch\/p\/kinderteller-monster-rosa"},"modified":"2026-01-05T14:03:24","modified_gmt":"2026-01-05T13:03:24","slug":"kinderteller-monster-rosa","status":"publish","type":"product","link":"https:\/\/fh-staging.vengo.cloud\/de-ch\/p\/kinderteller-monster-rosa","title":{"rendered":"Kinderteller, Monster, rosa"},"content":{"rendered":"<p>Dieser super praktische Kinderteller in s\u00fcsser Monsterform ist mit einem Saugfuss ausgestattet, der einen stabilen Halt auf Tischoberfl\u00e4chen garantiert. Das leichte und dennoch robuste Silikon richtet beim Herunterfallen oder Spielen keine Sch\u00e4den oder L\u00e4rm an \u2013 perfekt wenn die Kleinen um sich werfen. Die weiche Textur des 100% BPA freien und lebensmittelechtem Silikons schont bei Kauen das wunde Zahnfleisch und unterst\u00fctzt beim Zahnen. Geschirrsp\u00fclgeeignet und mikrowellengeeignet.<\/p>\n<p>\u2022 Rutsch- und bruchfester Kinderteller in Monsterform<br \/>\n\u2022 Praktischer Saugnapf sorgt f\u00fcr Halt auf glatten Tischoberfl\u00e4chen<br \/>\n\u2022 Durchmesser von 17 cm<br \/>\n\u2022 Der Silikon Teller geht nicht kaputt<br \/>\n\u2022 Mikrowellen und Sp\u00fchlmaschinenfest<br \/>\n\u2022 Leicht zu tragen und transportieren<br \/>\n\u2022 Zertifiziertes, BPA Freies- und Lebensmittelechtes Silikon, SGS &amp; FDA zugelassen<\/p>\n","protected":false},"excerpt":{"rendered":"<p>Kinder Monster \/ Walross Teller aus Silikon in rosa mit Saugnapf, \u00d8 17 cm<\/p>\n","protected":false},"featured_media":65135,"template":"","meta":[],"product_brand":[],"product_cat":[61,59],"product_tag":[324],"woo-feed-brand":[],"class_list":{"0":"post-65136","1":"product","2":"type-product","3":"status-publish","4":"has-post-thumbnail","6":"product_cat-kindergeschirr","7":"product_cat-kids","8":"product_tag-marein-ag","10":"first","11":"instock","12":"taxable","13":"shipping-taxable","14":"purchasable","15":"product-type-simple"},"_links":{"self":[{"href":"https:\/\/fh-staging.vengo.cloud\/de-ch\/wp-json\/wp\/v2\/product\/65136","targetHints":{"allow":["GET"]}}],"collection":[{"href":"https:\/\/fh-staging.vengo.cloud\/de-ch\/wp-json\/wp\/v2\/product"}],"about":[{"href":"https:\/\/fh-staging.vengo.cloud\/de-ch\/wp-json\/wp\/v2\/types\/product"}],"wp:featuredmedia":[{"embeddable":true,"href":"https:\/\/fh-staging.vengo.cloud\/de-ch\/wp-json\/wp\/v2\/media\/65135"}],"wp:attachment":[{"href":"https:\/\/fh-staging.vengo.cloud\/de-ch\/wp-json\/wp\/v2\/media?parent=65136"}],"wp:term":[{"taxonomy":"product_brand","embeddable":true,"href":"https:\/\/fh-staging.vengo.cloud\/de-ch\/wp-json\/wp\/v2\/product_brand?post=65136"},{"taxonomy":"product_cat","embeddable":true,"href":"https:\/\/fh-staging.vengo.cloud\/de-ch\/wp-json\/wp\/v2\/product_cat?post=65136"},{"taxonomy":"product_tag","embeddable":true,"href":"https:\/\/fh-staging.vengo.cloud\/de-ch\/wp-json\/wp\/v2\/product_tag?post=65136"},{"taxonomy":"woo-feed-brand","embeddable":true,"href":"https:\/\/fh-staging.vengo.cloud\/de-ch\/wp-json\/wp\/v2\/woo-feed-brand?post=65136"}],"curies":[{"name":"wp","href":"https:\/\/api.w.org\/{rel}","templated":true}]}}