{"id":65121,"date":"2025-10-13T15:50:00","date_gmt":"2025-10-13T13:50:00","guid":{"rendered":"https:\/\/fh-staging.vengo.cloud\/de-ch\/p\/silikon-trinkbecher-rost"},"modified":"2026-01-05T14:03:25","modified_gmt":"2026-01-05T13:03:25","slug":"silikon-trinkbecher-rost","status":"publish","type":"product","link":"https:\/\/fh-staging.vengo.cloud\/de-ch\/p\/silikon-trinkbecher-rost","title":{"rendered":"Silikon Trinkbecher, rost"},"content":{"rendered":"<p>S\u00fcsser Kinder Trinkbecher aus 100% BPA freiem, lebensmittelechtem und weichem Silikon mit praktischem Schraubverschluss, der l\u00e4stiges Versch\u00fctten verhindert und bei Herunterfallen keinen L\u00e4rm und Schaden anrichtet. Auch aus dem R\u00f6hrchen trinken muss gelernt sein, daf\u00fcr eignet sich dieses Becherchen perfekt. SGS und FDA zugelassen, sodass Kinder und Babys gefahrenloses Spielen garantiert ist.<\/p>\n<p>\u2022 Der Becher hat die Masse H 9 cm (mit Strohhalm H 12.5 cm) x \u00d8 6 cm und fasst 200 ml<br \/>\n\u2022 Fest Verschliessbar<br \/>\n\u2022 Aus lebensmittelechtem Silikon<br \/>\n\u2022 Macht keine Kratzer und geht nicht kaputt<br \/>\n\u2022 Super weich, damit sich das Kind nicht verletzen kann<\/p>\n","protected":false},"excerpt":{"rendered":"<p>Trinkbecher mit Strohhalm f\u00fcr Kinder in rostrot aus Silikon, 200 ml<\/p>\n","protected":false},"featured_media":65120,"template":"","meta":[],"product_brand":[],"product_cat":[61,59],"product_tag":[324],"woo-feed-brand":[],"class_list":{"0":"post-65121","1":"product","2":"type-product","3":"status-publish","4":"has-post-thumbnail","6":"product_cat-kindergeschirr","7":"product_cat-kids","8":"product_tag-marein-ag","10":"first","11":"instock","12":"taxable","13":"shipping-taxable","14":"purchasable","15":"product-type-simple"},"_links":{"self":[{"href":"https:\/\/fh-staging.vengo.cloud\/de-ch\/wp-json\/wp\/v2\/product\/65121","targetHints":{"allow":["GET"]}}],"collection":[{"href":"https:\/\/fh-staging.vengo.cloud\/de-ch\/wp-json\/wp\/v2\/product"}],"about":[{"href":"https:\/\/fh-staging.vengo.cloud\/de-ch\/wp-json\/wp\/v2\/types\/product"}],"wp:featuredmedia":[{"embeddable":true,"href":"https:\/\/fh-staging.vengo.cloud\/de-ch\/wp-json\/wp\/v2\/media\/65120"}],"wp:attachment":[{"href":"https:\/\/fh-staging.vengo.cloud\/de-ch\/wp-json\/wp\/v2\/media?parent=65121"}],"wp:term":[{"taxonomy":"product_brand","embeddable":true,"href":"https:\/\/fh-staging.vengo.cloud\/de-ch\/wp-json\/wp\/v2\/product_brand?post=65121"},{"taxonomy":"product_cat","embeddable":true,"href":"https:\/\/fh-staging.vengo.cloud\/de-ch\/wp-json\/wp\/v2\/product_cat?post=65121"},{"taxonomy":"product_tag","embeddable":true,"href":"https:\/\/fh-staging.vengo.cloud\/de-ch\/wp-json\/wp\/v2\/product_tag?post=65121"},{"taxonomy":"woo-feed-brand","embeddable":true,"href":"https:\/\/fh-staging.vengo.cloud\/de-ch\/wp-json\/wp\/v2\/woo-feed-brand?post=65121"}],"curies":[{"name":"wp","href":"https:\/\/api.w.org\/{rel}","templated":true}]}}