{"id":65042,"date":"2025-10-13T15:47:24","date_gmt":"2025-10-13T13:47:24","guid":{"rendered":"https:\/\/fh-staging.vengo.cloud\/de-ch\/p\/kindertischset-oval-48x30beige"},"modified":"2026-01-05T14:03:28","modified_gmt":"2026-01-05T13:03:28","slug":"kindertischset-oval-48x30beige","status":"publish","type":"product","link":"https:\/\/fh-staging.vengo.cloud\/de-ch\/p\/kindertischset-oval-48x30beige","title":{"rendered":"Kindertischset, Oval, 48&#215;30,beige"},"content":{"rendered":"<p>Unser halbrundes Kinder Tischset in neutralem Beige schafft eine kinderfreundliche Essumgebung. Das Silikonmaterial ist sp\u00fclmaschinenfest, was die Reinigung m\u00fchelos gestaltet. Mit einer grossz\u00fcgigen Gr\u00f6sse von 48 x 30 cm bietet dieses Tischset aus zertifiziertem, lebensmittelechtem Silikon (BPA-frei und SGS &amp; FDA zugelassen) gen\u00fcgend Platz f\u00fcr Kinderteller und -geschirr.<\/p>\n<p>\u2022 Halbrundes Tischset aus Silikon in Beige<br \/>\n\u2022 Sp\u00fclmaschinenfest<br \/>\n\u2022 Masse: 48 x 30 cm<br \/>\n\u2022 Zertifiziertes, BPA Freies- und Lebensmittelechtes Silikon, SGS &amp; FDA zugelassen<\/p>\n","protected":false},"excerpt":{"rendered":"<p>Halbrundes Kinder Tischset, 48 x 30 cm, aus Silikon in beige<\/p>\n","protected":false},"featured_media":65041,"template":"","meta":[],"product_brand":[],"product_cat":[61,59],"product_tag":[324],"woo-feed-brand":[],"class_list":{"0":"post-65042","1":"product","2":"type-product","3":"status-publish","4":"has-post-thumbnail","6":"product_cat-kindergeschirr","7":"product_cat-kids","8":"product_tag-marein-ag","10":"first","11":"instock","12":"taxable","13":"shipping-taxable","14":"purchasable","15":"product-type-simple"},"_links":{"self":[{"href":"https:\/\/fh-staging.vengo.cloud\/de-ch\/wp-json\/wp\/v2\/product\/65042","targetHints":{"allow":["GET"]}}],"collection":[{"href":"https:\/\/fh-staging.vengo.cloud\/de-ch\/wp-json\/wp\/v2\/product"}],"about":[{"href":"https:\/\/fh-staging.vengo.cloud\/de-ch\/wp-json\/wp\/v2\/types\/product"}],"wp:featuredmedia":[{"embeddable":true,"href":"https:\/\/fh-staging.vengo.cloud\/de-ch\/wp-json\/wp\/v2\/media\/65041"}],"wp:attachment":[{"href":"https:\/\/fh-staging.vengo.cloud\/de-ch\/wp-json\/wp\/v2\/media?parent=65042"}],"wp:term":[{"taxonomy":"product_brand","embeddable":true,"href":"https:\/\/fh-staging.vengo.cloud\/de-ch\/wp-json\/wp\/v2\/product_brand?post=65042"},{"taxonomy":"product_cat","embeddable":true,"href":"https:\/\/fh-staging.vengo.cloud\/de-ch\/wp-json\/wp\/v2\/product_cat?post=65042"},{"taxonomy":"product_tag","embeddable":true,"href":"https:\/\/fh-staging.vengo.cloud\/de-ch\/wp-json\/wp\/v2\/product_tag?post=65042"},{"taxonomy":"woo-feed-brand","embeddable":true,"href":"https:\/\/fh-staging.vengo.cloud\/de-ch\/wp-json\/wp\/v2\/woo-feed-brand?post=65042"}],"curies":[{"name":"wp","href":"https:\/\/api.w.org\/{rel}","templated":true}]}}