{"id":65030,"date":"2025-10-13T15:47:07","date_gmt":"2025-10-13T13:47:07","guid":{"rendered":"https:\/\/fh-staging.vengo.cloud\/de-ch\/p\/ted-stoffservietten-set-4-stk-natura"},"modified":"2026-01-05T14:03:29","modified_gmt":"2026-01-05T13:03:29","slug":"ted-stoffservietten-set-4-stk-natura","status":"publish","type":"product","link":"https:\/\/fh-staging.vengo.cloud\/de-ch\/p\/ted-stoffservietten-set-4-stk-natura","title":{"rendered":"Ted Stoffservietten Set 4 Stk., natura"},"content":{"rendered":"<p>Wiederverwendbare Stoffservietten sind nicht nur h\u00fcbsch anzusehen auf dem gedeckten Tisch und f\u00fchlen sich hochwertig an \u2013 sie sparen auch klassische Papierservietten, da sie gewaschen und beliebig oft wiederverwendet werden k\u00f6nnen. Unsere Stoffservietten \u201cTed\u201d aus beigem Baumwoll-Leinenmix haben eine Gr\u00f6sse von 45 x 45 cm und verf\u00fcgen \u00fcber eine angenehm weiche Textur.<\/p>\n<p>\u2022 Aus langlebigem Leinen-\/Baumwollmischgewebe<br \/>\n\u2022 Kann beliebig oft gewaschen und wiederverwendet werden<br \/>\n\u2022 Angenehm weiche und hochwertig verarbeitete Textur<br \/>\n\u2022 Masse: 45 x 45 cm<br \/>\n\u2022 Pflegeleicht und waschbar bei 40<br \/>\n\u2022 Oeko-Tex Standard 100 und GOTS zertifizierte Bio Baumwolle<br \/>\n\u2022 Verantwortungsvoll hergestellt<\/p>\n","protected":false},"excerpt":{"rendered":"<p>4er Set Stoffservietten \u201cTed\u201d aus beigem Baumwoll-Leinenmix, 45 cm x 45 cm<\/p>\n","protected":false},"featured_media":66352,"template":"","meta":[],"product_brand":[],"product_cat":[1099,984,994,909,1179,911,42,1098],"product_tag":[324],"woo-feed-brand":[],"class_list":{"0":"post-65030","1":"product","2":"type-product","3":"status-publish","4":"has-post-thumbnail","6":"product_cat-tischtextilien","7":"product_cat-silvester","8":"product_cat-silvestertisch","9":"product_cat-weihnachten","10":"product_cat-weihnachtsdeko","11":"product_cat-accessoires","12":"product_cat-kueche","13":"product_cat-textilien","14":"product_tag-marein-ag","16":"first","17":"instock","18":"taxable","19":"shipping-taxable","20":"purchasable","21":"product-type-simple"},"_links":{"self":[{"href":"https:\/\/fh-staging.vengo.cloud\/de-ch\/wp-json\/wp\/v2\/product\/65030","targetHints":{"allow":["GET"]}}],"collection":[{"href":"https:\/\/fh-staging.vengo.cloud\/de-ch\/wp-json\/wp\/v2\/product"}],"about":[{"href":"https:\/\/fh-staging.vengo.cloud\/de-ch\/wp-json\/wp\/v2\/types\/product"}],"wp:featuredmedia":[{"embeddable":true,"href":"https:\/\/fh-staging.vengo.cloud\/de-ch\/wp-json\/wp\/v2\/media\/66352"}],"wp:attachment":[{"href":"https:\/\/fh-staging.vengo.cloud\/de-ch\/wp-json\/wp\/v2\/media?parent=65030"}],"wp:term":[{"taxonomy":"product_brand","embeddable":true,"href":"https:\/\/fh-staging.vengo.cloud\/de-ch\/wp-json\/wp\/v2\/product_brand?post=65030"},{"taxonomy":"product_cat","embeddable":true,"href":"https:\/\/fh-staging.vengo.cloud\/de-ch\/wp-json\/wp\/v2\/product_cat?post=65030"},{"taxonomy":"product_tag","embeddable":true,"href":"https:\/\/fh-staging.vengo.cloud\/de-ch\/wp-json\/wp\/v2\/product_tag?post=65030"},{"taxonomy":"woo-feed-brand","embeddable":true,"href":"https:\/\/fh-staging.vengo.cloud\/de-ch\/wp-json\/wp\/v2\/woo-feed-brand?post=65030"}],"curies":[{"name":"wp","href":"https:\/\/api.w.org\/{rel}","templated":true}]}}