{"id":64957,"date":"2025-10-13T15:44:10","date_gmt":"2025-10-13T13:44:10","guid":{"rendered":"https:\/\/fh-staging.vengo.cloud\/de-ch\/p\/bettueberwurf-senf-220x240cm"},"modified":"2026-01-05T14:03:33","modified_gmt":"2026-01-05T13:03:33","slug":"bettueberwurf-senf-220x240cm","status":"publish","type":"product","link":"https:\/\/fh-staging.vengo.cloud\/de-ch\/p\/bettueberwurf-senf-220x240cm","title":{"rendered":"Bett\u00fcberwurf, senf, 220x240cm"},"content":{"rendered":"<p>Unser sch\u00f6ner Bett\u00fcberwurf aus hochwertigem Baumwollmusselin zeichnet sich durch seine charakterlich gesteppte Struktur aus und setzt einen warmen, behaglichen Akzent als Bett\u00fcberwurf im Schlafzimmer aber auch als Kuscheldecke auf dem Sofa. Die farblich abgestimmten Fransen am Rand der Tagesdecke runden den Look wundersch\u00f6n ab.<\/p>\n<p>\u2022 100% Qualit\u00e4tsbaumwolle<br \/>\n\u2022 Musselin Webung<br \/>\n\u2022 Geeignet als Tagesdecke, Bett\u00fcberwurf oder Picknickdecke<br \/>\n\u2022 Temperaturausgleichend und atmungsaktiv<br \/>\n\u2022 Waschbar bei 40 Grad<br \/>\n\u2022 Farblich passender Fransenrand<\/p>\n","protected":false},"excerpt":{"rendered":"<p>Tagesdecke aus senfgelbem Bio Baumwoll Musselin, 220 x 240 cm<\/p>\n","protected":false},"featured_media":64956,"template":"","meta":[],"product_brand":[],"product_cat":[31,23],"product_tag":[324],"woo-feed-brand":[],"class_list":{"0":"post-64957","1":"product","2":"type-product","3":"status-publish","4":"has-post-thumbnail","6":"product_cat-heimtextilien","7":"product_cat-home-living","8":"product_tag-marein-ag","10":"first","11":"instock","12":"taxable","13":"shipping-taxable","14":"purchasable","15":"product-type-simple"},"_links":{"self":[{"href":"https:\/\/fh-staging.vengo.cloud\/de-ch\/wp-json\/wp\/v2\/product\/64957","targetHints":{"allow":["GET"]}}],"collection":[{"href":"https:\/\/fh-staging.vengo.cloud\/de-ch\/wp-json\/wp\/v2\/product"}],"about":[{"href":"https:\/\/fh-staging.vengo.cloud\/de-ch\/wp-json\/wp\/v2\/types\/product"}],"wp:featuredmedia":[{"embeddable":true,"href":"https:\/\/fh-staging.vengo.cloud\/de-ch\/wp-json\/wp\/v2\/media\/64956"}],"wp:attachment":[{"href":"https:\/\/fh-staging.vengo.cloud\/de-ch\/wp-json\/wp\/v2\/media?parent=64957"}],"wp:term":[{"taxonomy":"product_brand","embeddable":true,"href":"https:\/\/fh-staging.vengo.cloud\/de-ch\/wp-json\/wp\/v2\/product_brand?post=64957"},{"taxonomy":"product_cat","embeddable":true,"href":"https:\/\/fh-staging.vengo.cloud\/de-ch\/wp-json\/wp\/v2\/product_cat?post=64957"},{"taxonomy":"product_tag","embeddable":true,"href":"https:\/\/fh-staging.vengo.cloud\/de-ch\/wp-json\/wp\/v2\/product_tag?post=64957"},{"taxonomy":"woo-feed-brand","embeddable":true,"href":"https:\/\/fh-staging.vengo.cloud\/de-ch\/wp-json\/wp\/v2\/woo-feed-brand?post=64957"}],"curies":[{"name":"wp","href":"https:\/\/api.w.org\/{rel}","templated":true}]}}