{"id":64919,"date":"2025-10-13T15:42:27","date_gmt":"2025-10-13T13:42:27","guid":{"rendered":"https:\/\/fh-staging.vengo.cloud\/de-ch\/p\/boho-baumwolldecke-130x170-cm"},"modified":"2026-01-05T14:03:35","modified_gmt":"2026-01-05T13:03:35","slug":"boho-baumwolldecke-130x170-cm","status":"publish","type":"product","link":"https:\/\/fh-staging.vengo.cloud\/de-ch\/p\/boho-baumwolldecke-130x170-cm","title":{"rendered":"Boho Baumwolldecke, 130&#215;170 cm"},"content":{"rendered":"<p>Kuschelweiche Baumwolldecke mit eingewobenem Fischgr\u00e4tmuster in sanften Beige und Braunt\u00f6nen. Sorgt f\u00fcr einen dezenten Boho Touch in Wohn- oder Schlafzimmer und \u00fcberzeugt durch seine super weiche Struktur.<\/p>\n<p>\u2022 Super weiche Qualit\u00e4ts-Baumwolle<br \/>\n\u2022 Kuschlig weich und anschmiegsam<br \/>\n\u2022 Pflegeleicht, waschbar bei 30 Grad<br \/>\n\u2022 Hochwertige F\u00e4rbung in Fischgr\u00e4t Muster, welche auch bei vielem Waschen nicht verblasst<br \/>\n\u2022 Standard Mass 130 x 170 cm<\/p>\n","protected":false},"excerpt":{"rendered":"<p>Beige Braune Boho Baumwolldecke mit eingearbeitetem Fischgr\u00e4t Muster, 130 x 170 cm<\/p>\n","protected":false},"featured_media":65990,"template":"","meta":[],"product_brand":[],"product_cat":[31,23],"product_tag":[324],"woo-feed-brand":[],"class_list":{"0":"post-64919","1":"product","2":"type-product","3":"status-publish","4":"has-post-thumbnail","6":"product_cat-heimtextilien","7":"product_cat-home-living","8":"product_tag-marein-ag","10":"first","11":"instock","12":"taxable","13":"shipping-taxable","14":"purchasable","15":"product-type-simple"},"_links":{"self":[{"href":"https:\/\/fh-staging.vengo.cloud\/de-ch\/wp-json\/wp\/v2\/product\/64919","targetHints":{"allow":["GET"]}}],"collection":[{"href":"https:\/\/fh-staging.vengo.cloud\/de-ch\/wp-json\/wp\/v2\/product"}],"about":[{"href":"https:\/\/fh-staging.vengo.cloud\/de-ch\/wp-json\/wp\/v2\/types\/product"}],"wp:featuredmedia":[{"embeddable":true,"href":"https:\/\/fh-staging.vengo.cloud\/de-ch\/wp-json\/wp\/v2\/media\/65990"}],"wp:attachment":[{"href":"https:\/\/fh-staging.vengo.cloud\/de-ch\/wp-json\/wp\/v2\/media?parent=64919"}],"wp:term":[{"taxonomy":"product_brand","embeddable":true,"href":"https:\/\/fh-staging.vengo.cloud\/de-ch\/wp-json\/wp\/v2\/product_brand?post=64919"},{"taxonomy":"product_cat","embeddable":true,"href":"https:\/\/fh-staging.vengo.cloud\/de-ch\/wp-json\/wp\/v2\/product_cat?post=64919"},{"taxonomy":"product_tag","embeddable":true,"href":"https:\/\/fh-staging.vengo.cloud\/de-ch\/wp-json\/wp\/v2\/product_tag?post=64919"},{"taxonomy":"woo-feed-brand","embeddable":true,"href":"https:\/\/fh-staging.vengo.cloud\/de-ch\/wp-json\/wp\/v2\/woo-feed-brand?post=64919"}],"curies":[{"name":"wp","href":"https:\/\/api.w.org\/{rel}","templated":true}]}}