{"id":64910,"date":"2025-10-13T15:41:58","date_gmt":"2025-10-13T13:41:58","guid":{"rendered":"https:\/\/fh-staging.vengo.cloud\/de-ch\/p\/gestrickte-lappen-3-stk-blush"},"modified":"2026-01-05T14:03:36","modified_gmt":"2026-01-05T13:03:36","slug":"gestrickte-lappen-3-stk-blush","status":"publish","type":"product","link":"https:\/\/fh-staging.vengo.cloud\/de-ch\/p\/gestrickte-lappen-3-stk-blush","title":{"rendered":"Gestrickte Lappen, 3 Stk., blush"},"content":{"rendered":"<p>Die drei hochwertigen Sp\u00fclt\u00fccher in Olive, Salbei und rosa aus gestrickter Baumwolle eignen sich wunderbar zum Sp\u00fclen oder Putzen der K\u00fcche und des Bads. Alternativ lassen sie sich auch ideal als Gesichts- oder Handt\u00fccher verwenden, da ihre weiche Struktur, frei von Mikroplastik, f\u00fcr eine sanfte Reinigung sorgt.<\/p>\n<p>Die T\u00fccher aus 100% Baumwolle lassen sich bei ca. 40 \u2013 60 Grad waschen und umfassen 25 x 25 cm.<\/p>\n<p>\u2022 100% Baumwolle<br \/>\n\u2022 3er Set gestrickter Wischt\u00fccher in drei Farben<br \/>\n\u2022 Ideal f\u00fcr K\u00fcche oder Bad<br \/>\n\u2022 Strapazierf\u00e4hig mit optimaler Saugkraft<br \/>\n\u2022 Super weich f\u00fcr eine sanfte und kratzfreie Reinigung<br \/>\n\u2022 Frei von Mikroplastik und Chemikalien<br \/>\n\u2022 Waschbar bei 40 \u2013 60 Grad ohne Formverlust<\/p>\n","protected":false},"excerpt":{"rendered":"<p>Reinigungstuchset \/ Stricklappen aus Baumwolle f\u00fcr K\u00fcche und Bad, Blush-Farben, je 25 x 25 cm<\/p>\n","protected":false},"featured_media":64909,"template":"","meta":[],"product_brand":[],"product_cat":[1100,42,1098],"product_tag":[324],"woo-feed-brand":[],"class_list":{"0":"post-64910","1":"product","2":"type-product","3":"status-publish","4":"has-post-thumbnail","6":"product_cat-kuechentextilien","7":"product_cat-kueche","8":"product_cat-textilien","9":"product_tag-marein-ag","11":"first","12":"instock","13":"taxable","14":"shipping-taxable","15":"purchasable","16":"product-type-simple"},"_links":{"self":[{"href":"https:\/\/fh-staging.vengo.cloud\/de-ch\/wp-json\/wp\/v2\/product\/64910","targetHints":{"allow":["GET"]}}],"collection":[{"href":"https:\/\/fh-staging.vengo.cloud\/de-ch\/wp-json\/wp\/v2\/product"}],"about":[{"href":"https:\/\/fh-staging.vengo.cloud\/de-ch\/wp-json\/wp\/v2\/types\/product"}],"wp:featuredmedia":[{"embeddable":true,"href":"https:\/\/fh-staging.vengo.cloud\/de-ch\/wp-json\/wp\/v2\/media\/64909"}],"wp:attachment":[{"href":"https:\/\/fh-staging.vengo.cloud\/de-ch\/wp-json\/wp\/v2\/media?parent=64910"}],"wp:term":[{"taxonomy":"product_brand","embeddable":true,"href":"https:\/\/fh-staging.vengo.cloud\/de-ch\/wp-json\/wp\/v2\/product_brand?post=64910"},{"taxonomy":"product_cat","embeddable":true,"href":"https:\/\/fh-staging.vengo.cloud\/de-ch\/wp-json\/wp\/v2\/product_cat?post=64910"},{"taxonomy":"product_tag","embeddable":true,"href":"https:\/\/fh-staging.vengo.cloud\/de-ch\/wp-json\/wp\/v2\/product_tag?post=64910"},{"taxonomy":"woo-feed-brand","embeddable":true,"href":"https:\/\/fh-staging.vengo.cloud\/de-ch\/wp-json\/wp\/v2\/woo-feed-brand?post=64910"}],"curies":[{"name":"wp","href":"https:\/\/api.w.org\/{rel}","templated":true}]}}