{"id":64870,"date":"2025-10-13T15:40:41","date_gmt":"2025-10-13T13:40:41","guid":{"rendered":"https:\/\/fh-staging.vengo.cloud\/de-ch\/p\/ted-ofenhandschuh-natur"},"modified":"2026-01-05T14:03:38","modified_gmt":"2026-01-05T13:03:38","slug":"ted-ofenhandschuh-natur","status":"publish","type":"product","link":"https:\/\/fh-staging.vengo.cloud\/de-ch\/p\/ted-ofenhandschuh-natur","title":{"rendered":"Ted Ofenhandschuh, natur"},"content":{"rendered":"<p>Der Ofenhandschuh der Linie \u201cTed\u201d aus beigem Baumwoll-Leinenmix ist die perfekte Erg\u00e4nzung f\u00fcr jede K\u00fcchenausstattung. Mit einer Gr\u00f6sse von 17 cm x 32 cm bietet dieser Handschuh zuverl\u00e4ssigen Schutz vor Hitze und Verbrennungen beim Kochen und Backen. Der Baumwoll-Leinenmix ist strapazierf\u00e4hig und langlebig. Das grau-weisse Streifenmuster verleiht dem K\u00fccheninterieur eine stilvolle und moderne Note. Wir legen grossen Wert auf eine verantwortungsvolle Herstellung und haben deshalb auch bei diesem Produkt darauf geachtet, dass es unter fairen Bedingungen produziert wurde.<\/p>\n<p>\u2022 Beiger Ofenhandschuh<br \/>\n\u2022 Hergestellt aus 50% Bio Baumwolle &amp; 50% Leinen<br \/>\n\u2022 Masse: 17 x 32 cm<br \/>\n\u2022 Waschbar bei 40 Grad<br \/>\n\u2022 Oeko-Tex Standard 100 und GOTS zertifizierte Bio Baumwolle<br \/>\n\u2022 Verantwortungsvoll hergestellt<\/p>\n","protected":false},"excerpt":{"rendered":"<p>Ofenhandschuh \u201cTed\u201d aus beigem Baumwoll-Leinenmix, 17 cm x 32 cm<\/p>\n","protected":false},"featured_media":66609,"template":"","meta":[],"product_brand":[],"product_cat":[1100,42,1098],"product_tag":[324],"woo-feed-brand":[],"class_list":{"0":"post-64870","1":"product","2":"type-product","3":"status-publish","4":"has-post-thumbnail","6":"product_cat-kuechentextilien","7":"product_cat-kueche","8":"product_cat-textilien","9":"product_tag-marein-ag","11":"first","12":"instock","13":"taxable","14":"shipping-taxable","15":"purchasable","16":"product-type-simple"},"_links":{"self":[{"href":"https:\/\/fh-staging.vengo.cloud\/de-ch\/wp-json\/wp\/v2\/product\/64870","targetHints":{"allow":["GET"]}}],"collection":[{"href":"https:\/\/fh-staging.vengo.cloud\/de-ch\/wp-json\/wp\/v2\/product"}],"about":[{"href":"https:\/\/fh-staging.vengo.cloud\/de-ch\/wp-json\/wp\/v2\/types\/product"}],"wp:featuredmedia":[{"embeddable":true,"href":"https:\/\/fh-staging.vengo.cloud\/de-ch\/wp-json\/wp\/v2\/media\/66609"}],"wp:attachment":[{"href":"https:\/\/fh-staging.vengo.cloud\/de-ch\/wp-json\/wp\/v2\/media?parent=64870"}],"wp:term":[{"taxonomy":"product_brand","embeddable":true,"href":"https:\/\/fh-staging.vengo.cloud\/de-ch\/wp-json\/wp\/v2\/product_brand?post=64870"},{"taxonomy":"product_cat","embeddable":true,"href":"https:\/\/fh-staging.vengo.cloud\/de-ch\/wp-json\/wp\/v2\/product_cat?post=64870"},{"taxonomy":"product_tag","embeddable":true,"href":"https:\/\/fh-staging.vengo.cloud\/de-ch\/wp-json\/wp\/v2\/product_tag?post=64870"},{"taxonomy":"woo-feed-brand","embeddable":true,"href":"https:\/\/fh-staging.vengo.cloud\/de-ch\/wp-json\/wp\/v2\/woo-feed-brand?post=64870"}],"curies":[{"name":"wp","href":"https:\/\/api.w.org\/{rel}","templated":true}]}}