{"id":64854,"date":"2025-10-13T15:39:55","date_gmt":"2025-10-13T13:39:55","guid":{"rendered":"https:\/\/fh-staging.vengo.cloud\/de-ch\/p\/sol-kuechentuch-blauweiss-45x70"},"modified":"2026-01-05T14:03:38","modified_gmt":"2026-01-05T13:03:38","slug":"sol-kuechentuch-blauweiss-45x70","status":"publish","type":"product","link":"https:\/\/fh-staging.vengo.cloud\/de-ch\/p\/sol-kuechentuch-blauweiss-45x70","title":{"rendered":"Sol K\u00fcchentuch, blauweiss, 45&#215;70"},"content":{"rendered":"<p>Unser K\u00fcchentuch \u201cSol\u201d ist der perfekte Begleiter f\u00fcr jede K\u00fcche! Hergestellt aus einem langlebigen Baumwoll-Leinenmix in blau-weissem Streifen-Design ist es nicht nur ein Hingucker, sondern auch \u00e4usserst funktional.<br \/>\nMit einer Gr\u00f6sse von 45 x 70 cm bietet es ausreichend Platz, um Geschirr und Gl\u00e4ser m\u00fchelos abzutrocknen. Dank der angenehmen Textur des Tuchs werden Gegenst\u00e4nde dabei nicht zerkratzt.<\/p>\n<p>Wir legen grossen Wert auf eine verantwortungsvolle Herstellung und haben deshalb auch bei diesem Produkt darauf geachtet, dass es unter fairen Bedingungen produziert wurde.<\/p>\n<p>\u2022 Geschirrtuch aus langlebigem Baumwoll-Leinenmix<br \/>\n\u2022 Mit H\u00e4ngeschlaufe<br \/>\n\u2022 Masse: 45 x 70 cm<br \/>\n\u2022 Sehr saugf\u00e4hig mit angenehmer Textur, die Geschirr und Gl\u00e4ser nicht zerkratzt<br \/>\n\u2022 Waschbar bei 40 Grad<br \/>\n\u2022 Oeko-Tex Standard 100 und GOTS zertifizierte Bio Baumwolle<br \/>\n\u2022 Verantwortungsvoll hergestellt<\/p>\n","protected":false},"excerpt":{"rendered":"<p>K\u00fcchentuch \/ Geschirrtuch \u201cSol\u201d aus blau-weiss gestreiftem Baumwoll-Leinenmix, 45 cm x 70 cm<\/p>\n","protected":false},"featured_media":64853,"template":"","meta":[],"product_brand":[],"product_cat":[1100,42,1098],"product_tag":[324],"woo-feed-brand":[],"class_list":{"0":"post-64854","1":"product","2":"type-product","3":"status-publish","4":"has-post-thumbnail","6":"product_cat-kuechentextilien","7":"product_cat-kueche","8":"product_cat-textilien","9":"product_tag-marein-ag","11":"first","12":"instock","13":"taxable","14":"shipping-taxable","15":"purchasable","16":"product-type-simple"},"_links":{"self":[{"href":"https:\/\/fh-staging.vengo.cloud\/de-ch\/wp-json\/wp\/v2\/product\/64854","targetHints":{"allow":["GET"]}}],"collection":[{"href":"https:\/\/fh-staging.vengo.cloud\/de-ch\/wp-json\/wp\/v2\/product"}],"about":[{"href":"https:\/\/fh-staging.vengo.cloud\/de-ch\/wp-json\/wp\/v2\/types\/product"}],"wp:featuredmedia":[{"embeddable":true,"href":"https:\/\/fh-staging.vengo.cloud\/de-ch\/wp-json\/wp\/v2\/media\/64853"}],"wp:attachment":[{"href":"https:\/\/fh-staging.vengo.cloud\/de-ch\/wp-json\/wp\/v2\/media?parent=64854"}],"wp:term":[{"taxonomy":"product_brand","embeddable":true,"href":"https:\/\/fh-staging.vengo.cloud\/de-ch\/wp-json\/wp\/v2\/product_brand?post=64854"},{"taxonomy":"product_cat","embeddable":true,"href":"https:\/\/fh-staging.vengo.cloud\/de-ch\/wp-json\/wp\/v2\/product_cat?post=64854"},{"taxonomy":"product_tag","embeddable":true,"href":"https:\/\/fh-staging.vengo.cloud\/de-ch\/wp-json\/wp\/v2\/product_tag?post=64854"},{"taxonomy":"woo-feed-brand","embeddable":true,"href":"https:\/\/fh-staging.vengo.cloud\/de-ch\/wp-json\/wp\/v2\/woo-feed-brand?post=64854"}],"curies":[{"name":"wp","href":"https:\/\/api.w.org\/{rel}","templated":true}]}}