{"id":64826,"date":"2025-10-13T15:38:51","date_gmt":"2025-10-13T13:38:51","guid":{"rendered":"https:\/\/fh-staging.vengo.cloud\/de-ch\/p\/2pcs-sushi-set-180ml"},"modified":"2026-01-05T14:03:40","modified_gmt":"2026-01-05T13:03:40","slug":"2pcs-sushi-set-180ml","status":"publish","type":"product","link":"https:\/\/fh-staging.vengo.cloud\/de-ch\/p\/2pcs-sushi-set-180ml","title":{"rendered":"2pcs Sushi set, 180ml"},"content":{"rendered":"<p>Dieses Japanische Sushi Set verwandelt jeden Sushi Abend in ein authentisches Erlebnis und serviert Sojasauce, Ingwer und Wasabi stilvoll in Sch\u00e4lchen und K\u00e4nnchen.<\/p>\n<p>\u2022 Japanisches Sushi Set mit reaktiver Glasur<br \/>\n\u2022 Ideal zum Servieren von Sojasaucen, Ingwer und Wasabi Paste<br \/>\n\u2022 Soja K\u00e4nnchen: \u00d8 7 cm , H\u00f6he 10 cm, 180 ml<br \/>\n\u2022 Saucen Sch\u00e4lchen: L\u00e4nge 13 cm, Breite 8 H\u00f6he 2.5 cm, (zwei Kammern)<br \/>\n\u2022 Lebensmittelecht und sp\u00fclmaschinenfest<\/p>\n","protected":false},"excerpt":{"rendered":"<p>Handglasiertes Sushi und Saucen Servier Set<\/p>\n","protected":false},"featured_media":64825,"template":"","meta":[],"product_brand":[],"product_cat":[1102,984,994,42,1101,43],"product_tag":[324],"woo-feed-brand":[],"class_list":{"0":"post-64826","1":"product","2":"type-product","3":"status-publish","4":"has-post-thumbnail","6":"product_cat-essen","7":"product_cat-silvester","8":"product_cat-silvestertisch","9":"product_cat-kueche","10":"product_cat-geschirr","11":"product_cat-gedeckter-tisch","12":"product_tag-marein-ag","14":"first","15":"instock","16":"taxable","17":"shipping-taxable","18":"purchasable","19":"product-type-simple"},"_links":{"self":[{"href":"https:\/\/fh-staging.vengo.cloud\/de-ch\/wp-json\/wp\/v2\/product\/64826","targetHints":{"allow":["GET"]}}],"collection":[{"href":"https:\/\/fh-staging.vengo.cloud\/de-ch\/wp-json\/wp\/v2\/product"}],"about":[{"href":"https:\/\/fh-staging.vengo.cloud\/de-ch\/wp-json\/wp\/v2\/types\/product"}],"wp:featuredmedia":[{"embeddable":true,"href":"https:\/\/fh-staging.vengo.cloud\/de-ch\/wp-json\/wp\/v2\/media\/64825"}],"wp:attachment":[{"href":"https:\/\/fh-staging.vengo.cloud\/de-ch\/wp-json\/wp\/v2\/media?parent=64826"}],"wp:term":[{"taxonomy":"product_brand","embeddable":true,"href":"https:\/\/fh-staging.vengo.cloud\/de-ch\/wp-json\/wp\/v2\/product_brand?post=64826"},{"taxonomy":"product_cat","embeddable":true,"href":"https:\/\/fh-staging.vengo.cloud\/de-ch\/wp-json\/wp\/v2\/product_cat?post=64826"},{"taxonomy":"product_tag","embeddable":true,"href":"https:\/\/fh-staging.vengo.cloud\/de-ch\/wp-json\/wp\/v2\/product_tag?post=64826"},{"taxonomy":"woo-feed-brand","embeddable":true,"href":"https:\/\/fh-staging.vengo.cloud\/de-ch\/wp-json\/wp\/v2\/woo-feed-brand?post=64826"}],"curies":[{"name":"wp","href":"https:\/\/api.w.org\/{rel}","templated":true}]}}