{"id":64764,"date":"2025-10-13T15:31:54","date_gmt":"2025-10-13T13:31:54","guid":{"rendered":"https:\/\/fh-staging.vengo.cloud\/de-ch\/p\/grosses-rundes-holzbrett-mit-griff-in-schwarz-o-38-cm"},"modified":"2026-01-05T14:03:43","modified_gmt":"2026-01-05T13:03:43","slug":"grosses-rundes-holzbrett-mit-griff-in-schwarz-o-38-cm","status":"publish","type":"product","link":"https:\/\/fh-staging.vengo.cloud\/de-ch\/p\/grosses-rundes-holzbrett-mit-griff-in-schwarz-o-38-cm","title":{"rendered":"Grosses Rundes Holzbrett mit Griff in schwarz, \u00d8 38 cm"},"content":{"rendered":"<p>Unser rundes, schwarzes Holzbrett l\u00e4sst sich vielseitig einsetzen. Ideal f\u00fcr den Apero, zum Zubereiten von Speisen oder als Dekoteller, ist es aus robustem und pflegeleichtem Mangoholz geschaffen.<\/p>\n<p>\u2022 Rundes Holzbrett, ideal zum Servieren oder Zubereiten von Speisen<br \/>\n\u2022 Aus robustem und pflegeleichtem Mangoholz mit Jutegarn zum Aufg\u00e4ngen<br \/>\n\u2022 Lebensmittelecht<br \/>\n\u2022 Nur von Hand sp\u00fclen<\/p>\n","protected":false},"excerpt":{"rendered":"<p>Unser rundes, schwarzes Holzbrett l\u00e4sst sich vielseitig einsetzen. Ideal f\u00fcr den Apero, zum Zubereiten von Speisen oder als Dekoteller, ist es aus robustem und pflegeleichtem Mangoholz geschaffen.<\/p>\n","protected":false},"featured_media":64763,"template":"","meta":[],"product_brand":[],"product_cat":[1108,984,994,42,1104,43,44],"product_tag":[324],"woo-feed-brand":[],"class_list":{"0":"post-64764","1":"product","2":"type-product","3":"status-publish","4":"has-post-thumbnail","6":"product_cat-tabletts","7":"product_cat-silvester","8":"product_cat-silvestertisch","9":"product_cat-kueche","10":"product_cat-tischakzente","11":"product_cat-gedeckter-tisch","12":"product_cat-kuechenhelfer","13":"product_tag-marein-ag","15":"first","16":"instock","17":"taxable","18":"shipping-taxable","19":"purchasable","20":"product-type-simple"},"_links":{"self":[{"href":"https:\/\/fh-staging.vengo.cloud\/de-ch\/wp-json\/wp\/v2\/product\/64764","targetHints":{"allow":["GET"]}}],"collection":[{"href":"https:\/\/fh-staging.vengo.cloud\/de-ch\/wp-json\/wp\/v2\/product"}],"about":[{"href":"https:\/\/fh-staging.vengo.cloud\/de-ch\/wp-json\/wp\/v2\/types\/product"}],"wp:featuredmedia":[{"embeddable":true,"href":"https:\/\/fh-staging.vengo.cloud\/de-ch\/wp-json\/wp\/v2\/media\/64763"}],"wp:attachment":[{"href":"https:\/\/fh-staging.vengo.cloud\/de-ch\/wp-json\/wp\/v2\/media?parent=64764"}],"wp:term":[{"taxonomy":"product_brand","embeddable":true,"href":"https:\/\/fh-staging.vengo.cloud\/de-ch\/wp-json\/wp\/v2\/product_brand?post=64764"},{"taxonomy":"product_cat","embeddable":true,"href":"https:\/\/fh-staging.vengo.cloud\/de-ch\/wp-json\/wp\/v2\/product_cat?post=64764"},{"taxonomy":"product_tag","embeddable":true,"href":"https:\/\/fh-staging.vengo.cloud\/de-ch\/wp-json\/wp\/v2\/product_tag?post=64764"},{"taxonomy":"woo-feed-brand","embeddable":true,"href":"https:\/\/fh-staging.vengo.cloud\/de-ch\/wp-json\/wp\/v2\/woo-feed-brand?post=64764"}],"curies":[{"name":"wp","href":"https:\/\/api.w.org\/{rel}","templated":true}]}}