{"id":64695,"date":"2025-10-13T15:29:55","date_gmt":"2025-10-13T13:29:55","guid":{"rendered":"https:\/\/fh-staging.vengo.cloud\/de-ch\/p\/4er-set-350ml-doppelwandiges-cappuccino-glas-kaf"},"modified":"2026-01-05T14:03:46","modified_gmt":"2026-01-05T13:03:46","slug":"doppelwandiges-cappuccino-glas-kaffee-cup-4-stk","status":"publish","type":"product","link":"https:\/\/fh-staging.vengo.cloud\/de-ch\/p\/doppelwandiges-cappuccino-glas-kaffee-cup-4-stk","title":{"rendered":"Doppelwandiges Cappuccino Glas Kaffee Cup, 4. Stk"},"content":{"rendered":"<p>Bestelle jetzt dieses Set mit 4 stylischen Kaffee Cups mit einer Doppelwand. Das Design der Gl\u00e4ser ist ein richtiger Hingucker, egal ob f\u00fcr Kaffee, Cappuccino oder Milchgetr\u00e4nke. Der Eyecatcher ist zudem eine ideale Geschenkidee f\u00fcr Geburtstage, Weihnachten etc.<\/p>\n<p>\u2022 Farbe: Transparent<br \/>\n\u2022 Motiv: Doppelwandig<br \/>\n\u2022 Material: Glas<br \/>\n\u2022 Gr\u00f6sse: ca. 11.5 x 8.5 cm<br \/>\n\u2022 Gewicht: ca. 162 g<br \/>\n\u2022 Fassungsverm\u00f6gen: ca. 350 ml<br \/>\n\u2022 Nicht sp\u00fclmaschinenfest<\/p>\n","protected":false},"excerpt":{"rendered":"<p>Doppelwandiges Cappuccino Glas Kaffee Cup, 350ml, 4 Stk.<\/p>\n","protected":false},"featured_media":65936,"template":"","meta":[],"product_brand":[],"product_cat":[1103,42,1101,43],"product_tag":[324],"woo-feed-brand":[],"class_list":{"0":"post-64695","1":"product","2":"type-product","3":"status-publish","4":"has-post-thumbnail","6":"product_cat-trinken","7":"product_cat-kueche","8":"product_cat-geschirr","9":"product_cat-gedeckter-tisch","10":"product_tag-marein-ag","12":"first","13":"instock","14":"taxable","15":"shipping-taxable","16":"purchasable","17":"product-type-simple"},"_links":{"self":[{"href":"https:\/\/fh-staging.vengo.cloud\/de-ch\/wp-json\/wp\/v2\/product\/64695","targetHints":{"allow":["GET"]}}],"collection":[{"href":"https:\/\/fh-staging.vengo.cloud\/de-ch\/wp-json\/wp\/v2\/product"}],"about":[{"href":"https:\/\/fh-staging.vengo.cloud\/de-ch\/wp-json\/wp\/v2\/types\/product"}],"wp:featuredmedia":[{"embeddable":true,"href":"https:\/\/fh-staging.vengo.cloud\/de-ch\/wp-json\/wp\/v2\/media\/65936"}],"wp:attachment":[{"href":"https:\/\/fh-staging.vengo.cloud\/de-ch\/wp-json\/wp\/v2\/media?parent=64695"}],"wp:term":[{"taxonomy":"product_brand","embeddable":true,"href":"https:\/\/fh-staging.vengo.cloud\/de-ch\/wp-json\/wp\/v2\/product_brand?post=64695"},{"taxonomy":"product_cat","embeddable":true,"href":"https:\/\/fh-staging.vengo.cloud\/de-ch\/wp-json\/wp\/v2\/product_cat?post=64695"},{"taxonomy":"product_tag","embeddable":true,"href":"https:\/\/fh-staging.vengo.cloud\/de-ch\/wp-json\/wp\/v2\/product_tag?post=64695"},{"taxonomy":"woo-feed-brand","embeddable":true,"href":"https:\/\/fh-staging.vengo.cloud\/de-ch\/wp-json\/wp\/v2\/woo-feed-brand?post=64695"}],"curies":[{"name":"wp","href":"https:\/\/api.w.org\/{rel}","templated":true}]}}