{"id":64628,"date":"2025-10-13T15:27:58","date_gmt":"2025-10-13T13:27:58","guid":{"rendered":"https:\/\/fh-staging.vengo.cloud\/de-ch\/p\/kerzenstaender-silber-27cm"},"modified":"2026-01-05T14:03:50","modified_gmt":"2026-01-05T13:03:50","slug":"kerzenstaender-silber-27cm","status":"publish","type":"product","link":"https:\/\/fh-staging.vengo.cloud\/de-ch\/p\/kerzenstaender-silber-27cm","title":{"rendered":"Kerzenst\u00e4nder, silber, 27cm"},"content":{"rendered":"<p>Dieser Kerzenst\u00e4nder verleiht deinem Zuhause einen super edlen Look und sieht super sch\u00f6n aus auf dem Esstisch mit einer sch\u00f6nen Stabkerze. Der Kerzenst\u00e4nder ist bei uns in verschiedenen Farben und zwei Gr\u00f6ssen erh\u00e4ltlich.<\/p>\n<p>\u2022 Kerzenleuchter f\u00fcr Stab- und Spitzkerzen aus Metall mit gl\u00e4nzendem Silber Finish<br \/>\n\u2022 Ideal f\u00fcr Anl\u00e4sse wie Hochzeiten oder Feiern<br \/>\n\u2022 Erh\u00e4ltlich in verschiedenen Gr\u00f6ssen (17.5 cm und 27.5 cm) f\u00fcr besonders harmonische Kombinationen<br \/>\n\u2022 F\u00fcr die meisten Standardkerzen (2 \u2013 2.2 cm) geeignet<br \/>\n\u2022 Kerzenhalter sind mit Samtb\u00f6den ausgestattet zum Schutz vor Verkratzen der M\u00f6bel<\/p>\n","protected":false},"excerpt":{"rendered":"<p>Kerzenst\u00e4nder f\u00fcr Stabkerzen in Silber, 27.5 cm<\/p>\n","protected":false},"featured_media":64627,"template":"","meta":[],"product_brand":[],"product_cat":[104,23,909,1179,911,28],"product_tag":[324],"woo-feed-brand":[],"class_list":{"0":"post-64628","1":"product","2":"type-product","3":"status-publish","4":"has-post-thumbnail","6":"product_cat-kerzenhalter","7":"product_cat-home-living","8":"product_cat-weihnachten","9":"product_cat-weihnachtsdeko","10":"product_cat-accessoires","11":"product_cat-kerzen-lichter","12":"product_tag-marein-ag","14":"first","15":"instock","16":"taxable","17":"shipping-taxable","18":"purchasable","19":"product-type-simple"},"_links":{"self":[{"href":"https:\/\/fh-staging.vengo.cloud\/de-ch\/wp-json\/wp\/v2\/product\/64628","targetHints":{"allow":["GET"]}}],"collection":[{"href":"https:\/\/fh-staging.vengo.cloud\/de-ch\/wp-json\/wp\/v2\/product"}],"about":[{"href":"https:\/\/fh-staging.vengo.cloud\/de-ch\/wp-json\/wp\/v2\/types\/product"}],"wp:featuredmedia":[{"embeddable":true,"href":"https:\/\/fh-staging.vengo.cloud\/de-ch\/wp-json\/wp\/v2\/media\/64627"}],"wp:attachment":[{"href":"https:\/\/fh-staging.vengo.cloud\/de-ch\/wp-json\/wp\/v2\/media?parent=64628"}],"wp:term":[{"taxonomy":"product_brand","embeddable":true,"href":"https:\/\/fh-staging.vengo.cloud\/de-ch\/wp-json\/wp\/v2\/product_brand?post=64628"},{"taxonomy":"product_cat","embeddable":true,"href":"https:\/\/fh-staging.vengo.cloud\/de-ch\/wp-json\/wp\/v2\/product_cat?post=64628"},{"taxonomy":"product_tag","embeddable":true,"href":"https:\/\/fh-staging.vengo.cloud\/de-ch\/wp-json\/wp\/v2\/product_tag?post=64628"},{"taxonomy":"woo-feed-brand","embeddable":true,"href":"https:\/\/fh-staging.vengo.cloud\/de-ch\/wp-json\/wp\/v2\/woo-feed-brand?post=64628"}],"curies":[{"name":"wp","href":"https:\/\/api.w.org\/{rel}","templated":true}]}}