{"id":64600,"date":"2025-10-13T15:27:11","date_gmt":"2025-10-13T13:27:11","guid":{"rendered":"https:\/\/fh-staging.vengo.cloud\/de-ch\/p\/kerzenstaender-rose-17cm"},"modified":"2026-01-12T13:54:09","modified_gmt":"2026-01-12T12:54:09","slug":"kerzenstaender-rose-17cm","status":"publish","type":"product","link":"https:\/\/fh-staging.vengo.cloud\/de-ch\/p\/kerzenstaender-rose-17cm","title":{"rendered":"Kerzenst\u00e4nder, ros\u00e9, 17cm"},"content":{"rendered":"<p>Unser eleganter Kerzenst\u00e4nder f\u00fcr Stab- und Spitzkerzen in gl\u00e4nzendem Kupfer-Finish verleiht deinen Anl\u00e4ssen, sei es eine Hochzeit oder eine festliche Feier, einen Hauch von Glamour. Mit einer H\u00f6he von 17.5 cm ist er perfekt f\u00fcr stilvolle Tischdekorationen. Dieser Kerzenleuchter eignet sich f\u00fcr die meisten Standardkerzen mit einem Durchmesser von 2.2 cm und ist in verschiedenen H\u00f6hen \u00a0erh\u00e4ltlich, um harmonische Arrangements zu erm\u00f6glichen. Die Samtb\u00f6den der Kerzenhalter sch\u00fctzen deine M\u00f6bel vor Kratzern. Verleihe deinem Raum mit diesem Kupfer-Kerzenst\u00e4nder einen Hauch von Eleganz und Stil.<\/p>\n<p>\u2022 Kerzenleuchter f\u00fcr Stab- und Spitzkerzen aus Metall mit gl\u00e4nzendem Kupfer Finish<br \/>\n\u2022 Ideal f\u00fcr Anl\u00e4sse wie Hochzeiten oder Feiern<br \/>\n\u2022 F\u00fcr die meisten Standardkerzen (2.2 cm geeignet<br \/>\n\u2022 Kerzenhalter sind mit Samtb\u00f6den ausgestattet zum Schutz vor Verkratzen der M\u00f6bel<\/p>\n","protected":false},"excerpt":{"rendered":"<p>Kerzenst\u00e4nder f\u00fcr Stabkerzen in Kupfer \/ Ros\u00e9gold, 17.5 cm<\/p>\n","protected":false},"featured_media":64599,"template":"","meta":[],"product_brand":[],"product_cat":[104,23,1000,999,909,1179,911,28],"product_tag":[324],"woo-feed-brand":[],"class_list":{"0":"post-64600","1":"product","2":"type-product","3":"status-publish","4":"has-post-thumbnail","6":"product_cat-kerzenhalter","7":"product_cat-home-living","8":"product_cat-valentinstagsdeko","9":"product_cat-valentinstag","10":"product_cat-weihnachten","11":"product_cat-weihnachtsdeko","12":"product_cat-accessoires","13":"product_cat-kerzen-lichter","14":"product_tag-marein-ag","16":"first","17":"instock","18":"taxable","19":"shipping-taxable","20":"purchasable","21":"product-type-simple"},"_links":{"self":[{"href":"https:\/\/fh-staging.vengo.cloud\/de-ch\/wp-json\/wp\/v2\/product\/64600","targetHints":{"allow":["GET"]}}],"collection":[{"href":"https:\/\/fh-staging.vengo.cloud\/de-ch\/wp-json\/wp\/v2\/product"}],"about":[{"href":"https:\/\/fh-staging.vengo.cloud\/de-ch\/wp-json\/wp\/v2\/types\/product"}],"wp:featuredmedia":[{"embeddable":true,"href":"https:\/\/fh-staging.vengo.cloud\/de-ch\/wp-json\/wp\/v2\/media\/64599"}],"wp:attachment":[{"href":"https:\/\/fh-staging.vengo.cloud\/de-ch\/wp-json\/wp\/v2\/media?parent=64600"}],"wp:term":[{"taxonomy":"product_brand","embeddable":true,"href":"https:\/\/fh-staging.vengo.cloud\/de-ch\/wp-json\/wp\/v2\/product_brand?post=64600"},{"taxonomy":"product_cat","embeddable":true,"href":"https:\/\/fh-staging.vengo.cloud\/de-ch\/wp-json\/wp\/v2\/product_cat?post=64600"},{"taxonomy":"product_tag","embeddable":true,"href":"https:\/\/fh-staging.vengo.cloud\/de-ch\/wp-json\/wp\/v2\/product_tag?post=64600"},{"taxonomy":"woo-feed-brand","embeddable":true,"href":"https:\/\/fh-staging.vengo.cloud\/de-ch\/wp-json\/wp\/v2\/woo-feed-brand?post=64600"}],"curies":[{"name":"wp","href":"https:\/\/api.w.org\/{rel}","templated":true}]}}