{"id":64565,"date":"2025-10-13T15:25:42","date_gmt":"2025-10-13T13:25:42","guid":{"rendered":"https:\/\/fh-staging.vengo.cloud\/de-ch\/p\/laterne-schwarz-41cm"},"modified":"2026-01-05T14:03:54","modified_gmt":"2026-01-05T13:03:54","slug":"laterne-schwarz-41cm","status":"publish","type":"product","link":"https:\/\/fh-staging.vengo.cloud\/de-ch\/p\/laterne-schwarz-41cm","title":{"rendered":"Laterne, schwarz, 41cm"},"content":{"rendered":"<p>Diese Laterne mit ihren filigranen Stanzungen im schwarzen Metall sorgt f\u00fcr besonders sch\u00f6nes Kerzenlicht. Der goldene Henkel rundet die Laterne h\u00fcbsch ab. Sie ist in zwei Gr\u00f6ssen erh\u00e4ltlich und wirkt besonders sch\u00f6n in der Kombination.<\/p>\n<p>\u2022 Geeignet f\u00fcr kleine und grosse Kerzen<br \/>\n\u2022 Durch die Stanzung gibt es ein wundersch\u00f6nes Licht<br \/>\n\u2022 Kann aufgeh\u00e4ngt werden oder auch als Boden Dekoration taugen<br \/>\n\u2022 Masse: H 41 cm x D 30 cm<\/p>\n","protected":false},"excerpt":{"rendered":"<p>Laterne mit zierlichen Stanzungen und goldenem Henkel, 41 cm<\/p>\n","protected":false},"featured_media":64564,"template":"","meta":[],"product_brand":[],"product_cat":[108,23,28,34,35],"product_tag":[324],"woo-feed-brand":[],"class_list":{"0":"post-64565","1":"product","2":"type-product","3":"status-publish","4":"has-post-thumbnail","6":"product_cat-lichterketten-laternen","7":"product_cat-home-living","8":"product_cat-kerzen-lichter","9":"product_cat-garten-balkon","10":"product_cat-gartendeko","11":"product_tag-marein-ag","13":"first","14":"instock","15":"taxable","16":"shipping-taxable","17":"purchasable","18":"product-type-simple"},"_links":{"self":[{"href":"https:\/\/fh-staging.vengo.cloud\/de-ch\/wp-json\/wp\/v2\/product\/64565","targetHints":{"allow":["GET"]}}],"collection":[{"href":"https:\/\/fh-staging.vengo.cloud\/de-ch\/wp-json\/wp\/v2\/product"}],"about":[{"href":"https:\/\/fh-staging.vengo.cloud\/de-ch\/wp-json\/wp\/v2\/types\/product"}],"wp:featuredmedia":[{"embeddable":true,"href":"https:\/\/fh-staging.vengo.cloud\/de-ch\/wp-json\/wp\/v2\/media\/64564"}],"wp:attachment":[{"href":"https:\/\/fh-staging.vengo.cloud\/de-ch\/wp-json\/wp\/v2\/media?parent=64565"}],"wp:term":[{"taxonomy":"product_brand","embeddable":true,"href":"https:\/\/fh-staging.vengo.cloud\/de-ch\/wp-json\/wp\/v2\/product_brand?post=64565"},{"taxonomy":"product_cat","embeddable":true,"href":"https:\/\/fh-staging.vengo.cloud\/de-ch\/wp-json\/wp\/v2\/product_cat?post=64565"},{"taxonomy":"product_tag","embeddable":true,"href":"https:\/\/fh-staging.vengo.cloud\/de-ch\/wp-json\/wp\/v2\/product_tag?post=64565"},{"taxonomy":"woo-feed-brand","embeddable":true,"href":"https:\/\/fh-staging.vengo.cloud\/de-ch\/wp-json\/wp\/v2\/woo-feed-brand?post=64565"}],"curies":[{"name":"wp","href":"https:\/\/api.w.org\/{rel}","templated":true}]}}