{"id":64559,"date":"2025-10-13T15:25:32","date_gmt":"2025-10-13T13:25:32","guid":{"rendered":"https:\/\/fh-staging.vengo.cloud\/de-ch\/p\/scandi-vase-gerillt-grau"},"modified":"2026-01-05T14:05:18","modified_gmt":"2026-01-05T13:05:18","slug":"scandi-vase-gerillt-grau-2","status":"publish","type":"product","link":"https:\/\/fh-staging.vengo.cloud\/de-ch\/p\/scandi-vase-gerillt-grau-2","title":{"rendered":"Scandi Vase, gerillt, grau"},"content":{"rendered":"<p>Moderne Vase in Weiss in puristischem Stil mit leichtem, braunen Brennmuster und glatter Oberfl\u00e4che. Diese schlichte Vase f\u00fcgt sich wunderbar in jedes Zuhause und ist in zwei Gr\u00f6ssen erh\u00e4ltlich, wodurch besonders sch\u00f6ne Kombinationen entstehen.<\/p>\n<p>\u2022 Hochwertiges, langlebiges Steingut mit feinem Brennmuster<br \/>\n\u2022 Ideal f\u00fcr Schnittblumen, getrocknete Blumen oder Dekorationen<br \/>\n\u2022 Hochwertiges Steingut mit feinem Brennmuster<br \/>\n\u2022 Fasst 700ml Fl\u00fcssigkeit<br \/>\n\u2022 \u00d6ffnung 7.5 cm, Durchmesser 8.5 cm, Dicke 0.5cm, H\u00f6he 16 cm<\/p>\n","protected":false},"excerpt":{"rendered":"<p>Keramikvase im Scandi Stil mit Rillen und feinem Brennmuster, 8.5 x 16 cm<\/p>\n","protected":false},"featured_media":64558,"template":"","meta":[],"product_brand":[],"product_cat":[27,23,984,994,1197],"product_tag":[324],"woo-feed-brand":[],"class_list":{"0":"post-64559","1":"product","2":"type-product","3":"status-publish","4":"has-post-thumbnail","6":"product_cat-vasen-gefaesse","7":"product_cat-home-living","8":"product_cat-silvester","9":"product_cat-silvestertisch","10":"product_cat-vasen","11":"product_tag-marein-ag","13":"first","14":"instock","15":"taxable","16":"shipping-taxable","17":"purchasable","18":"product-type-simple"},"_links":{"self":[{"href":"https:\/\/fh-staging.vengo.cloud\/de-ch\/wp-json\/wp\/v2\/product\/64559","targetHints":{"allow":["GET"]}}],"collection":[{"href":"https:\/\/fh-staging.vengo.cloud\/de-ch\/wp-json\/wp\/v2\/product"}],"about":[{"href":"https:\/\/fh-staging.vengo.cloud\/de-ch\/wp-json\/wp\/v2\/types\/product"}],"wp:featuredmedia":[{"embeddable":true,"href":"https:\/\/fh-staging.vengo.cloud\/de-ch\/wp-json\/wp\/v2\/media\/64558"}],"wp:attachment":[{"href":"https:\/\/fh-staging.vengo.cloud\/de-ch\/wp-json\/wp\/v2\/media?parent=64559"}],"wp:term":[{"taxonomy":"product_brand","embeddable":true,"href":"https:\/\/fh-staging.vengo.cloud\/de-ch\/wp-json\/wp\/v2\/product_brand?post=64559"},{"taxonomy":"product_cat","embeddable":true,"href":"https:\/\/fh-staging.vengo.cloud\/de-ch\/wp-json\/wp\/v2\/product_cat?post=64559"},{"taxonomy":"product_tag","embeddable":true,"href":"https:\/\/fh-staging.vengo.cloud\/de-ch\/wp-json\/wp\/v2\/product_tag?post=64559"},{"taxonomy":"woo-feed-brand","embeddable":true,"href":"https:\/\/fh-staging.vengo.cloud\/de-ch\/wp-json\/wp\/v2\/woo-feed-brand?post=64559"}],"curies":[{"name":"wp","href":"https:\/\/api.w.org\/{rel}","templated":true}]}}